{"id":10,"date":"2016-01-18T23:15:23","date_gmt":"2016-01-18T23:15:23","guid":{"rendered":"http:\/\/www.epilepsiahoy.com\/site\/?page_id=10"},"modified":"2021-05-05T15:46:56","modified_gmt":"2021-05-05T15:46:56","slug":"consultorio","status":"publish","type":"page","link":"http:\/\/www.epilepsiahoy.com\/site\/consultorio\/","title":{"rendered":"Consultorio"},"content":{"rendered":"\n<p class=\"body\"><span style=\"color: #000000; font-family: Arial;\">Nuestro grupo de <b>m\u00e9dicos especialistas<\/b> tendr\u00e1 mucho gusto en responder a sus peguntas y comentarios.<\/span><\/p>\n\n\n\n<p><strong>Dra. Lilia N\u00fa\u00f1ez Orozco<\/strong><\/p>\n\n\n\n<ul><li>Neur\u00f3loga<\/li><li>Jefe del Servicio de Neurolog\u00eda del CMN 20 de Noviembre, ISSSTE. Cd. de M\u00e9xico desde 1991<\/li><li>Profesora Titular del Posgrado de Neurolog\u00eda, UNAM desde 1991<\/li><li>Presidenta de la Academia Mexicana de Neurolog\u00eda 2000-2002<\/li><li>Presidenta del Consejo Mexicano de Neurolog\u00eda 2004-2006<\/li><li>Embajadora por la Epilepsia ILAE-IBE desde 2009.<\/li><li>Presidenta del Grupo \u00abAceptaci\u00f3n\u00bb de Epilepsia (GADEP) desde 1991<\/li><li>Presidenta del Cap\u00edtulo Mexicano del Bur\u00f3 Internacional para la Epilepsia\u00a0desde 1993<\/li><li>Presidenta del Comit\u00e9 Latinoamericano del Bur\u00f3 Internacional para la Epilepsia 2005-2013<\/li><li>Vicepresidenta por Latinoam\u00e9rica en el Comit\u00e9 Ejecutivo Internacional del Bur\u00f3 Internacional para la Epilepsia 2011-2017<\/li><\/ul>\n\n\n\n<p class=\"has-text-align-center\"><span style=\"color: #000000;\"><span style=\"font-family: Arial;\"><a style=\"color: #000000;\" href=\"mailto:lilianuor@yahoo.com%20\"><br><\/a><b>P\u00f3ngase en contacto con nosotros en este&nbsp;formulario<\/b><\/span><\/span><\/p>\n\n\n\n<p class=\"has-text-align-center\"><div role=\"form\" class=\"wpcf7\" id=\"wpcf7-f75-o1\" lang=\"es-ES\" dir=\"ltr\">\n<div class=\"screen-reader-response\"><p role=\"status\" aria-live=\"polite\" aria-atomic=\"true\"><\/p> <ul><\/ul><\/div>\n<form action=\"\/site\/wp-json\/wp\/v2\/pages\/10#wpcf7-f75-o1\" method=\"post\" class=\"wpcf7-form init\" novalidate=\"novalidate\" data-status=\"init\">\n<div style=\"display: none;\">\n<input type=\"hidden\" name=\"_wpcf7\" value=\"75\" \/>\n<input type=\"hidden\" name=\"_wpcf7_version\" value=\"5.4.1\" \/>\n<input type=\"hidden\" name=\"_wpcf7_locale\" value=\"es_ES\" \/>\n<input type=\"hidden\" name=\"_wpcf7_unit_tag\" value=\"wpcf7-f75-o1\" \/>\n<input type=\"hidden\" name=\"_wpcf7_container_post\" value=\"0\" \/>\n<input type=\"hidden\" name=\"_wpcf7_posted_data_hash\" value=\"\" \/>\n<input type=\"hidden\" name=\"_wpcf7_recaptcha_response\" value=\"\" \/>\n<\/div>\n<p>Nombre (requerido)<br \/>\n    <span class=\"wpcf7-form-control-wrap your-name\"><input type=\"text\" name=\"your-name\" value=\"\" size=\"40\" class=\"wpcf7-form-control wpcf7-text wpcf7-validates-as-required\" aria-required=\"true\" aria-invalid=\"false\" \/><\/span> <\/p>\n<p>Correo electr\u00f3nico (requerido)<br \/>\n    <span class=\"wpcf7-form-control-wrap your-email\"><input type=\"email\" name=\"your-email\" value=\"\" size=\"40\" class=\"wpcf7-form-control wpcf7-text wpcf7-email wpcf7-validates-as-required wpcf7-validates-as-email\" aria-required=\"true\" aria-invalid=\"false\" \/><\/span> <\/p>\n<p>Ciudad donde vive<br \/>\n    <span class=\"wpcf7-form-control-wrap your-subject\"><input type=\"text\" name=\"your-subject\" value=\"\" size=\"40\" class=\"wpcf7-form-control wpcf7-text\" aria-invalid=\"false\" \/><\/span> <\/p>\n<p>Mensaje<br \/>\n    <span class=\"wpcf7-form-control-wrap your-message\"><textarea name=\"your-message\" cols=\"40\" rows=\"10\" class=\"wpcf7-form-control wpcf7-textarea\" aria-invalid=\"false\"><\/textarea><\/span> <\/p>\n<p><input type=\"submit\" value=\"Enviar\" class=\"wpcf7-form-control wpcf7-submit\" \/><\/p>\n<br \/>\n<div class=\"wpcf7-response-output\" aria-hidden=\"true\"><\/div><\/form><\/div>\n","protected":false},"excerpt":{"rendered":"<p>Nuestro grupo de m\u00e9dicos especialistas tendr\u00e1 mucho gusto en responder a sus peguntas y comentarios. Dra. Lilia N\u00fa\u00f1ez Orozco Neur\u00f3loga Jefe del Servicio de Neurolog\u00eda del CMN 20 de Noviembre, ISSSTE. Cd. de M\u00e9xico desde 1991 Profesora Titular del Posgrado de Neurolog\u00eda, UNAM desde 1991 Presidenta de la Academia Mexicana de Neurolog\u00eda 2000-2002 Presidenta del &hellip;<\/p>\n<p class=\"read-more\"> <a class=\"\" href=\"http:\/\/www.epilepsiahoy.com\/site\/consultorio\/\"> <span class=\"screen-reader-text\">Consultorio<\/span> Leer m\u00e1s &raquo;<\/a><\/p>\n","protected":false},"author":1,"featured_media":0,"parent":0,"menu_order":0,"comment_status":"closed","ping_status":"closed","template":"","meta":[],"_links":{"self":[{"href":"http:\/\/www.epilepsiahoy.com\/site\/wp-json\/wp\/v2\/pages\/10"}],"collection":[{"href":"http:\/\/www.epilepsiahoy.com\/site\/wp-json\/wp\/v2\/pages"}],"about":[{"href":"http:\/\/www.epilepsiahoy.com\/site\/wp-json\/wp\/v2\/types\/page"}],"author":[{"embeddable":true,"href":"http:\/\/www.epilepsiahoy.com\/site\/wp-json\/wp\/v2\/users\/1"}],"replies":[{"embeddable":true,"href":"http:\/\/www.epilepsiahoy.com\/site\/wp-json\/wp\/v2\/comments?post=10"}],"version-history":[{"count":15,"href":"http:\/\/www.epilepsiahoy.com\/site\/wp-json\/wp\/v2\/pages\/10\/revisions"}],"predecessor-version":[{"id":1092,"href":"http:\/\/www.epilepsiahoy.com\/site\/wp-json\/wp\/v2\/pages\/10\/revisions\/1092"}],"wp:attachment":[{"href":"http:\/\/www.epilepsiahoy.com\/site\/wp-json\/wp\/v2\/media?parent=10"}],"curies":[{"name":"wp","href":"https:\/\/api.w.org\/{rel}","templated":true}]}}