{"id":108,"date":"2016-02-24T22:10:08","date_gmt":"2016-02-24T22:10:08","guid":{"rendered":"http:\/\/www.epilepsiahoy.com\/site\/?page_id=108"},"modified":"2021-04-13T18:49:20","modified_gmt":"2021-04-13T18:49:20","slug":"la-epilepsia-en-mi-vida","status":"publish","type":"page","link":"http:\/\/www.epilepsiahoy.com\/site\/la-epilepsia-en-mi-vida\/","title":{"rendered":"La epilepsia en mi vida"},"content":{"rendered":"<div align=\"justify\">\n<div align=\"left\">\n<p>Tengo 34 a\u00f1os y 32 de tener epilepsia.<\/p>\n<\/div>\n<\/div>\n<p class=\"body\" align=\"justify\"><span style=\"color: #333300; font-family: Arial;\"><br \/>\nCuando tuve la primera crisis el doctor que me atendi\u00f3 me recet\u00f3 fenobarbital y les dijo a mis pap\u00e1s que yo no iba a ser una ni\u00f1a normal, que todo el tiempo iba a depender de ellos y por lo tanto me tendr\u00edan que CUIDAR TODA LA VIDA. A mis pap\u00e1s no les gust\u00f3 lo que les dijo el doctor y a ra\u00edz de eso yo recuerdo que me la pasaba consultando con diferentes doctores en diferentes ciudades (M\u00e9xico, Orizaba y Monterrey).<\/span><\/p>\n<p class=\"body\" align=\"justify\"><span style=\"color: #333300; font-family: Arial;\">A ra\u00edz de que me diagnosticaron Epilepsia, mis pap\u00e1s siempre se preocuparon por m\u00ed, viv\u00edan con la incertidumbre de cu\u00e1ndo me iba a poner mal y por lo tanto me sobreprotegieron. Mi mam\u00e1 viv\u00eda mortificada pensando que iba a ser de m\u00ed cuando estuviera grande.<\/p>\n<p>En la casa la palabra<strong> Epilepsia<\/strong> era impronunciable. No se hablaba de ella, pero siempre la he tenido clavada en lo m\u00e1s hondo de m\u00ed.<\/span><\/p>\n<p class=\"body\" align=\"justify\"><span style=\"color: #333300; font-family: Arial;\">A lo largo de estos 32 a\u00f1os he tenido en promedio de 2 convulsiones por a\u00f1o. Esto es incierto ya que hab\u00eda veces que me daban varias seguidas en un d\u00eda y pasaba a\u00f1os y no ten\u00eda ninguna.<\/p>\n<p>Tom\u00e9 muchos medicamentos, entre otros Tegretol, Epamin, Fenobarbital, Leptitl\u00e1n, etc.<\/p>\n<p>Cuando ten\u00eda 4 a\u00f1os me dio un ataque tan fuerte que me internaron en el hospital y los doctores le dijeron a mi pap\u00e1 que yo estaba tan grave que no pasar\u00eda la noche.<\/p>\n<p>Como pudo, mi pap\u00e1 se meti\u00f3 a donde yo estaba, me habl\u00f3 muy suavecito y me dijo: \u201cHijita, v\u00e1monos a la casa, despierta, todos te queremos. Yo aqu\u00ed estoy contigo, \u00a1No te vayas!.<\/p>\n<p>Entonces empec\u00e9 a reaccionar y volv\u00ed en m\u00ed. Los doctores no se explicaban lo que hab\u00eda pasado, pues hab\u00edan dicho que si no reaccionaba me morir\u00eda.<\/span><\/p>\n<p class=\"body\" align=\"justify\"><span style=\"color: #333300; font-family: Arial;\">En la escuela era la RARA, a la que ten\u00edan que cuidar y mis hermanas peque\u00f1as siempre estaban al pendiente de m\u00ed.<\/p>\n<p>Cuando estaba en la secundaria un maestro de Educaci\u00f3n F\u00edsica nos puso a correr y lleg\u00f3 un momento en el cual yo ya no pod\u00eda m\u00e1s. Me detuve y le dije que yo ya no pod\u00eda seguir. La contestaci\u00f3n fue: \u201cNo deb\u00edas haberte parado: de castigo seguir\u00e1s corriendo\u201d. Corr\u00ed, pero mi cuerpo ya no pod\u00eda m\u00e1s. Por fin se acab\u00f3 la clase y en el momento que \u00edbamos en el carro de la escuela a mi casa, me dio un ataque horrible. Estuve en el hospital y a ra\u00edz de eso no volv\u00ed a participar en la clase de deportes.<\/p>\n<p>Cuando termin\u00e9 la secundaria ven\u00eda lo m\u00e1s duro \u00bfQu\u00e9 iba a hacer? \u00bfIba a seguir estudiando?<br \/>\nMi mam\u00e1 no quer\u00eda que estudiara, porque pensaba que no era posible que anduviera sola de sal\u00f3n en sal\u00f3n y sin tener un maestro que entendiera mi problema.<\/p>\n<p>Aparte, \u00bfiba a poder estudiar? \u00bfPodr\u00eda sacar adelante la Prepa?.<\/p>\n<p>Mi pap\u00e1 quer\u00eda que yo estudiara, as\u00ed que entonces vino la pol\u00e9mica, casi creo que mis pap\u00e1s se la jugaron en un volado y claro, mi padre gan\u00f3 y me dijo: \u201cVas a entrar a la Preparatoria y si apruebas todas las materias del primer tetramestre contin\u00faas estudiando y si no, luego veremos que podremos hacer \u201c.<\/p>\n<p>Con esa condici\u00f3n y a pesar de la preocupaci\u00f3n de mi mam\u00e1, ingres\u00e9 a la Preparatoria. Para m\u00ed fue un mundo diferente y desde luego, empec\u00e9 con mucho miedo porque antes estuve siempre acompa\u00f1ada de alg\u00fan miembro de la familia y ahora, estaba sola enfrent\u00e1ndome a m\u00ed misma. A fin de cuentas acab\u00e9 la Preparatoria pero ven\u00eda lo m\u00e1s duro: decidir qu\u00e9 iba a estudiar.<\/p>\n<p>Desde que era peque\u00f1a siempre dec\u00eda que iba a estudiar Medicina. Cuando se los dije a mis pap\u00e1s no me dejaron. La contestaci\u00f3n fue: \u201cNo te puedes desvelar, tienes que estudiar mucho y no vas a poder. Adem\u00e1s tienes que irte a la Universidad de Nuevo Le\u00f3n, que es un monstruo de escuela y all\u00ed no vamos a tener control de ti (siempre estudi\u00e9 en escuelas privadas)\u201d. Mi segunda opci\u00f3n era Psicolog\u00eda, pero tampoco quisieron y me dieron m\u00e1s o menos las mismas razones. La tercera opci\u00f3n fue Turismo. Mi Mam\u00e1 puso el grito en el cielo, me dijo: \u201cNo, porque vas a tener que viajar mucho y t\u00fa no puedes andar sola\u201d.<\/p>\n<p>Me sent\u00ed frustrada, no quer\u00eda saber nada, pues para todo lo que yo quer\u00eda hacer estaba siempre limitada y siempre o\u00eda la famosa frase <strong>\u201cTU NO\u201d<\/strong>. Me arm\u00e9 de valor y les dije que iba a estudiar Turismo, ya que pod\u00eda hacerlo en la Universidad Regiomontana, lugar donde curs\u00e9 la Preparatoria, es una escuela peque\u00f1a y particular y les promet\u00ed que nunca me iba a ir de viaje.<\/p>\n<p>Con esa condici\u00f3n empec\u00e9 a estudiar la Licenciatura en Turismo con especialidad en Alimentos y Bebidas. Cuando estaba estudiando la carrera, organizaron un viaje a Quer\u00e9taro para visitar las Casas Vitivin\u00edcolas Martell y Pinz\u00f3n, yo quer\u00eda ir y me dejaron. Era la primera vez en mi vida, a los 18 a\u00f1os d edad, que yo viajaba sin la compa\u00f1\u00eda de alg\u00fan familiar y disfrut\u00e9 mucho ese viaje.<\/p>\n<p>Curs\u00e9 la licenciatura en 3 a\u00f1os. Mis compa\u00f1eros siempre me ve\u00edan dormida y c\u00f3mo no, si me tomaba 16 pastillas al d\u00eda. Siempre rezagada en todo hasta que lleg\u00f3 un momento en que me acostumbr\u00e9.<\/span><\/p>\n<p class=\"body\" align=\"justify\"><span style=\"color: #333300; font-family: Arial;\">Era normal que<br \/>\nMis hermanas tuvieran novio y yo no.<br \/>\nQue mis hermanos manejaran un carro y yo no.<br \/>\nQue mis hermanas tuvieran m\u00e1s amigas y yo no.<br \/>\nQue ellas se desvelaran y yo no.<br \/>\nQue me mandaran a dormir por la tarde (cosa que odiaba)<br \/>\nMe tomara 16 pastillas al d\u00eda.<br \/>\nQue yo siempre dependiera de mis padres para todo.<\/span><\/p>\n<p class=\"body\" align=\"justify\"><span style=\"color: #333300; font-family: Arial;\">Cuando termin\u00e9 la licenciatura regres\u00e9 a casa y estuve trabajando con mi pap\u00e1 en un negocio que ten\u00eda en la casa, pero me aburr\u00ed.<\/p>\n<p>Entonces me pregunt\u00f3 mi pap\u00e1 si quer\u00eda seguir estudiando y le contest\u00e9 que s\u00ed.. Me met\u00ed a estudiar una maestr\u00eda en Administraci\u00f3n con especialidad en Mercadotecnia en la misma Universidad, me mantuve 2 a\u00f1os ocupada, tuve mi novio y estuve apunto de casarme con \u00e9l, pero de la nada se desapareci\u00f3. Su abandono fue un golpe muy duro para m\u00ed. Despu\u00e9s, en 1993, se present\u00f3 un problema econ\u00f3mico muy fuerte para mi familia y no hubo otra opci\u00f3n que ponerme a trabajar fuera de casa.<\/p>\n<p>El \u00fanico lugar donde consegu\u00ed trabajo fue en una agencia de viajes donde empec\u00e9 a trabajar con todo el MIEDO E INSEGURIDAD DEL MUNDO. Dur\u00e9 un a\u00f1o all\u00ed y me cambi\u00e9 a otra agencia de viajes, una de las m\u00e1s grandes y prestigiadas de Monterrey. Cuando ten\u00eda 7 meses trabajando all\u00ed, me propusieron enviarme a Espa\u00f1a a un curso. Cuando les dije a mis pap\u00e1s les dio el \u201cpatat\u00fas\u201d. No quer\u00edan que yo fuera \u00a1sola!. Despu\u00e9s de muchas negociaciones con ellos (yo ya ten\u00eda 25 a\u00f1os) me dejaron ir; mi mam\u00e1 me persign\u00f3 mil veces, se qued\u00f3 llorando de la preocupaci\u00f3n y me pidi\u00f3 que llegando le llamara. As\u00ed, despu\u00e9s de ese viaje cada a\u00f1o ha habido viajes a otras partes del mundo: Italia, Argentina, Chile, El Caribe, Francia, Inglaterra, Austria, Rep. Checa, Hungr\u00eda, etc.<\/p>\n<p>Hoy 10 a\u00f1os y medio despu\u00e9s que empec\u00e9 a trabajar, mi mam\u00e1 ya se acostumbr\u00f3, ya no se preocupa tanto y le encanta que conozca tantos lugares.<\/span><\/p>\n<p class=\"body\" align=\"justify\"><span style=\"color: #333300; font-family: Arial;\">Hace 3 a\u00f1os y medio me cambi\u00e9 de trabajo, donde gano m\u00e1s que en el anterior (sigo en agencia de viajes) y decid\u00ed aprender a conducir un autom\u00f3vil. A escondidas de mis pap\u00e1s y con 31 a\u00f1os de edad, tom\u00e9 las clases de manejo. Cuando les mostr\u00e9 a mis pap\u00e1s la licencia de conducir, a mi mam\u00e1 casi le da un \u201c ataque chino\u201d. Adem\u00e1s les dije \u201cTengo dinero ahorrado y voy a comprarme un carro\u201d. Hubo una revoluci\u00f3n en mi casa. No quer\u00edan, todos se preocuparon mucho, pero a\u00fan as\u00ed lo compr\u00e9.<br \/>\nHoy , 3a\u00f1os despu\u00e9s ya se acostumbraron a que maneje y hay un trato con ellos: el d\u00eda que no me siento bien o que no dorm\u00ed bien, no manejo y ellos me llevan y me traen a cualquier parte.<\/span><\/p>\n<p class=\"body\" align=\"justify\"><span style=\"color: #333300; font-family: Arial;\"><br \/>\nEn fin, esta ha sido mi vida.<\/span><\/p>\n<p class=\"body\" align=\"justify\"><span style=\"color: #333300; font-family: Arial;\">Hablando de doctores, como dec\u00eda, me la pas\u00e9 visitando a muchos, hasta que mis pap\u00e1s dieron con el Dr. Ra\u00fal Calder\u00f3n Gonz\u00e1lez (Q.E.P.D) quien me trat\u00f3 por m\u00e1s de 23 a\u00f1os en el CENNA (Centro Neurol\u00f3gico para Ni\u00f1os y Adolescentes ) aqu\u00ed en Monterrey.<\/p>\n<p>A \u00e9l le debo lo que soy, porque \u00e9l aplic\u00f3 en m\u00ed todos sus conocimientos para sacarme adelante.<\/p>\n<p>\u00c9l combin\u00f3 diferentes dosis de Leptitl\u00e1n y Tegretol para poder bajarme el fenobarbital hasta quit\u00e1rmelo al 100%. El tambi\u00e9n le aconsej\u00f3 a mis pap\u00e1s que me dejaran estudiar, me vio crecer y desarrollarme; me quit\u00f3 el Leptil\u00e1n cuando le dije que me iba a casar y me dej\u00f3 \u00fanicamente con 6 pastillas de Tegretol al d\u00eda. Se puso muy contento y luego me vio llorar, sentirme mal y me consol\u00f3 cuando le dije que no me casaba, me dio \u00e1nimos para seguir adelante y siempre estuvo dispuesto a ayudar. Tambi\u00e9n se sorprendi\u00f3 y se ri\u00f3 cuando le dije que andaba manejando y que YO SOLA me hab\u00eda bajado la dosis del Tegretol a una pastilla por la noche. Me dijo: \u201cSi quieres seguir manejando t\u00f3mate adem\u00e1s 1 por la ma\u00f1ana.\u201d<\/span><\/p>\n<p class=\"body\" align=\"justify\"><span style=\"color: #333300; font-family: Arial;\">El 3 de enero del presente a\u00f1o me avis\u00f3 mi pap\u00e1 que el Dr. Calder\u00f3n hab\u00eda fallecido y que hab\u00eda una misa. No cre\u00eda lo que me dec\u00edan, no par\u00e9 de llorar y me fui directo a la misa.<\/p>\n<p>Le doy gracias a Dios por haber puesto al Dr. Calder\u00f3n en mi camino, ya que gracias a su dedicaci\u00f3n, entrega y conocimiento me hizo una mujer de bien. El Dr. Calder\u00f3n fue y seguir\u00e1 siendo un \u00e1ngel para m\u00ed.<\/p>\n<p>Ahora consulto con su hijo y es fecha que voy y se me salen las l\u00e1grimas de la nostalgia que siento al llegar all\u00ed. \u00a1Dios lo tenga en Paz!.<\/span><\/p>\n<p class=\"body\" align=\"justify\"><span style=\"color: #333300; font-family: Arial;\">Hace poco me coment\u00f3 mi mam\u00e1: \u201cQuisiera ver al primer doctor que te atendi\u00f3 en la primera crisis y que nos dijo que no ibas a ser una persona normal y decirle: Mire doctor, aqu\u00ed est\u00e1 mi hija. Es una persona normal, trabaja, hace su vida y no es una inv\u00e1lida como usted lo pronostic\u00f3 hace 32 a\u00f1os\u201d.<br \/>\nSe nos salieron las l\u00e1grimas a las dos y luego nos re\u00edmos.<\/span><\/p>\n<p class=\"body\" align=\"justify\"><span style=\"color: #333300; font-family: Arial;\">La Epilepsia ha sido para m\u00ed una lucha constante, a veces estoy arriba y a veces abajo. Esta semana me la pas\u00e9 llorando. Guillermo Alvarez me escuch\u00f3 y me ayud\u00f3 mucho con todo lo que me dijo.<\/p>\n<p>Pienso que la Epilepsia es para m\u00ed como un barco en el que a veces estoy navegando bien y otras veces se me hunde, pero siempre salgo adelante.<\/span><\/p>\n<p class=\"body\" align=\"justify\"><span style=\"color: #333300; font-family: Arial;\">Por \u00faltimo mi m\u00e1s sincero agradecimiento a mis padres y hermanos ya, que sin su ayuda, coraje, dedicaci\u00f3n , comprensi\u00f3n y amor no ser\u00eda lo que soy y no estar\u00eda donde estoy ahora.<\/span><\/p>\n<p class=\"body\" align=\"left\"><span style=\"color: #333300; font-family: Arial;\">Gracias<\/span><\/p>\n<p class=\"body\" align=\"left\"><span style=\"color: #333300; font-family: Arial;\">Lic. Eugenia Garza Padilla<\/span><\/p>\n<p class=\"body\" align=\"left\"><span style=\"color: #333300; font-family: Arial;\"><br \/>\nGarza Garc\u00eda, Nuevo Le\u00f3n, 8 de Noviembre de 2003<\/span><\/p>\n<p class=\"body\" align=\"right\"><span style=\"color: #333300; font-family: Arial;\"><em>Agradecemos mucho que Eugenia haya compartido<br \/>\ncon nosotros sus vivencias, sus experiencias buena y malas,<br \/>\nque la han hecho una gran mujer<br \/>\ny un ejemplo a seguir<\/em><\/span><\/p>\n<p class=\"body\" align=\"right\">\n<p class=\"body\" style=\"text-align: center;\" align=\"right\">&#8212;&#8212;&#8212;&#8212;&#8212;&#8212;&#8212;&#8212;&#8212;&#8211;<\/p>\n<p class=\"body\" style=\"text-align: center;\" align=\"right\">\n<p class=\"body\" align=\"justify\"><span style=\"color: #333300; font-family: Arial;\">La Epilepsia se hizo presente en mi a la edad de 22 meses. Por lo tanto la tengo muy dentro de mi. Ha sido parte de mi vida, personalidad, limitaciones y tambi\u00e9n creo, de mis virtudes.A lo largo de mi vida:\u2022 He luchado con ella y contra ella.<br \/>\n\u2022 He renegado de ella.<br \/>\n\u2022 He sido insegura por ella.<br \/>\n\u2022 Hab\u00eda vivido en un mundo irreal por ella.<br \/>\n\u2022 Hab\u00eda vivido con la creencia de merecerme muchas cosas y no merecerme otras.<br \/>\n\u2022 Hab\u00eda vivido dormida por ella.<br \/>\n\u2022 Hab\u00eda dejado de vivir una vida normal<br \/>\n\u2022 Estuve a punto de morir por ella.Digo virtudes ya que soy una persona muy tranquila y paciente.Tambi\u00e9n us\u00e9 la Epilepsia como un escudo personal que nunca fallaba:Si me encontraba en un problema o en una situaci\u00f3n que no me gustaba lo m\u00e1s f\u00e1cil era HUIR a ese mundo al que yo \u00fanicamente pod\u00eda entrar y nadie me molestaba y claro me daba un ataque horrible que si bien me iba, me dejaba tumbada y dormida por varias horas en mi casa o en el hospital.<br \/>\nHasta que un d\u00eda me hice consciente de lo que esto significaba.As\u00ed que hace unos a\u00f1os me enfrent\u00e9 a m\u00ed misma y decid\u00ed cambiar y dejar de vivir de esa manera.<br \/>\nAhora:\u2022 Me intereso m\u00e1s en ella y en mi misma.<br \/>\n\u2022 La lucha no es contra ella, sino conmigo misma para afrontarla y sacarla de la sombra de mi vida.<br \/>\n\u2022 Estoy despertando a una nueva vida.<br \/>\n\u2022 Estoy entrando al mundo real.<br \/>\n\u2022 Quiero VIVIR una vida normal.El camino de 32 a\u00f1os no ha sido f\u00e1cil, hubo \u00e9pocas en las que me sent\u00eda muy mal frecuentemente y con el paso del tiempo fu\u00ed mejorando.<br \/>\nLa fe en Dios, as\u00ed como el amor, la entrega y la constancia de mis padres y hermanos me han ayudado para salir adelante, as\u00ed como la sabidur\u00eda del Dr. Ra\u00fal Calder\u00f3n Gonz\u00e1lez (Q.E.P.D.) quien con los diferentes medicamentos y dosis me trat\u00f3 por 22 a\u00f1os y me sac\u00f3 adelante.Hoy en d\u00eda la Epilepsia est\u00e1 controlada gracias al medicamento.<br \/>\nQuiero vivir una vida normal, pero depende de m\u00ed ya que NADIE HAR\u00c1 NADA POR MI<br \/>\nM\u00c1S QUE YO MISMA.<\/span><\/p>\n<p class=\"body\" align=\"justify\"><span style=\"color: #333300; font-family: Arial;\"><br \/>\nEugenia Garza Padilla<\/span><\/p>\n","protected":false},"excerpt":{"rendered":"<p>Tengo 34 a\u00f1os y 32 de tener epilepsia. Cuando tuve la primera crisis el doctor que me atendi\u00f3 me recet\u00f3 fenobarbital y les dijo a mis pap\u00e1s que yo no iba a ser una ni\u00f1a normal, que todo el tiempo iba a depender de ellos y por lo tanto me tendr\u00edan que CUIDAR TODA LA &hellip;<\/p>\n<p class=\"read-more\"> <a class=\"\" href=\"http:\/\/www.epilepsiahoy.com\/site\/la-epilepsia-en-mi-vida\/\"> <span class=\"screen-reader-text\">La epilepsia en mi vida<\/span> Leer m\u00e1s &raquo;<\/a><\/p>\n","protected":false},"author":2,"featured_media":0,"parent":0,"menu_order":0,"comment_status":"closed","ping_status":"closed","template":"","meta":[],"_links":{"self":[{"href":"http:\/\/www.epilepsiahoy.com\/site\/wp-json\/wp\/v2\/pages\/108"}],"collection":[{"href":"http:\/\/www.epilepsiahoy.com\/site\/wp-json\/wp\/v2\/pages"}],"about":[{"href":"http:\/\/www.epilepsiahoy.com\/site\/wp-json\/wp\/v2\/types\/page"}],"author":[{"embeddable":true,"href":"http:\/\/www.epilepsiahoy.com\/site\/wp-json\/wp\/v2\/users\/2"}],"replies":[{"embeddable":true,"href":"http:\/\/www.epilepsiahoy.com\/site\/wp-json\/wp\/v2\/comments?post=108"}],"version-history":[{"count":1,"href":"http:\/\/www.epilepsiahoy.com\/site\/wp-json\/wp\/v2\/pages\/108\/revisions"}],"predecessor-version":[{"id":109,"href":"http:\/\/www.epilepsiahoy.com\/site\/wp-json\/wp\/v2\/pages\/108\/revisions\/109"}],"wp:attachment":[{"href":"http:\/\/www.epilepsiahoy.com\/site\/wp-json\/wp\/v2\/media?parent=108"}],"curies":[{"name":"wp","href":"https:\/\/api.w.org\/{rel}","templated":true}]}}