{"id":112,"date":"2016-02-24T22:12:01","date_gmt":"2016-02-24T22:12:01","guid":{"rendered":"http:\/\/www.epilepsiahoy.com\/site\/?page_id=112"},"modified":"2021-04-13T18:49:20","modified_gmt":"2021-04-13T18:49:20","slug":"la-epilepsia-y-yo-sacar-a-la-epilepsia-de-las-sombras","status":"publish","type":"page","link":"http:\/\/www.epilepsiahoy.com\/site\/la-epilepsia-y-yo-sacar-a-la-epilepsia-de-las-sombras\/","title":{"rendered":"La epilepsia y yo:  sacar a la epilepsia de las sombras"},"content":{"rendered":"<p class=\"body\">Traducci\u00f3n de testimonio enviado por el Cap\u00edtulo del Bur\u00f3 Internacional para la Epilepsia de Taiw\u00e1n.<\/p>\n<p class=\"body\" align=\"center\"><strong>La epilepsia y yo: sacar a la epilepsia de las sombras<br \/>\n<\/strong>por Luna<\/p>\n<p class=\"body\">Yo no s\u00e9 por qu\u00e9 tengo epilepsia ni de d\u00f3nde ha venido. Sin embargo esta imagen ha estado en mi mente por tanto tiempo, que siendo una ni\u00f1a peque\u00f1a despert\u00e9 de una oscuridad total con mucha confusi\u00f3n y disturbios. A mi alrededor hab\u00eda una multitud, y el llanto de mi madre, que siempre me impacta mucho. Mi cabeza me dol\u00eda pero mi coraz\u00f3n era el que estaba realmente lastimado. Crec\u00ed con muchas dudas. Llorar bajo las s\u00e1banas era mi \u00fanica forma de esconderme de toda suerte de injusticias.<\/p>\n<p class=\"body\">\u00bfPor qu\u00e9 soy la \u00fanica en la familia que sufre? \u00bfPor qu\u00e9 el maestro se rindi\u00f3 conmigo? \u00bfPor qu\u00e9 mis compa\u00f1eros de clase se apartan de m\u00ed y me hacen burla? Todo es por la epilepsia. Los comentarios de los maestros en la secundaria iban desde \u201cgentil, diligente, orientada a metas\u201d hasta \u201ccentrada en s\u00ed misma, orgullosa y aislada\u201d. Gradualmente me transform\u00e9 en una persona que no pod\u00eda ser molestada m\u00e1s. Los \u00fanicos sentimientos que recib\u00ed de los dem\u00e1s fueron hostilidad o indiferencia. En casa o en la escuela la presi\u00f3n era tan intensa que decid\u00ed volar, volar lejos de la pesada atm\u00f3sfera que me rodeaba, abandonar la oportunidad de una educaci\u00f3n mejor y disfrutar de la frescura de mi nueva libertad.<\/p>\n<p class=\"body\">Mi primer trabajo fue como obrera en una compa\u00f1\u00eda electr\u00f3nica. La mayor\u00eda de mis compa\u00f1eros eran mujeres y me trataron como a una hermana peque\u00f1a. Algunos se asustaron y huyeron cuando un d\u00eda tuve una crisis en el trabajo. Sin embargo, la mayor\u00eda se acerc\u00f3 a ayudarme y brindarme afecto, preocupaci\u00f3n y apoyo. Adem\u00e1s, la compa\u00f1\u00eda no me pidi\u00f3 que me fuera por mi enfermedad. Me qued\u00e9 por 5 a\u00f1os, fue la \u00e9poca m\u00e1s feliz de mi vida y disfrut\u00e9 de la amistad que nunca hab\u00eda tenido antes. Termin\u00e9 mi bachillerato y finalmente encontr\u00e9 compa\u00f1\u00eda y nunca m\u00e1s tuve que llorar sola. Mis amigos transformaron mi vida en un mundo lleno de color. Todos mis \u201cpor qu\u00e9s\u201d se fueron. Aunque mis crisis vienen a decirme hola de vez en cuando, ya no fui m\u00e1s la ni\u00f1a que lloraba sin esperanza bajo las s\u00e1banas. Derrot\u00e9 mi infortunio con el amor y cuidados de mis amigos. En esa \u00e9poca mi vida alcanz\u00f3 un estado donde yo estaba grandemente satisfecha espiritualmente. Sin embargo, gradualmente descubr\u00ed que aunque el dinero no lo es todo, nada se pod\u00eda hacer sin \u00e9l. Adem\u00e1s, yo quer\u00eda algo m\u00e1s en la vida. Con la ayuda de una amiga, dej\u00e9 mi ciudad natal y empec\u00e9 un Nuevo trabajo en Taipei.<\/p>\n<p class=\"body\">En el nuevo ambiente ya no ten\u00eda la ayuda de mis viejos amigos, la vida era aburrida y rutinaria, pero afortunadamente me pude adaptar a ella. Aunque mi Nuevo trabajo carec\u00eda de diversidad, aprend\u00ed de las experiencias, encontr\u00e9 oportunidades de competir con otros y gan\u00e9 posibilidades de realizar mis sue\u00f1os. En mi mente la meta de mi carrera era todo por lo que ir\u00eda. Fue hace tres a\u00f1os hice el movimiento m\u00e1s importante de mi vida: empec\u00e9 a construir el Castillo de mis sue\u00f1os y trabaj\u00e9 en ello con todo mi coraz\u00f3n.<\/p>\n<p class=\"body\">Al mismo tiempo, conoc\u00ed al Dr. Hsih. Yo era una persona que s\u00f3lo se dedicaba a sus propios asuntos, pero cuando vi c\u00f3mo el Dr. Hsih y la Asociaci\u00f3n de Epilepsia de Taiw\u00e1n se dedicaban a la promoci\u00f3n y el cuidado de personas con epilepsia me conmovi\u00f3 y decid\u00ed unirme al grupo para retribuir todo lo que la sociedad me hab\u00eda dado. Desafortunadamente, mi pesadilla regres\u00f3 justo cuando todo luc\u00eda muy promisorio. El control de mi epilepsia se comprometi\u00f3 temporalmente debido a un cambio de medicaci\u00f3n. Muchas veces regres\u00e9 de la puerta de la muerte. Estaba herida tanto fiscal como psicol\u00f3gicamente. Las incidencias destruyeron mi confianza y rompieron mi sue\u00f1o. Todas mis dudas volvieron de nuevo. \u00bfPor qu\u00e9 la maldita epilepsia no se fue? \u00bfPor qu\u00e9 tengo que volver cuando estoy lista para ir por mi sue\u00f1o? Entonces mir\u00e9 hacia atr\u00e1s. Mi duro trabajo de los a\u00f1os pasados me ha permitido ganar m\u00e1s de lo necesario para una vida promedio. Fue dif\u00edcil para m\u00ed liberarme de los sentimientos de injusticia. Al mirar alrededor, vi gente que sufr\u00eda m\u00e1s de lo que yo sufr\u00ed. Me sent\u00ed afortunada de haber cambiado solo tres veces de empleo y haber tenido cada vez la oportunidad de alcanzar un mejor status. Hab\u00eda trabajado duro y merec\u00eda lo que ganaba. Las monta\u00f1as pueden caer, los amigos pueden alejarse, pero uno mismo es la \u00fanica persona que siempre estar\u00e1 all\u00ed.<\/p>\n<p class=\"body\">Amigos: cuando est\u00e9n atrapados en las aguas agitadas, ustedes mismos son los marineros confiables en su camino al \u00e9xito. \u00a1Vayan por \u00e9l!<\/p>\n","protected":false},"excerpt":{"rendered":"<p>Traducci\u00f3n de testimonio enviado por el Cap\u00edtulo del Bur\u00f3 Internacional para la Epilepsia de Taiw\u00e1n. La epilepsia y yo: sacar a la epilepsia de las sombras por Luna Yo no s\u00e9 por qu\u00e9 tengo epilepsia ni de d\u00f3nde ha venido. Sin embargo esta imagen ha estado en mi mente por tanto tiempo, que siendo una &hellip;<\/p>\n<p class=\"read-more\"> <a class=\"\" href=\"http:\/\/www.epilepsiahoy.com\/site\/la-epilepsia-y-yo-sacar-a-la-epilepsia-de-las-sombras\/\"> <span class=\"screen-reader-text\">La epilepsia y yo:  sacar a la epilepsia de las sombras<\/span> Leer m\u00e1s &raquo;<\/a><\/p>\n","protected":false},"author":2,"featured_media":0,"parent":0,"menu_order":0,"comment_status":"closed","ping_status":"closed","template":"","meta":[],"_links":{"self":[{"href":"http:\/\/www.epilepsiahoy.com\/site\/wp-json\/wp\/v2\/pages\/112"}],"collection":[{"href":"http:\/\/www.epilepsiahoy.com\/site\/wp-json\/wp\/v2\/pages"}],"about":[{"href":"http:\/\/www.epilepsiahoy.com\/site\/wp-json\/wp\/v2\/types\/page"}],"author":[{"embeddable":true,"href":"http:\/\/www.epilepsiahoy.com\/site\/wp-json\/wp\/v2\/users\/2"}],"replies":[{"embeddable":true,"href":"http:\/\/www.epilepsiahoy.com\/site\/wp-json\/wp\/v2\/comments?post=112"}],"version-history":[{"count":1,"href":"http:\/\/www.epilepsiahoy.com\/site\/wp-json\/wp\/v2\/pages\/112\/revisions"}],"predecessor-version":[{"id":113,"href":"http:\/\/www.epilepsiahoy.com\/site\/wp-json\/wp\/v2\/pages\/112\/revisions\/113"}],"wp:attachment":[{"href":"http:\/\/www.epilepsiahoy.com\/site\/wp-json\/wp\/v2\/media?parent=112"}],"curies":[{"name":"wp","href":"https:\/\/api.w.org\/{rel}","templated":true}]}}