{"id":124,"date":"2016-02-24T22:26:20","date_gmt":"2016-02-24T22:26:20","guid":{"rendered":"http:\/\/www.epilepsiahoy.com\/site\/?page_id=124"},"modified":"2021-04-13T18:48:27","modified_gmt":"2021-04-13T18:48:27","slug":"es-posible-formar-una-familia-y-tener-hijos","status":"publish","type":"page","link":"http:\/\/www.epilepsiahoy.com\/site\/es-posible-formar-una-familia-y-tener-hijos\/","title":{"rendered":"\u00bfEs posible formar una familia y tener hijos?"},"content":{"rendered":"<p><span style=\"color: #000000; font-family: Arial;\">No hay motivos para que un paciente de inteligencia normal no viva en pareja, y si se encuentra bien controlado, pueda establecer una familia. Siempre les decimos a nuestras pacientes, que antes de un embarazo, es muy importante plantearle al m\u00e9dico este deseo, a fin de planearlo adecuadamente, y que \u00e9ste pueda ofrecer cuidados especiales y a veces alg\u00fan medicamento con el fin de ofrecer las mejores posibilidades a la pareja, y al nuevo ser. El medico encargado de atender la epilepsia tendr\u00e1 que valorar antes del embarazo si se mantiene el mismo tratamiento o se modifica, dependiendo del control de las crisis antes del embarazo, cabe prever que si la paciente no ha tenido crisis en los \u00faltimos dos o mas a\u00f1os le vaya muy bien en el embarazo, en cambio si ha convulsionado hasta un mes o menos antes del embarazo, es posible que su situaci\u00f3n pueda empeorar en el mismo. Los antiepil\u00e9pticos pueden tener distintas repercusiones en la salud reproductiva, aun as\u00ed su el beneficio de su uso es mayor, pero la enferma y su familia deben estar bien informados. As\u00ed por ejemplo, un medicamento llamado \u00e1cido valproico, es muy \u00fatil y noble en varios tipos de epilepsia de la infancia y la adolescencia, pero su uso durante los tres primeros meses del embarazo puede asociarse con malformaciones en el beb\u00e9 que se est\u00e1 desarrollando. La mujer con epilepsia que se embaraza, requiere de la administraci\u00f3n de una vitamina llamada \u00e1cido f\u00f3lico, para prevenir en la medida de lo posible los efectos sobre el beb\u00e9 en formaci\u00f3n. Es m\u00e1s peligroso para el beb\u00e9 que la madre presente crisis, que los posibles efectos de los antiepil\u00e9pticos, pero la pareja debe estar perfectamente informada que cuando la madre padece epilepsia y requiere de medicamentos antiepil\u00e9pticos el riesgo de malformaciones en el feto aumenta. As\u00ed mismo deben saber que cuando uno de los padres es epil\u00e9ptico, dependiendo del tipo de epilepsia, el riesgo de tener epilepsia es mayor. A pesar de todo esto, en estudios realizados en nuestro pa\u00eds, cuando la pareja acude al m\u00e9dico tempranamente, la madre ha recibido atenci\u00f3n medica oportuna y eficaz y sigue al pie de la letra las indicaciones de su m\u00e9dico que controla la epilepsia, as\u00ed como las del gineco-obstetra que vigila el embarazo, el \u00edndice de \u00e9xito es muy alto, culminando con el nacimiento de un ni\u00f1o sano.<\/span><\/p>\n<p><span style=\"color: #000000; font-family: Arial;\">Es muy triste descubrir que los enfermos prefieran recurrir a \u201cremedios\u201d, dejando su tratamiento m\u00e9dico, quiz\u00e1 porque no han encontrado en su doctor la disponibilidad, o la confianza para establecer una buena relaci\u00f3n, por lo que contar con un m\u00e9dico con el que se entable una excelente relaci\u00f3n es primordial. Cuando el enfermo deja sus medicamentos, abandona la supervisi\u00f3n m\u00e9dica, puede descontrolarse, teniendo muchas crisis, perdiendo la conciencia entre ellas, y presentado un problema que se conoce como estado de mal epil\u00e9ptico, que amerita atenci\u00f3n inmediata en un hospital, inclusive en la terapia intensiva y que a\u00fan en las mejores manos, ocasiona la muerte en muchos enfermos, que por otra parte no tendr\u00edan porque haberlo presentado si hubiesen seguido las instrucciones de su m\u00e9dico.<\/span><\/p>\n","protected":false},"excerpt":{"rendered":"<p>No hay motivos para que un paciente de inteligencia normal no viva en pareja, y si se encuentra bien controlado, pueda establecer una familia. Siempre les decimos a nuestras pacientes, que antes de un embarazo, es muy importante plantearle al m\u00e9dico este deseo, a fin de planearlo adecuadamente, y que \u00e9ste pueda ofrecer cuidados especiales &hellip;<\/p>\n<p class=\"read-more\"> <a class=\"\" href=\"http:\/\/www.epilepsiahoy.com\/site\/es-posible-formar-una-familia-y-tener-hijos\/\"> <span class=\"screen-reader-text\">\u00bfEs posible formar una familia y tener hijos?<\/span> Leer m\u00e1s &raquo;<\/a><\/p>\n","protected":false},"author":2,"featured_media":0,"parent":0,"menu_order":0,"comment_status":"closed","ping_status":"closed","template":"","meta":[],"_links":{"self":[{"href":"http:\/\/www.epilepsiahoy.com\/site\/wp-json\/wp\/v2\/pages\/124"}],"collection":[{"href":"http:\/\/www.epilepsiahoy.com\/site\/wp-json\/wp\/v2\/pages"}],"about":[{"href":"http:\/\/www.epilepsiahoy.com\/site\/wp-json\/wp\/v2\/types\/page"}],"author":[{"embeddable":true,"href":"http:\/\/www.epilepsiahoy.com\/site\/wp-json\/wp\/v2\/users\/2"}],"replies":[{"embeddable":true,"href":"http:\/\/www.epilepsiahoy.com\/site\/wp-json\/wp\/v2\/comments?post=124"}],"version-history":[{"count":1,"href":"http:\/\/www.epilepsiahoy.com\/site\/wp-json\/wp\/v2\/pages\/124\/revisions"}],"predecessor-version":[{"id":125,"href":"http:\/\/www.epilepsiahoy.com\/site\/wp-json\/wp\/v2\/pages\/124\/revisions\/125"}],"wp:attachment":[{"href":"http:\/\/www.epilepsiahoy.com\/site\/wp-json\/wp\/v2\/media?parent=124"}],"curies":[{"name":"wp","href":"https:\/\/api.w.org\/{rel}","templated":true}]}}