{"id":126,"date":"2016-02-24T22:27:42","date_gmt":"2016-02-24T22:27:42","guid":{"rendered":"http:\/\/www.epilepsiahoy.com\/site\/?page_id=126"},"modified":"2021-04-13T18:48:27","modified_gmt":"2021-04-13T18:48:27","slug":"que-hacer-para-que-la-persona-con-epilepsia-lleve-una-vida-normal","status":"publish","type":"page","link":"http:\/\/www.epilepsiahoy.com\/site\/que-hacer-para-que-la-persona-con-epilepsia-lleve-una-vida-normal\/","title":{"rendered":"\u00bfQu\u00e9 hacer para que la persona con epilepsia lleve una vida normal?"},"content":{"rendered":"<p><span style=\"color: #000000; font-family: Arial;\">A trav\u00e9s de la historia, al paciente que padece de epilepsia se le han impuesto varias restricciones innecesarias, se le ha marcado y segregado de la sociedad, debido a que alrededor de la epilepsia existen muchos mitos y prejuicios. . Es nuestro inter\u00e9s el que los miembros de la sociedad, de la escuela, de la familia, y del el lugar de trabajo, as\u00ed como los pacientes, comprendan este problema, entendiendo que en la gran mayor\u00eda de los casos, el apego a las recomendaciones del m\u00e9dico, algunos cambios sencillos en los h\u00e1bitos, y la disciplina, logran un control total y una vida plena,.<\/span><\/p>\n<p><span style=\"color: #000000; font-family: Arial;\">La lucha para lograr esa vida plena es tarea de toda la comunidad, a trav\u00e9s de la informaci\u00f3n, la educaci\u00f3n, la comunicaci\u00f3n y la confianza con el personal de salud por lo que ha surgido el inter\u00e9s de realizar esfuerzos conjuntos de muchos neur\u00f3logos y otros profesionales, as\u00ed como personas interesadas en el problema, por \u201csacar a la epilepsia de las sombras\u201d, integrados en una campa\u00f1a mundial llamada as\u00ed, cuya finalidad es justamente desmitificarla, para mejorar la actitud de la sociedad hacia la persona con epilepsia con la finalidad de permitir y favorecer el pleno desarrollo de la persona que la padece y su integraci\u00f3n completa a la sociedad.<\/span><\/p>\n","protected":false},"excerpt":{"rendered":"<p>A trav\u00e9s de la historia, al paciente que padece de epilepsia se le han impuesto varias restricciones innecesarias, se le ha marcado y segregado de la sociedad, debido a que alrededor de la epilepsia existen muchos mitos y prejuicios. . Es nuestro inter\u00e9s el que los miembros de la sociedad, de la escuela, de la &hellip;<\/p>\n<p class=\"read-more\"> <a class=\"\" href=\"http:\/\/www.epilepsiahoy.com\/site\/que-hacer-para-que-la-persona-con-epilepsia-lleve-una-vida-normal\/\"> <span class=\"screen-reader-text\">\u00bfQu\u00e9 hacer para que la persona con epilepsia lleve una vida normal?<\/span> Leer m\u00e1s &raquo;<\/a><\/p>\n","protected":false},"author":2,"featured_media":0,"parent":0,"menu_order":0,"comment_status":"closed","ping_status":"closed","template":"","meta":[],"_links":{"self":[{"href":"http:\/\/www.epilepsiahoy.com\/site\/wp-json\/wp\/v2\/pages\/126"}],"collection":[{"href":"http:\/\/www.epilepsiahoy.com\/site\/wp-json\/wp\/v2\/pages"}],"about":[{"href":"http:\/\/www.epilepsiahoy.com\/site\/wp-json\/wp\/v2\/types\/page"}],"author":[{"embeddable":true,"href":"http:\/\/www.epilepsiahoy.com\/site\/wp-json\/wp\/v2\/users\/2"}],"replies":[{"embeddable":true,"href":"http:\/\/www.epilepsiahoy.com\/site\/wp-json\/wp\/v2\/comments?post=126"}],"version-history":[{"count":1,"href":"http:\/\/www.epilepsiahoy.com\/site\/wp-json\/wp\/v2\/pages\/126\/revisions"}],"predecessor-version":[{"id":127,"href":"http:\/\/www.epilepsiahoy.com\/site\/wp-json\/wp\/v2\/pages\/126\/revisions\/127"}],"wp:attachment":[{"href":"http:\/\/www.epilepsiahoy.com\/site\/wp-json\/wp\/v2\/media?parent=126"}],"curies":[{"name":"wp","href":"https:\/\/api.w.org\/{rel}","templated":true}]}}