{"id":13,"date":"2016-01-18T23:16:07","date_gmt":"2016-01-18T23:16:07","guid":{"rendered":"http:\/\/www.epilepsiahoy.com\/site\/?page_id=13"},"modified":"2021-05-18T21:54:50","modified_gmt":"2021-05-18T21:54:50","slug":"que-es-la-epilepsia","status":"publish","type":"page","link":"http:\/\/www.epilepsiahoy.com\/site\/que-es-la-epilepsia\/","title":{"rendered":"Qu\u00e9 es  la Epilepsia"},"content":{"rendered":"\n<p>\u00bf<strong>QU\u00c9 ES LA EPILEPSIA Y C\u00d3MO SE MANIFIESTA?<br><\/strong>Las epilepsias son un grupo de enfermedades con muchas caras, muchas veces mal comprendidas. No es una enfermedad rara, ya que alrededor del 1% de la poblaci\u00f3n mundial padece alguna forma de epilepsia, y de ellos el 10% tienen varias crisis en un mes. Hablamos de crisis epil\u00e9ptica cuando ocurre una descarga desordenada de las c\u00e9lulas del cerebro., Cuando \u00e9stas tienen un origen definido hablamos de \u201ccrisis focales\u201d que tendr\u00e1n diferentes modalidades de presentaci\u00f3n dependiendo de la localizaci\u00f3n de la descarga.<\/p>\n\n\n\n<p>Cuando su origen es muy extenso al mismo tiempo se trata de \u201ccrisis generalizadas\u201d. Una crisis puede originarse en un punto del cerebro y de all\u00ed difundirse al resto del mismo, y entonces se le llama crisis focal o parcial secundariamente generalizada. Cuando las crisis se repiten varias veces, se hace el diagn\u00f3stico de epilepsia. Es importante mantener en mente que no todas las epilepsias se manifiestan con movimientos anormales, dependiendo del sitio del cerebro del que se originen, los pacientes pueden tener sensaciones extra\u00f1as, escuchar, ver u oler algo determinado o en los ni\u00f1os es frecuente que haya como periodos en blanco, donde el ni\u00f1o se desconecta brevemente del medio, pero a veces puede ser tan frecuente en un d\u00eda que tiene repercusiones escolares.(crisis de ausencias).<\/p>\n\n\n\n<p>Algunas epilepsias aparecen s\u00f3lo en determinada edad, otras se acompa\u00f1an de otros problemas neurol\u00f3gicos, otras se producen s\u00f3lo frente a un estimulo definido, como descargas de luz; otras m\u00e1s son hereditarias, o se acompa\u00f1an de problemas en otras funciones cerebrales o en otros \u00f3rganos. Cuando as\u00ed sucede se habla de \u201cs\u00edndromes epil\u00e9pticos\u201d .No todas las epilepsias tienen el mismo pron\u00f3stico, es decir habr\u00e1 algunas que se controlan muy f\u00e1cilmente con un antiepil\u00e9ptico determinado, otras que s\u00f3lo aparecen en la infancia y pasada \u00e9sta no vuelven a repetirse, pero hay algunos s\u00edndromes epil\u00e9pticos, que se asocian a problemas neurol\u00f3gicos progresivos, que da\u00f1an el desarrollo de los ni\u00f1os y a veces de los adolescentes, y son de muy dif\u00edcil control.<\/p>\n\n\n\n<div class=\"wp-block-image\"><figure class=\"aligncenter\"><img src=\"http:\/\/epilepsiahoy.com\/imagenes\/cerebro-aq.jpg\" alt=\"\"\/><\/figure><\/div>\n\n\n\n<figure class=\"wp-block-table is-style-regular\"><table class=\"has-subtle-light-gray-background-color has-fixed-layout has-background\"><tbody><tr><td><a href=\"http:\/\/www.epilepsiahoy.com\/site\/por-que-ocurre-la-epilepsia\/\">\u00bfPor qu\u00e9 ocurre la epilepsia?<\/a><\/td><td><a href=\"http:\/\/www.epilepsiahoy.com\/site\/como-se-trata-la-epilepsia\/\">\u00bfC\u00f3mo se trata la epilepsia?<\/a><\/td><td><a href=\"http:\/\/www.epilepsiahoy.com\/site\/es-posible-formar-una-familia-y-tener-hijos\/\">\u00bfEs posible formar una familia y tener hijos?<\/a><\/td><td><a href=\"http:\/\/www.epilepsiahoy.com\/site\/que-hacer-para-que-la-persona-con-epilepsia-lleve-una-vida-normal\/\">\u00bfQu\u00e9 hacer para que la persona con epilepsia lleve una vida normal?<\/a><\/td><\/tr><\/tbody><\/table><\/figure>\n\n\n\n<p><\/p>\n\n\n\n<p class=\"has-text-align-center\"><a href=\"http:\/\/epilepsiahoy.com\/pdf\/2021\/Guiaparapaciente.pdf\" target=\"_blank\" rel=\"noreferrer noopener\">Epilepsia: Una Gu\u00eda para Pacientes<\/a><\/p>\n","protected":false},"excerpt":{"rendered":"<p>\u00bfQU\u00c9 ES LA EPILEPSIA Y C\u00d3MO SE MANIFIESTA?Las epilepsias son un grupo de enfermedades con muchas caras, muchas veces mal comprendidas. No es una enfermedad rara, ya que alrededor del 1% de la poblaci\u00f3n mundial padece alguna forma de epilepsia, y de ellos el 10% tienen varias crisis en un mes. Hablamos de crisis epil\u00e9ptica &hellip;<\/p>\n<p class=\"read-more\"> <a class=\"\" href=\"http:\/\/www.epilepsiahoy.com\/site\/que-es-la-epilepsia\/\"> <span class=\"screen-reader-text\">Qu\u00e9 es  la Epilepsia<\/span> Leer m\u00e1s &raquo;<\/a><\/p>\n","protected":false},"author":1,"featured_media":0,"parent":0,"menu_order":0,"comment_status":"closed","ping_status":"closed","template":"","meta":[],"_links":{"self":[{"href":"http:\/\/www.epilepsiahoy.com\/site\/wp-json\/wp\/v2\/pages\/13"}],"collection":[{"href":"http:\/\/www.epilepsiahoy.com\/site\/wp-json\/wp\/v2\/pages"}],"about":[{"href":"http:\/\/www.epilepsiahoy.com\/site\/wp-json\/wp\/v2\/types\/page"}],"author":[{"embeddable":true,"href":"http:\/\/www.epilepsiahoy.com\/site\/wp-json\/wp\/v2\/users\/1"}],"replies":[{"embeddable":true,"href":"http:\/\/www.epilepsiahoy.com\/site\/wp-json\/wp\/v2\/comments?post=13"}],"version-history":[{"count":15,"href":"http:\/\/www.epilepsiahoy.com\/site\/wp-json\/wp\/v2\/pages\/13\/revisions"}],"predecessor-version":[{"id":1126,"href":"http:\/\/www.epilepsiahoy.com\/site\/wp-json\/wp\/v2\/pages\/13\/revisions\/1126"}],"wp:attachment":[{"href":"http:\/\/www.epilepsiahoy.com\/site\/wp-json\/wp\/v2\/media?parent=13"}],"curies":[{"name":"wp","href":"https:\/\/api.w.org\/{rel}","templated":true}]}}