{"id":150,"date":"2016-02-24T23:12:53","date_gmt":"2016-02-24T23:12:53","guid":{"rendered":"http:\/\/www.epilepsiahoy.com\/site\/?page_id=150"},"modified":"2021-04-13T18:48:27","modified_gmt":"2021-04-13T18:48:27","slug":"como-es-el-tratamiento","status":"publish","type":"page","link":"http:\/\/www.epilepsiahoy.com\/site\/como-es-el-tratamiento\/","title":{"rendered":"\u00bfC\u00f3mo es el tratamiento?"},"content":{"rendered":"<p><span class=\"body\" style=\"color: #000000;\">Algunos tipos de epilepsia sintom\u00e1tica tienen tratamiento espec\u00edfico, adem\u00e1s del control sintom\u00e1tico de las crisis. Cuando la epilepsia es causada por una lesi\u00f3n no progresiva (secuelas de infarto cerebral, cisticercosis calcificada, etc.) o es idiop\u00e1tica, el tratamiento es solamente sintom\u00e1tico.<\/span><\/p>\n<p><span style=\"color: #000000;\"><strong>CONDUCTA ANTE UNA CRISIS <\/strong>.<\/span><\/p>\n<p><span style=\"color: #000000;\">En caso de que el paciente presente crisis generalizadas t\u00f3nico-cl\u00f3nicas es necesario explicar a la familia la conducta adecuada al momento de la crisis. Las recomendaciones son:<\/span><\/p>\n<p><span style=\"color: #000000;\">1.- No dejar solo al paciente y observar las caracter\u00edsticas de la crisis para informar posteriormente al m\u00e9dico.<\/span><\/p>\n<p><span style=\"color: #000000;\">2.- Protegerlo de lesiones coloc\u00e1ndolo en un sitio seguro; es conveniente dejarlo en el piso, con una protecci\u00f3n en la cabeza y lejos de escaleras o muebles con los que se pueda golpear.<\/span><\/p>\n<p><span style=\"color: #000000;\">3.- Asegurar una buena oxigenaci\u00f3n aflojando la ropa y colocando la cabeza de lado para que la salivaci\u00f3n excesiva y la acumulaci\u00f3n de flemas salgan por un lado de la boca y no se obstruya la v\u00eda respiratoria.<\/span><\/p>\n<p><span style=\"color: #000000;\">4.- NO introducir ning\u00fan objeto en la boca, pues lejos de proteger la lengua puede lastimarse m\u00e1s a la persona y romperle los dientes<\/span><\/p>\n<p><span style=\"color: #000000;\">5.- Esperar a que la crisis termine sola, lo cual suele ocurrir en 2 a 5 minutos. Permitirle reposar en el periodo postictal. No llevarlo al hospital a menos que la crisis sea prolongada (m\u00e1s de 10 min.) o se repita antes de la recuperaci\u00f3n de la conciencia. No aplicar medicamentos adicionales ni est\u00edmulos de ning\u00fan tipo. Registrar la crisis y continuar el tratamiento habitual.<\/span><\/p>\n<p><span style=\"color: #000000;\"><strong>CALENDARIO DE CRISIS.<\/strong><\/span><\/p>\n<p><span style=\"color: #000000;\">Cualquiera que sea el tipo de crisis, se debe recomendar al paciente y\/o al familiar responsable de \u00e9l, que se lleve un registro de las crisis d\u00eda con d\u00eda, lo cual permite tener un punto de comparaci\u00f3n para evaluar los resultados del tratamiento.<\/span><\/p>\n<p><span style=\"color: #000000;\"><strong>MEDIDAS HIGIENICAS.<\/strong><\/span><\/p>\n<p><span style=\"color: #000000;\">Existen una serie de situaciones que no son causa de epilepsia pero s\u00ed act\u00faan como factores precipitantes de crisis:<\/span><\/p>\n<p><span style=\"color: #000000;\">&#8211; Bebidas alcoh\u00f3licas. Su ingesta abundante y prolongada puede provocar convulsiones en el periodo de deprivaci\u00f3n. La asociaci\u00f3n de bebidas alcoh\u00f3licas con los medicamentos anticonvulsivos aumenta los efectos t\u00f3xicos del alcohol y los efectos indeseables de los medicamentos , adem\u00e1s de que tambi\u00e9n provoca crisis.<\/span><\/p>\n<p><span style=\"color: #000000;\">&#8211; Actividad f\u00edsica. La respiraci\u00f3n agitada favorece en algunos pacientes la presentaci\u00f3n de sus descargas anormales. El grado de restricci\u00f3n depender\u00e1 de la edad, ,. la actividad acostumbrada previamente por el paciente y su condici\u00f3n f\u00edsica. La pr\u00e1ctica de cualquier deporte, incluyendo la nataci\u00f3n, es permisible siempre y cuando se haga con vigilancia y sin llegar al agotamiento.<\/span><\/p>\n<p><span style=\"color: #000000;\">&#8211; Deprivaci\u00f3n del sue\u00f1o. Esta puede precipitar algunos tipos de crisis. Cuando el paciente requiera desvelarse por estudio o diversi\u00f3n se recomienda que duerma previamente una siesta y luego prolongue sus horas de sue\u00f1o, teniendo mucho cuidado de continuar tomando puntualmente su medicina a la hora que le toca.<\/span><\/p>\n<p><span style=\"color: #000000;\">&#8211; Ayuno prolongado. La disminuci\u00f3n severa de glucosa o az\u00facar en la sangre puede provocar crisis convulsivas a\u00fan en sujetos no epil\u00e9pticos. Es suficiente con que el paciente haga sus comidas a las horas usuales sin excederse en cantidad y\/o frecuencia.<\/span><\/p>\n<p><span style=\"color: #000000;\">&#8211; Interacciones medicamentosas. Algunos medicamentos que pudieran requerirse para tratar otras enfermedades que se pueden presentar en cualquier persona, como una diarrea, una gripa, etc . elevan los niveles de los medicamentos antiepil\u00e9pticos y pueden provocar manifestaciones de intoxicaci\u00f3n, mientas que otros los disminuyen y ocasionan descontrol de la epilepsia.<\/span><\/p>\n<p><span style=\"color: #000000;\">&#8211; Suspensi\u00f3n del anticonvulsivo. La interrupci\u00f3n brusca del tratamiento por la raz\u00f3n que sea, puede ocasionar un estado epil\u00e9ptico, que es muy peligroso, pues ocurren crisis continuas durante tiempo prolongado. .<\/span><\/p>\n<p><span style=\"color: #000000;\">Cualquier modificaci\u00f3n de dosis se debe realizar muy lentamente y si se va a cambiar un medicamento por otro, es necesario hacerlo muy lentamente tambi\u00e9n.<\/span><\/p>\n<p><span style=\"color: #000000;\"><strong>ELECCION Y USO DE LOS MEDICAMENTOS ANTIEPILEPTICOS.<\/strong><\/span><\/p>\n<p><span style=\"color: #000000;\">No existe un medicamento i deal. Los f\u00e1rmacos o medicamentos anticonvulsivos o antiepil\u00e9pticos de que se dispone en la actualidad, bien utilizados, pueden lograr un buen control de la epilepsia en el 80% de los casos. Los lineamientos generales de un buen tratamiento antiepil\u00e9ptico son los siguientes:<\/span><\/p>\n<p><span style=\"color: #000000;\">&#8211; Elegir el medicamento adecuado para el tipo de crisis. No todos son igualmente \u00fatiles para todas las crisis.<\/span><\/p>\n<p><span style=\"color: #000000;\">&#8211; Iniciar el tratamiento con un solo medicamento. Esto permite saber a qu\u00e9 atribuir los efectos ben\u00e9ficos y los indeseables <\/span><br \/>\n<span style=\"color: #000000;\">&#8211; Prescribirlo a la dosis adecuada por Kg de peso\/d\u00eda. Para evitar efectos colaterales, se puede alcanzar gradualmente la dosis planeada en varios d\u00edas o semanas .<\/span><\/p>\n<p><span style=\"color: #000000;\">&#8211; Esperar el tiempo suficiente para que el f\u00e1rmaco alcance su estabilidad en la circulaci\u00f3n antes de decidir si es o no el adecuado.<\/span><\/p>\n<p><span style=\"color: #000000;\">&#8211; Hacer niveles s\u00e9ricos (an\u00e1lisis de sangre que mide la concentraci\u00f3n del medicamento) una vez transcurrido el periodo para lograr el estado estable; \u00e9sto es un auxiliar, y siempre debe correlacionarse con la condici\u00f3n cl\u00ednica del paciente.<\/span><\/p>\n<p><span style=\"color: #000000;\">&#8211; Mantener el tratamiento por tiempo suficiente. Una vez logrado un control al 100%, el tratamiento debe continuar SIN CAMBIOS por un periodo no menor de 4 a\u00f1os antes de pensar en descontinuarlo. Si se toma esta decisi\u00f3n, la reducci\u00f3n paulatina debe tomar por lo menos 6 meses adicionales.<\/span><\/p>\n","protected":false},"excerpt":{"rendered":"<p>Algunos tipos de epilepsia sintom\u00e1tica tienen tratamiento espec\u00edfico, adem\u00e1s del control sintom\u00e1tico de las crisis. Cuando la epilepsia es causada por una lesi\u00f3n no progresiva (secuelas de infarto cerebral, cisticercosis calcificada, etc.) o es idiop\u00e1tica, el tratamiento es solamente sintom\u00e1tico. CONDUCTA ANTE UNA CRISIS . En caso de que el paciente presente crisis generalizadas t\u00f3nico-cl\u00f3nicas &hellip;<\/p>\n<p class=\"read-more\"> <a class=\"\" href=\"http:\/\/www.epilepsiahoy.com\/site\/como-es-el-tratamiento\/\"> <span class=\"screen-reader-text\">\u00bfC\u00f3mo es el tratamiento?<\/span> Leer m\u00e1s &raquo;<\/a><\/p>\n","protected":false},"author":2,"featured_media":0,"parent":0,"menu_order":0,"comment_status":"closed","ping_status":"closed","template":"","meta":[],"_links":{"self":[{"href":"http:\/\/www.epilepsiahoy.com\/site\/wp-json\/wp\/v2\/pages\/150"}],"collection":[{"href":"http:\/\/www.epilepsiahoy.com\/site\/wp-json\/wp\/v2\/pages"}],"about":[{"href":"http:\/\/www.epilepsiahoy.com\/site\/wp-json\/wp\/v2\/types\/page"}],"author":[{"embeddable":true,"href":"http:\/\/www.epilepsiahoy.com\/site\/wp-json\/wp\/v2\/users\/2"}],"replies":[{"embeddable":true,"href":"http:\/\/www.epilepsiahoy.com\/site\/wp-json\/wp\/v2\/comments?post=150"}],"version-history":[{"count":1,"href":"http:\/\/www.epilepsiahoy.com\/site\/wp-json\/wp\/v2\/pages\/150\/revisions"}],"predecessor-version":[{"id":151,"href":"http:\/\/www.epilepsiahoy.com\/site\/wp-json\/wp\/v2\/pages\/150\/revisions\/151"}],"wp:attachment":[{"href":"http:\/\/www.epilepsiahoy.com\/site\/wp-json\/wp\/v2\/media?parent=150"}],"curies":[{"name":"wp","href":"https:\/\/api.w.org\/{rel}","templated":true}]}}