{"id":154,"date":"2016-02-24T23:19:07","date_gmt":"2016-02-24T23:19:07","guid":{"rendered":"http:\/\/www.epilepsiahoy.com\/site\/?page_id=154"},"modified":"2021-04-13T18:49:20","modified_gmt":"2021-04-13T18:49:20","slug":"status-epilepticus","status":"publish","type":"page","link":"http:\/\/www.epilepsiahoy.com\/site\/status-epilepticus\/","title":{"rendered":"Status epilepticus"},"content":{"rendered":"<p><span class=\"body\" style=\"color: #000000;\">El estado epil\u00e9ptico (status epilepticus) se define como la presentaci\u00f3n continua de crisis por m\u00e1s de 10 minutos .<\/span><\/p>\n<p><span style=\"color: #000000;\">El estado epil\u00e9ptico se presenta en el 1.3 al 16% de la poblaci\u00f3n epil\u00e9ptica conocida pero puede ser la manifestaci\u00f3n cl\u00ednica de una enfermedad neurol\u00f3gica aguda (neuroinfecci\u00f3n, embolia cerebral , traumatismo o golpe craneoencef\u00e1lico, falla de oxigenaci\u00f3n y circulaci\u00f3n en el cerebro por ahogamiento, paro cardiaco, etc.) o de una enfermedad metab\u00f3lica (aumento o reducci\u00f3n severos de az\u00facar en la sangre, aumento o disminuci\u00f3n severos del sodio circulante, disminuci\u00f3n del magnesio, suspensi\u00f3n brusca de la toma de bebidas alcoh\u00f3licas despu\u00e9s de muchos d\u00edas de hacerlo)<\/span><br \/>\n<span style=\"color: #000000;\">En los art\u00edculos m\u00e9dicos , se reporta que alrededor de las tres cuartas partes de los casos de estado epil\u00e9ptico se deben a enfermedades agudas, pero en nuestro medio, la mayor\u00eda ocurren en pacientes epil\u00e9pticos conocidos. Entre los factores precipitantes de status, el principal es la reducci\u00f3n o suspensi\u00f3n de la medicaci\u00f3n anticonvulsiva; otros m\u00e1s son deprivaci\u00f3n de sue\u00f1o, ingesta excesiva seguida de deprivaci\u00f3n de alcohol e infecciones no neurol\u00f3gicas agregadas .<\/span><\/p>\n<p><span style=\"color: #000000;\">ESTADO EPILEPTICO NO CONVULSIVO.<\/span><br \/>\n<span style=\"color: #000000;\">Puede ser de ausencias o de crisis parciales complejas . Cualquiera de las dos variedades se manifiesta por alteraciones del estado mental y de la conciencia. El paciente, ni\u00f1o en edad escolar si se trata de crisis de ausencias (EEG con punta-onda lenta generalizada) o paciente de cualquier grupo de edad si son crisis complejas (descargas focales temporales o frontales), luce confuso y obnubilado; puede responder parcialmente a los est\u00edmulos externos y el diagn\u00f3stico se har\u00e1 por el trazo electroencefalogr\u00e1fico alterado de manera continua<\/span><\/p>\n<p><span style=\"color: #000000;\">ESTADO EPILEPTICO CONVULSIVO PARCIAL.<\/span><\/p>\n<p><span style=\"color: #000000;\">Se trata de crisis motoras confinadas a un segmento corporal, usualmente cl\u00f3nicas. Se le conocoe como epilepsia parcial continua o sx. de Kojewnikow y puede ser manifestaci\u00f3n de una encefalitis focal (s\u00edndrome de Rasmussen).<\/span><br \/>\n<span style=\"color: #000000;\">Tambi\u00e9n se presenta en desarreglos metab\u00f3licos como el estado hiperosmolar (aumento muy exagerado de la glucosa y el sodio en pacientes diab\u00e9ticos) en cuyo caso la resoluci\u00f3n de la enfermedad de fondo es la \u00fanica que controla el cuadro epil\u00e9ptico.<\/span><\/p>\n<p>ESTADO EPILEPTICO CONVULSIVO GENERALIZADO. Implica un alto riesgo para la vida y la funci\u00f3n debido a una serie de cambios locales y generales que conducen a da\u00f1o neuronal que deja secuelas neurol\u00f3gicas o a falla en las funciones vitales que conduce a la muerte:<\/p>\n<p>El estado epil\u00e9ptico generalizado convulsivo es el m\u00e1s grave de todos y amerita un manejo r\u00e1pido y adecuado para salvar la funci\u00f3n y la vida.<\/p>\n<p>Se define como la presentaci\u00f3n repetida de crisis generalizadas t\u00f3nico-cl\u00f3nicas (TC) de manera continua por 10 minutos o m\u00e1s o bien la repetici\u00f3n de crisis generalizadas t\u00f3nicocl\u00f3nicas sin recuperaci\u00f3n de la conciencia entre ellas.<\/p>\n<p>El manejo debe realizarse en un hospital de acuerdo al algoritmo siguiente:<\/p>\n<p style=\"text-align: center;\"><strong>TRATAMIENTO DEL ESTADO EPIL\u00c9PTICO<\/strong><\/p>\n<p><img loading=\"lazy\" class=\"aligncenter\" src=\"http:\/\/epilepsiahoy.com\/tablita.gif\" alt=\"\" width=\"299\" height=\"474\" \/><\/p>\n<p class=\"style8\" align=\"center\">\n","protected":false},"excerpt":{"rendered":"<p>El estado epil\u00e9ptico (status epilepticus) se define como la presentaci\u00f3n continua de crisis por m\u00e1s de 10 minutos . El estado epil\u00e9ptico se presenta en el 1.3 al 16% de la poblaci\u00f3n epil\u00e9ptica conocida pero puede ser la manifestaci\u00f3n cl\u00ednica de una enfermedad neurol\u00f3gica aguda (neuroinfecci\u00f3n, embolia cerebral , traumatismo o golpe craneoencef\u00e1lico, falla de &hellip;<\/p>\n<p class=\"read-more\"> <a class=\"\" href=\"http:\/\/www.epilepsiahoy.com\/site\/status-epilepticus\/\"> <span class=\"screen-reader-text\">Status epilepticus<\/span> Leer m\u00e1s &raquo;<\/a><\/p>\n","protected":false},"author":2,"featured_media":0,"parent":0,"menu_order":0,"comment_status":"closed","ping_status":"closed","template":"","meta":[],"_links":{"self":[{"href":"http:\/\/www.epilepsiahoy.com\/site\/wp-json\/wp\/v2\/pages\/154"}],"collection":[{"href":"http:\/\/www.epilepsiahoy.com\/site\/wp-json\/wp\/v2\/pages"}],"about":[{"href":"http:\/\/www.epilepsiahoy.com\/site\/wp-json\/wp\/v2\/types\/page"}],"author":[{"embeddable":true,"href":"http:\/\/www.epilepsiahoy.com\/site\/wp-json\/wp\/v2\/users\/2"}],"replies":[{"embeddable":true,"href":"http:\/\/www.epilepsiahoy.com\/site\/wp-json\/wp\/v2\/comments?post=154"}],"version-history":[{"count":1,"href":"http:\/\/www.epilepsiahoy.com\/site\/wp-json\/wp\/v2\/pages\/154\/revisions"}],"predecessor-version":[{"id":155,"href":"http:\/\/www.epilepsiahoy.com\/site\/wp-json\/wp\/v2\/pages\/154\/revisions\/155"}],"wp:attachment":[{"href":"http:\/\/www.epilepsiahoy.com\/site\/wp-json\/wp\/v2\/media?parent=154"}],"curies":[{"name":"wp","href":"https:\/\/api.w.org\/{rel}","templated":true}]}}