{"id":166,"date":"2016-02-26T02:04:54","date_gmt":"2016-02-26T02:04:54","guid":{"rendered":"http:\/\/www.epilepsiahoy.com\/site\/?page_id=166"},"modified":"2021-04-13T18:49:20","modified_gmt":"2021-04-13T18:49:20","slug":"la-epilepsia-en-nuestras-vidas-2","status":"publish","type":"page","link":"http:\/\/www.epilepsiahoy.com\/site\/la-epilepsia-en-nuestras-vidas-2\/","title":{"rendered":"La epilepsia en  nuestras vidas (mujer)"},"content":{"rendered":"<p><span style=\"color: #000000;\">Dr. Steven C. Schachter<\/span><\/p>\n<p><span style=\"color: #000000;\">La epilepsia afecta a las familias y especialmente a las mujeres que la padecen como lo saben muy bien en su papel de hijas, madres y esposas. Este es el quinto de una serie de libros en los que mujeres revelan de manera personal c\u00f3mo la epilepsia ha impactado las partes m\u00e1s \u00edntimas e importantes de sus vidas. Expresan sus preocupaciones, temores, esperanzas y realizaciones en torno a su salud, sus relaciones familiares, sexuales, etc.<\/span><\/p>\n<p><span style=\"color: #000000;\">Los comentarios del p\u00fablico en general y de los cr\u00edticos en particular coinciden en considerar este libro como una magnifica recopilaci\u00f3n de experiencias, sentimientos y pensamientos personales de mujeres con epilepsia, y como una ayuda excepcional para entender y aceptar mejor este desorden de salud, \u00abEs como si el Dr. Schachter nos ofreciera un grupo de apoyo en las hojas de esta serie de libros\u00bb.<\/span><\/p>\n<p><span style=\"color: #000000;\">El prefacio de esta obra lo escribe Jackie Nik Pflug, sobreviviente de un secuestro a\u00e9reo hace varios a\u00f1os, quien a partir de los golpes que recibi\u00f3 en la cabeza por los secuestradores desarroll\u00f3 la epilepsia. Despu\u00e9s de un periodo de terapia y tratamiento m\u00e9dico, Jackie logr\u00f3 aceptar su enfermedad llegando a considerar hoy su especial condici\u00f3n como la oportunidad para abrirse un nuevo y maravilloso camino. \u00abA partir del diagn\u00f3stico, he conocido a personas incre\u00edblemente valiosas como el Dr. Schachter quien es la fuerza impulsora de una serie de libros titulados \u00abBrainstorms\u00bb (Tormentas en la Mente), dice Jackie.<\/span><\/p>\n<p><span style=\"color: #000000;\">La autora del pr\u00f3logo comenta que hist\u00f3ricamente las mujeres con epilepsia han sido v\u00edctimas de discriminaci\u00f3n en sus familias, en el trabajo y hasta en los consultorios m\u00e9dicos, lo cual con frecuencia afecta sus condiciones de vida y la evaluaci\u00f3n del tratamiento adecuado para su condici\u00f3n de salud. <\/span><\/p>\n<p><span style=\"color: #000000;\">Afortunadamente a lo largo del siglo pasado, los criterios y las conductas han cambiado mucho en torno a la epilepsia. Por ejemplo, ahora se tiene informaci\u00f3n sobre la relaci\u00f3n que existe entre la epilepsia y las hormonas que controlan el sistema reproductor por lo que se sabe en muchas mujeres tienen su primer ataque cuando empieza su ciclo hormonal y se presenta el primer periodo de menstruaci\u00f3n. Sabemos que el equilibrio entre el estr\u00f3geno y la progesterona, las dos hormonas principales que controlan los ciclos menstruales pueden determinar que se presenten o que se ausenten los ataques. Todo depende de cada persona.<\/span><\/p>\n<p><span style=\"color: #000000;\">Por lo general, las mujeres con epilepsia se reh\u00fasan a hablar sobre su sexualidad y otros temas relacionados. Pueden tener miedo de sufrir un ataque en sus relaciones \u00edntimas.<\/span><\/p>\n<p><span style=\"color: #000000;\">Pueden preocuparse sobre c\u00f3mo comunicar a quienes van ser sus parejas de por vida que padecen ataques por temor a que ellos se alejen. Por estos temores muchas mujeres con epilepsia evitan el matrimonio y el embarazo. Pero el simple hecho de buscar la asesor\u00eda de un profesional o grupo de profesionales hace que estos temores, generalmente infundados, se disipen y ayuda a estas mujeres a superar sus preocupaciones y a disfrutar m\u00e1s de sus relaciones \u00edntimas.<\/span><\/p>\n<p><span style=\"color: #000000;\">El control de la fertilidad es otro asunto importante, ya que los anticonceptivos orales, particularmente aquellos con alta concentraci\u00f3n de estr\u00f3geno, pueden aumentar las posibilidades de que se presenten ataques. Sin embargo, muchas mujeres con epilepsia no son informadas adecuadamente sobre \u00e9ste y otros riesgos. Igualmente, la efectividad de los anticonceptivos orales puede disminuir al asociarse al tratamiento antiepil\u00e9ptico.<\/span><\/p>\n<p><span style=\"color: #000000;\">La realidad es que las mujeres con epilepsia cuentan con m\u00e1s de un 90% de posibilidades de tener un beb\u00e9 normal y saludable. Las probabilidades son mejores si se toma el menor n\u00famero de medicamentos necesarios y la menor dosis para mantener control de los ataques a\u00fan antes de que el beb\u00e9 sea concebido, preferentemente asociando al tratamiento la toma de una vitamina denominada \u00e1cido f\u00f3lico. As\u00ed mismo, la mayor\u00eda de las mujeres con epilepsia pueden amamantar a sus hijos sin correr ning\u00fan riesgo para el beb\u00e9.<\/span><\/p>\n<p><span style=\"color: #000000;\">De esta manera, la informaci\u00f3n que brinda este libro abre la esperanza de muchas mujeres con epilepsia, de tener una mejor calidad de vida en las diversas etapas del desarrollo femenino; as\u00ed mismo se demuestra que la difusi\u00f3n de las experiencias de muchas mujeres alientan a otras con condiciones similares a buscar mas informaci\u00f3n y a trabajar para solucionar sus problemas particulares. Sin este puente de compresi\u00f3n, la mujer con epilepsia podr\u00eda sentirse indefensa y derrotada sin ning\u00fan control sobre su vida. La informaci\u00f3n es fuerza y con la fuerza viene el control. La informaci\u00f3n que ofrece este libro ayuda a hacer posible que las mujeres con epilepsia se interesen m\u00e1s por el cuidado de su salud y por tomar el control de sus vidas.<\/span><\/p>\n<p><span style=\"color: #000000;\"><b>Jade Rivera<\/b><\/span><\/p>\n","protected":false},"excerpt":{"rendered":"<p>Dr. Steven C. Schachter La epilepsia afecta a las familias y especialmente a las mujeres que la padecen como lo saben muy bien en su papel de hijas, madres y esposas. Este es el quinto de una serie de libros en los que mujeres revelan de manera personal c\u00f3mo la epilepsia ha impactado las partes &hellip;<\/p>\n<p class=\"read-more\"> <a class=\"\" href=\"http:\/\/www.epilepsiahoy.com\/site\/la-epilepsia-en-nuestras-vidas-2\/\"> <span class=\"screen-reader-text\">La epilepsia en  nuestras vidas (mujer)<\/span> Leer m\u00e1s &raquo;<\/a><\/p>\n","protected":false},"author":2,"featured_media":0,"parent":0,"menu_order":0,"comment_status":"closed","ping_status":"closed","template":"","meta":[],"_links":{"self":[{"href":"http:\/\/www.epilepsiahoy.com\/site\/wp-json\/wp\/v2\/pages\/166"}],"collection":[{"href":"http:\/\/www.epilepsiahoy.com\/site\/wp-json\/wp\/v2\/pages"}],"about":[{"href":"http:\/\/www.epilepsiahoy.com\/site\/wp-json\/wp\/v2\/types\/page"}],"author":[{"embeddable":true,"href":"http:\/\/www.epilepsiahoy.com\/site\/wp-json\/wp\/v2\/users\/2"}],"replies":[{"embeddable":true,"href":"http:\/\/www.epilepsiahoy.com\/site\/wp-json\/wp\/v2\/comments?post=166"}],"version-history":[{"count":4,"href":"http:\/\/www.epilepsiahoy.com\/site\/wp-json\/wp\/v2\/pages\/166\/revisions"}],"predecessor-version":[{"id":413,"href":"http:\/\/www.epilepsiahoy.com\/site\/wp-json\/wp\/v2\/pages\/166\/revisions\/413"}],"wp:attachment":[{"href":"http:\/\/www.epilepsiahoy.com\/site\/wp-json\/wp\/v2\/media?parent=166"}],"curies":[{"name":"wp","href":"https:\/\/api.w.org\/{rel}","templated":true}]}}