{"id":170,"date":"2016-02-26T02:07:31","date_gmt":"2016-02-26T02:07:31","guid":{"rendered":"http:\/\/www.epilepsiahoy.com\/site\/?page_id=170"},"modified":"2021-04-13T18:49:20","modified_gmt":"2021-04-13T18:49:20","slug":"la-epilepsia-en-mi-vida-2","status":"publish","type":"page","link":"http:\/\/www.epilepsiahoy.com\/site\/la-epilepsia-en-mi-vida-2\/","title":{"rendered":"La epilepsia en mi vida (mujer)"},"content":{"rendered":"<p><span style=\"color: #000000; font-family: Arial;\">La Epilepsia se hizo presente en mi a la edad de 22 meses. Por lo tanto la tengo muy dentro de mi. Ha sido parte de mi vida, personalidad, limitaciones y tambi\u00e9n creo, de mis virtudes.<\/span><\/p>\n<p><span style=\"color: #000000; font-family: Arial;\">A lo largo de mi vida:<\/span><\/p>\n<p><span style=\"color: #000000; font-family: Arial;\">\u2022 He luchado con ella y contra ella.<br \/>\n\u2022 He renegado de ella.<br \/>\n\u2022 He sido insegura por ella.<br \/>\n\u2022 Hab\u00eda vivido en un mundo irreal por ella.<br \/>\n\u2022 Hab\u00eda vivido con la creencia de merecerme muchas cosas y no merecerme otras.<br \/>\n\u2022 Hab\u00eda vivido dormida por ella.<br \/>\n\u2022 Hab\u00eda dejado de vivir una vida normal<br \/>\n\u2022 Estuve a punto de morir por ella.<\/span><\/p>\n<p><span style=\"color: #000000; font-family: Arial;\">Digo virtudes ya que soy una persona muy tranquila y paciente.<\/span><\/p>\n<p><span style=\"color: #000000; font-family: Arial;\">Tambi\u00e9n us\u00e9 la Epilepsia como un escudo personal que nunca fallaba:<\/span><\/p>\n<p><span style=\"color: #000000; font-family: Arial;\">Si me encontraba en un problema o en una situaci\u00f3n que no me gustaba lo m\u00e1s f\u00e1cil era HUIR a ese mundo al que yo \u00fanicamente pod\u00eda entrar y nadie me molestaba y claro me daba un ataque horrible que si bien me iba, me dejaba tumbada y dormida por varias horas en mi casa o en el hospital.<br \/>\nHasta que un d\u00eda me hice consciente de lo que esto significaba.<\/span><\/p>\n<p><span style=\"color: #000000; font-family: Arial;\">As\u00ed que hace unos a\u00f1os me enfrent\u00e9 a m\u00ed misma y decid\u00ed cambiar y dejar de vivir de esa manera.<\/span><\/p>\n<p><span style=\"color: #000000; font-family: Arial;\"><br \/>\nAhora:<\/span><\/p>\n<p><span style=\"color: #000000; font-family: Arial;\">\u2022 Me intereso m\u00e1s en ella y en mi misma.<br \/>\n\u2022 La lucha no es contra ella, sino conmigo misma para afrontarla y sacarla de la sombra de mi vida.<br \/>\n\u2022 Estoy despertando a una nueva vida.<br \/>\n\u2022 Estoy entrando al mundo real.<br \/>\n\u2022 Quiero VIVIR una vida normal.<\/span><\/p>\n<p><span style=\"color: #000000; font-family: Arial;\">El camino de 32 a\u00f1os no ha sido f\u00e1cil, hubo \u00e9pocas en las que me sent\u00eda muy mal frecuentemente y con el paso del tiempo fu\u00ed mejorando.<br \/>\nLa fe en Dios, as\u00ed como el amor, la entrega y la constancia de mis padres y hermanos me han ayudado para salir adelante, as\u00ed como la sabidur\u00eda del Dr. Ra\u00fal Calder\u00f3n Gonz\u00e1lez (Q.E.P.D.) quien con los diferentes medicamentos y dosis me trat\u00f3 por 22 a\u00f1os y me sac\u00f3 adelante.<\/span><\/p>\n<p><span style=\"color: #000000; font-family: Arial;\">Hoy en d\u00eda la Epilepsia est\u00e1 controlada gracias al medicamento.<br \/>\nQuiero vivir una vida normal, pero depende de m\u00ed ya que<\/span><\/p>\n<p><span style=\"color: #000000; font-family: Arial;\">NADIE HAR\u00c1 NADA POR MI,\u00a0M\u00c1S QUE YO MISMA<br \/>\n.<\/span><\/p>\n<p><span style=\"color: #000000; font-family: Arial;\"><br \/>\nEugenia Garza Padilla<\/span><\/p>\n","protected":false},"excerpt":{"rendered":"<p>La Epilepsia se hizo presente en mi a la edad de 22 meses. Por lo tanto la tengo muy dentro de mi. Ha sido parte de mi vida, personalidad, limitaciones y tambi\u00e9n creo, de mis virtudes. A lo largo de mi vida: \u2022 He luchado con ella y contra ella. \u2022 He renegado de ella. &hellip;<\/p>\n<p class=\"read-more\"> <a class=\"\" href=\"http:\/\/www.epilepsiahoy.com\/site\/la-epilepsia-en-mi-vida-2\/\"> <span class=\"screen-reader-text\">La epilepsia en mi vida (mujer)<\/span> Leer m\u00e1s &raquo;<\/a><\/p>\n","protected":false},"author":2,"featured_media":0,"parent":0,"menu_order":0,"comment_status":"closed","ping_status":"closed","template":"","meta":[],"_links":{"self":[{"href":"http:\/\/www.epilepsiahoy.com\/site\/wp-json\/wp\/v2\/pages\/170"}],"collection":[{"href":"http:\/\/www.epilepsiahoy.com\/site\/wp-json\/wp\/v2\/pages"}],"about":[{"href":"http:\/\/www.epilepsiahoy.com\/site\/wp-json\/wp\/v2\/types\/page"}],"author":[{"embeddable":true,"href":"http:\/\/www.epilepsiahoy.com\/site\/wp-json\/wp\/v2\/users\/2"}],"replies":[{"embeddable":true,"href":"http:\/\/www.epilepsiahoy.com\/site\/wp-json\/wp\/v2\/comments?post=170"}],"version-history":[{"count":3,"href":"http:\/\/www.epilepsiahoy.com\/site\/wp-json\/wp\/v2\/pages\/170\/revisions"}],"predecessor-version":[{"id":416,"href":"http:\/\/www.epilepsiahoy.com\/site\/wp-json\/wp\/v2\/pages\/170\/revisions\/416"}],"wp:attachment":[{"href":"http:\/\/www.epilepsiahoy.com\/site\/wp-json\/wp\/v2\/media?parent=170"}],"curies":[{"name":"wp","href":"https:\/\/api.w.org\/{rel}","templated":true}]}}