{"id":218,"date":"2016-03-22T15:35:13","date_gmt":"2016-03-22T15:35:13","guid":{"rendered":"http:\/\/www.epilepsiahoy.com\/site\/?page_id=218"},"modified":"2021-05-03T17:20:31","modified_gmt":"2021-05-03T17:20:31","slug":"estrategia-y-plan-de-accion-para-la-epilepsia","status":"publish","type":"page","link":"http:\/\/www.epilepsiahoy.com\/site\/estrategia-y-plan-de-accion-para-la-epilepsia\/","title":{"rendered":"Estrategia y Plan de Acci\u00f3n para la Epilepsia"},"content":{"rendered":"\n<div class=\"wp-block-image\"><figure class=\"aligncenter\"><img loading=\"lazy\" width=\"934\" height=\"510\" src=\"http:\/\/www.epilepsiahoy.com\/site\/wp-content\/uploads\/2016\/03\/Estrategia.png\" alt=\"Estrategia\" class=\"wp-image-274\" srcset=\"http:\/\/www.epilepsiahoy.com\/site\/wp-content\/uploads\/2016\/03\/Estrategia.png 934w, http:\/\/www.epilepsiahoy.com\/site\/wp-content\/uploads\/2016\/03\/Estrategia-300x164.png 300w, http:\/\/www.epilepsiahoy.com\/site\/wp-content\/uploads\/2016\/03\/Estrategia-768x419.png 768w\" sizes=\"(max-width: 934px) 100vw, 934px\" \/><\/figure><\/div>\n\n\n\n<p>Este documento fue elaborado por representantes de la OPS, Organizaci\u00f3n Panamericana de la Salud (Dr. Jorge Rodr\u00edguez), ILAE, <em>International League Against Epilepsy<\/em> o Liga Internacional Contra la Epilepsia (Dr. Marco Tulio Medina) e IBE, <em>International Bureau for Epilepsy<\/em> o Bur\u00f3 Internacional para la Epilepsia (Dr. Carlos Acevedo), aprobado por las tres organizaciones y firmado en septiembre de 2011 por los Ministros de Salud de todos los pa\u00edses del continente americano, con el compromiso de implementarlo desde su firma y en los siguientes 10 a\u00f1os.<\/p>\n\n\n\n<p>Esta implementaci\u00f3n ha sido muy variable en los diferentes pa\u00edses, pero algunos han tenido notables avances como Chile y Honduras ya que han logrado el apoyo de sus ministerios de Salud, situaci\u00f3n a\u00fan no lograda en M\u00e9xico.<\/p>\n\n\n\n<p>El compromiso es que las organizaciones de cada pa\u00eds que se dedican a la Epilepsia trabajen en conjunto para lograra esta implementaci\u00f3n. La Estrategia incluye cuatro ejes, y especialmente el de Educaci\u00f3n y Difusi\u00f3n es en el que puede trabajarse m\u00e1s ampliamente con diversos programas.<\/p>\n\n\n\n<p>Se anexa en esta secci\u00f3n el documento completo as\u00ed como un documento&nbsp;donde se sintetiza y se realiza un informe de lo hasta ahora realizado as\u00ed como una propuesta para llevar a cabo.<\/p>\n\n\n\n<figure class=\"wp-block-table is-style-regular\"><table class=\"has-subtle-light-gray-background-color has-fixed-layout has-background\"><tbody><tr><td class=\"has-text-align-center\" data-align=\"center\"><a rel=\"noreferrer noopener\" href=\"http:\/\/epilepsiahoy.com\/Estrategia\/1estrategia%20Epilepsia.pdf\" target=\"_blank\">Estrategia Epilepsia<\/a><\/td><td class=\"has-text-align-center\" data-align=\"center\"><a rel=\"noreferrer noopener\" href=\"http:\/\/epilepsiahoy.com\/Estrategia\/2Epilepsia-informe_America%20Latina.pdf\" target=\"_blank\">Epilepsia-informe Am\u00e9rica Latina<\/a><\/td><td class=\"has-text-align-center\" data-align=\"center\"><a rel=\"noreferrer noopener\" href=\"http:\/\/epilepsiahoy.com\/Estrategia\/3PLAN_ESTRATEGICO.pdf\" target=\"_blank\">Plan estrat\u00e9gico<br>Epilepsia en las Americas<\/a><\/td><td class=\"has-text-align-center\" data-align=\"center\"><a rel=\"noreferrer noopener\" href=\"http:\/\/epilepsiahoy.com\/Estrategia\/4Agenda_OMS_enero_2015.pdf\" target=\"_blank\">Agenda OMS enero 2015<\/a><\/td><\/tr><\/tbody><\/table><\/figure>\n","protected":false},"excerpt":{"rendered":"<p>Este documento fue elaborado por representantes de la OPS, Organizaci\u00f3n Panamericana de la Salud (Dr. Jorge Rodr\u00edguez), ILAE, International League Against Epilepsy o Liga Internacional Contra la Epilepsia (Dr. Marco Tulio Medina) e IBE, International Bureau for Epilepsy o Bur\u00f3 Internacional para la Epilepsia (Dr. Carlos Acevedo), aprobado por las tres organizaciones y firmado en &hellip;<\/p>\n<p class=\"read-more\"> <a class=\"\" href=\"http:\/\/www.epilepsiahoy.com\/site\/estrategia-y-plan-de-accion-para-la-epilepsia\/\"> <span class=\"screen-reader-text\">Estrategia y Plan de Acci\u00f3n para la Epilepsia<\/span> Leer m\u00e1s &raquo;<\/a><\/p>\n","protected":false},"author":1,"featured_media":0,"parent":0,"menu_order":0,"comment_status":"closed","ping_status":"closed","template":"","meta":[],"_links":{"self":[{"href":"http:\/\/www.epilepsiahoy.com\/site\/wp-json\/wp\/v2\/pages\/218"}],"collection":[{"href":"http:\/\/www.epilepsiahoy.com\/site\/wp-json\/wp\/v2\/pages"}],"about":[{"href":"http:\/\/www.epilepsiahoy.com\/site\/wp-json\/wp\/v2\/types\/page"}],"author":[{"embeddable":true,"href":"http:\/\/www.epilepsiahoy.com\/site\/wp-json\/wp\/v2\/users\/1"}],"replies":[{"embeddable":true,"href":"http:\/\/www.epilepsiahoy.com\/site\/wp-json\/wp\/v2\/comments?post=218"}],"version-history":[{"count":10,"href":"http:\/\/www.epilepsiahoy.com\/site\/wp-json\/wp\/v2\/pages\/218\/revisions"}],"predecessor-version":[{"id":1061,"href":"http:\/\/www.epilepsiahoy.com\/site\/wp-json\/wp\/v2\/pages\/218\/revisions\/1061"}],"wp:attachment":[{"href":"http:\/\/www.epilepsiahoy.com\/site\/wp-json\/wp\/v2\/media?parent=218"}],"curies":[{"name":"wp","href":"https:\/\/api.w.org\/{rel}","templated":true}]}}