{"id":253,"date":"2016-03-29T21:53:34","date_gmt":"2016-03-29T21:53:34","guid":{"rendered":"http:\/\/www.epilepsiahoy.com\/site\/?page_id=253"},"modified":"2021-04-13T18:49:20","modified_gmt":"2021-04-13T18:49:20","slug":"monterrey","status":"publish","type":"page","link":"http:\/\/www.epilepsiahoy.com\/site\/monterrey\/","title":{"rendered":"Monterrey"},"content":{"rendered":"<p><a href=\"http:\/\/www.epilepsiahoy.com\/site\/wp-content\/uploads\/2016\/03\/monterrey.png\" rel=\"attachment wp-att-254\"><img loading=\"lazy\" class=\"alignnone size-medium wp-image-254\" src=\"http:\/\/www.epilepsiahoy.com\/site\/wp-content\/uploads\/2016\/03\/monterrey-254x300.png\" alt=\"monterrey\" width=\"254\" height=\"300\" srcset=\"http:\/\/www.epilepsiahoy.com\/site\/wp-content\/uploads\/2016\/03\/monterrey-254x300.png 254w, http:\/\/www.epilepsiahoy.com\/site\/wp-content\/uploads\/2016\/03\/monterrey.png 694w\" sizes=\"(max-width: 254px) 100vw, 254px\" \/><\/a><\/p>\n<p>LA EPILEPSIA EN TUS MANOS<br \/>\nMONTERREY<\/p>\n<p>&nbsp;<\/p>\n<ul>\n<li>Reuniones peri\u00f3dicas<\/li>\n<li>B\u00fasqueda de oportunidades y derechos para las personas con epilepsia<\/li>\n<\/ul>\n<p>Presidenta:<\/p>\n<ul>\n<li>Lic. Arminda Mireya Cardona Mart\u00ednez<\/li>\n<li>Mail: <a href=\"mailto:ar_mireya@hotmail.com\">ar_mireya@hotmail.com<\/a><\/li>\n<\/ul>\n","protected":false},"excerpt":{"rendered":"<p>LA EPILEPSIA EN TUS MANOS MONTERREY &nbsp; Reuniones peri\u00f3dicas B\u00fasqueda de oportunidades y derechos para las personas con epilepsia Presidenta: Lic. Arminda Mireya Cardona Mart\u00ednez Mail: ar_mireya@hotmail.com<\/p>\n","protected":false},"author":2,"featured_media":0,"parent":0,"menu_order":0,"comment_status":"closed","ping_status":"closed","template":"","meta":[],"_links":{"self":[{"href":"http:\/\/www.epilepsiahoy.com\/site\/wp-json\/wp\/v2\/pages\/253"}],"collection":[{"href":"http:\/\/www.epilepsiahoy.com\/site\/wp-json\/wp\/v2\/pages"}],"about":[{"href":"http:\/\/www.epilepsiahoy.com\/site\/wp-json\/wp\/v2\/types\/page"}],"author":[{"embeddable":true,"href":"http:\/\/www.epilepsiahoy.com\/site\/wp-json\/wp\/v2\/users\/2"}],"replies":[{"embeddable":true,"href":"http:\/\/www.epilepsiahoy.com\/site\/wp-json\/wp\/v2\/comments?post=253"}],"version-history":[{"count":1,"href":"http:\/\/www.epilepsiahoy.com\/site\/wp-json\/wp\/v2\/pages\/253\/revisions"}],"predecessor-version":[{"id":255,"href":"http:\/\/www.epilepsiahoy.com\/site\/wp-json\/wp\/v2\/pages\/253\/revisions\/255"}],"wp:attachment":[{"href":"http:\/\/www.epilepsiahoy.com\/site\/wp-json\/wp\/v2\/media?parent=253"}],"curies":[{"name":"wp","href":"https:\/\/api.w.org\/{rel}","templated":true}]}}