{"id":257,"date":"2016-03-29T22:00:14","date_gmt":"2016-03-29T22:00:14","guid":{"rendered":"http:\/\/www.epilepsiahoy.com\/site\/?page_id=257"},"modified":"2021-04-13T18:49:20","modified_gmt":"2021-04-13T18:49:20","slug":"puebla","status":"publish","type":"page","link":"http:\/\/www.epilepsiahoy.com\/site\/puebla\/","title":{"rendered":"Puebla"},"content":{"rendered":"<p><strong>GADEP PUEBLA<\/strong><\/p>\n<ul>\n<li>Sesi\u00f3n informativa sin costo peri\u00f3dicamente<\/li>\n<li>1er. Encuentro Regional Octubre 2014<\/li>\n<li>2\u00ba Encuentro Regional Octubre 2015<\/li>\n<li>Sede: Hospital Guadalupe, Puebla, Pue.<\/li>\n<\/ul>\n<p>Presidente:<\/p>\n<ul>\n<li>Dr. Pl\u00e1cido Coyac Cuautle<\/li>\n<li>Correo: <a href=\"mailto: coyac@hotmail.com\">coyac@hotmail.com<\/a><\/li>\n<\/ul>\n<p>&nbsp;<\/p>\n<p><strong><a href=\"http:\/\/epilepsiahoy.com\/Asociaciones\/Grupo_Puebla.pdf\" target=\"_blank\" rel=\"noopener\">M\u00e1s informaci\u00f3n<\/a><\/strong><\/p>\n","protected":false},"excerpt":{"rendered":"<p>GADEP PUEBLA Sesi\u00f3n informativa sin costo peri\u00f3dicamente 1er. Encuentro Regional Octubre 2014 2\u00ba Encuentro Regional Octubre 2015 Sede: Hospital Guadalupe, Puebla, Pue. Presidente: Dr. Pl\u00e1cido Coyac Cuautle Correo: coyac@hotmail.com &nbsp; M\u00e1s informaci\u00f3n<\/p>\n","protected":false},"author":2,"featured_media":0,"parent":0,"menu_order":0,"comment_status":"closed","ping_status":"closed","template":"","meta":[],"_links":{"self":[{"href":"http:\/\/www.epilepsiahoy.com\/site\/wp-json\/wp\/v2\/pages\/257"}],"collection":[{"href":"http:\/\/www.epilepsiahoy.com\/site\/wp-json\/wp\/v2\/pages"}],"about":[{"href":"http:\/\/www.epilepsiahoy.com\/site\/wp-json\/wp\/v2\/types\/page"}],"author":[{"embeddable":true,"href":"http:\/\/www.epilepsiahoy.com\/site\/wp-json\/wp\/v2\/users\/2"}],"replies":[{"embeddable":true,"href":"http:\/\/www.epilepsiahoy.com\/site\/wp-json\/wp\/v2\/comments?post=257"}],"version-history":[{"count":2,"href":"http:\/\/www.epilepsiahoy.com\/site\/wp-json\/wp\/v2\/pages\/257\/revisions"}],"predecessor-version":[{"id":790,"href":"http:\/\/www.epilepsiahoy.com\/site\/wp-json\/wp\/v2\/pages\/257\/revisions\/790"}],"wp:attachment":[{"href":"http:\/\/www.epilepsiahoy.com\/site\/wp-json\/wp\/v2\/media?parent=257"}],"curies":[{"name":"wp","href":"https:\/\/api.w.org\/{rel}","templated":true}]}}