{"id":261,"date":"2016-03-29T22:02:57","date_gmt":"2016-03-29T22:02:57","guid":{"rendered":"http:\/\/www.epilepsiahoy.com\/site\/?page_id=261"},"modified":"2021-04-13T18:49:39","modified_gmt":"2021-04-13T18:49:39","slug":"yucatan","status":"publish","type":"page","link":"http:\/\/www.epilepsiahoy.com\/site\/yucatan\/","title":{"rendered":"Yucat\u00e1n"},"content":{"rendered":"<p><img loading=\"lazy\" class=\"alignnone wp-image-263 size-medium\" src=\"http:\/\/www.epilepsiahoy.com\/site\/wp-content\/uploads\/2016\/03\/yucatan-300x265.png\" alt=\"yucatan\" width=\"300\" height=\"265\" srcset=\"http:\/\/www.epilepsiahoy.com\/site\/wp-content\/uploads\/2016\/03\/yucatan-300x265.png 300w, http:\/\/www.epilepsiahoy.com\/site\/wp-content\/uploads\/2016\/03\/yucatan-768x678.png 768w, http:\/\/www.epilepsiahoy.com\/site\/wp-content\/uploads\/2016\/03\/yucatan-1024x903.png 1024w, http:\/\/www.epilepsiahoy.com\/site\/wp-content\/uploads\/2016\/03\/yucatan.png 1087w\" sizes=\"(max-width: 300px) 100vw, 300px\" \/><\/p>\n<p><strong>GADEP YUCAT\u00c1N<br \/>\n<\/strong><strong>GRUPO CLAVEL<\/strong><\/p>\n<p>&nbsp;<\/p>\n<ul>\n<li>Asociaci\u00f3n donataria<\/li>\n<li>Reuniones peri\u00f3dicas<\/li>\n<li>Capacitaci\u00f3n para el trabajo<\/li>\n<li>Difusi\u00f3n en medios de informaci\u00f3n escritos y electr\u00f3nicos<\/li>\n<\/ul>\n<p>Presidenta<\/p>\n<ul>\n<li>Profa. Luz Elena Reyes Calder\u00f3n<\/li>\n<li>Mail: <a href=\"mailto:luzegipto@hotmail.com\">luzegipto@hotmail.com<\/a><\/li>\n<\/ul>\n<p style=\"text-align: center;\">.<\/p>\n<p style=\"padding-left: 150px;\"><iframe loading=\"lazy\" src=\"https:\/\/www.youtube.com\/embed\/bbWvGZJ1zTo?rel=0&amp;showinfo=0\" width=\"480\" height=\"360\" frameborder=\"0\" allowfullscreen=\"allowfullscreen\"><\/iframe><br \/>\n<strong>\u00a0<\/strong><\/p>\n<p style=\"text-align: center;\"><strong><span style=\"color: #000000;\">Documentos<\/span><\/strong><\/p>\n<p style=\"text-align: center;\"><a href=\"http:\/\/epilepsiahoy.com\/Asociaciones\/Yucatan\/1Resiliencia.pdf\" target=\"_blank\" rel=\"noopener\">1 Resiliencia<\/a><br \/>\n<a href=\"http:\/\/epilepsiahoy.com\/Asociaciones\/Yucatan\/2Resiliencia.pdf\" target=\"_blank\" rel=\"noopener\">2 Resiliencia<\/a><br \/>\n<a href=\"http:\/\/epilepsiahoy.com\/Asociaciones\/Yucatan\/3Resiliencia.pdf\" target=\"_blank\" rel=\"noopener\">3 Resiliencia<\/a><br \/>\n<a href=\"http:\/\/epilepsiahoy.com\/Asociaciones\/Yucatan\/4Resiliencia.pdf\" target=\"_blank\" rel=\"noopener\">4 Resiliencia<\/a><br \/>\n<a href=\"http:\/\/epilepsiahoy.com\/Asociaciones\/Yucatan\/5Resiliencia.pdf\" target=\"_blank\" rel=\"noopener\">5 Resiliencia<\/a><br \/>\n<a href=\"http:\/\/epilepsiahoy.com\/Asociaciones\/Yucatan\/ALGUNAS_CLAVES_GENERADORAS_DE_RESILIENCIA.pdf\" target=\"_blank\" rel=\"noopener\">Algunas claves generadoras de resiliencia<\/a><br \/>\n<a href=\"http:\/\/epilepsiahoy.com\/Asociaciones\/Yucatan\/LA_RESILIENCIA_EN_LA_ESCUELA_Y_EN_NUESTRAS_VIDAS.pdf\" target=\"_blank\" rel=\"noopener\">La resiliencia en la escuela y nuestras vidas<\/a><br \/>\n<a href=\"http:\/\/epilepsiahoy.com\/Asociaciones\/Yucatan\/RESILIENCIA_EN_LA_ESCUELA.pdf\" target=\"_blank\" rel=\"noopener\">Resiliencia en la escuela<\/a><br \/>\n<a href=\"http:\/\/epilepsiahoy.com\/Asociaciones\/Yucatan\/Olimpiadas_2006.pdf\" target=\"_blank\" rel=\"noopener\">Olimpiadas 2006<\/a><\/p>\n<p style=\"text-align: center;\"><strong><span style=\"color: #000000;\">GALER\u00cdA DE FOTOS<\/span><\/strong><\/p>\n<p style=\"text-align: center;\"><div id=\"twoj_slideshow_69f66772aa050\" class=\"twoj_slideshow\" data-auto=\"false\"  data-width=\"100%\" data-height=\"0\"  data-minwidth=\"300\" data-minheight=\"0\"  data-maxwidth=\"100%\" data-maxheight=\"0\"  data-ratio=\"800\/600\"  data-nav=\"dots\" data-allowfullscreen=\"true\"  data-arrows=\"true\"  data-keyboard=\"true\"  data-transition=\"slide\"  data-transitionduration=\"300\"  data-loop=\"1\"  data-autoplay=\"5000\"  data-stopautoplayontouch=\"true\"  data-fit=\"contain\"  data-margin=\"2\"  data-thumbmargin=\"2\"  data-thumbborderwidth=\"0\"  data-thumbwidth=\"120\"   data-thumbheight=\"60\" ><a  href=\"http:\/\/www.epilepsiahoy.com\/site\/wp-content\/uploads\/2016\/04\/CIMG2814.jpg\" ><img src=\"http:\/\/www.epilepsiahoy.com\/site\/wp-content\/uploads\/2016\/04\/CIMG2814-300x225.jpg\"  alt=\"CIMG2814\" width=\"300\" height=\"225\"><\/a><a  href=\"http:\/\/www.epilepsiahoy.com\/site\/wp-content\/uploads\/2016\/04\/CIMG2816.jpg\" ><img src=\"http:\/\/www.epilepsiahoy.com\/site\/wp-content\/uploads\/2016\/04\/CIMG2816-300x225.jpg\"  alt=\"CIMG2816\" width=\"300\" height=\"225\"><\/a><a  href=\"http:\/\/www.epilepsiahoy.com\/site\/wp-content\/uploads\/2016\/04\/CIMG2817.jpg\" ><img src=\"http:\/\/www.epilepsiahoy.com\/site\/wp-content\/uploads\/2016\/04\/CIMG2817-300x225.jpg\"  alt=\"CIMG2817\" width=\"300\" height=\"225\"><\/a><a  href=\"http:\/\/www.epilepsiahoy.com\/site\/wp-content\/uploads\/2016\/04\/CIMG2819.jpg\" ><img src=\"http:\/\/www.epilepsiahoy.com\/site\/wp-content\/uploads\/2016\/04\/CIMG2819-300x225.jpg\"  alt=\"CIMG2819\" width=\"300\" height=\"225\"><\/a><a  href=\"http:\/\/www.epilepsiahoy.com\/site\/wp-content\/uploads\/2016\/04\/HPIM4315.jpg\" ><img src=\"http:\/\/www.epilepsiahoy.com\/site\/wp-content\/uploads\/2016\/04\/HPIM4315-300x224.jpg\"  alt=\"HPIM4315\" width=\"300\" height=\"224\"><\/a><a  href=\"http:\/\/www.epilepsiahoy.com\/site\/wp-content\/uploads\/2016\/04\/HPIM4318.jpg\" ><img src=\"http:\/\/www.epilepsiahoy.com\/site\/wp-content\/uploads\/2016\/04\/HPIM4318-300x224.jpg\"  alt=\"HPIM4318\" width=\"300\" height=\"224\"><\/a><a  href=\"http:\/\/www.epilepsiahoy.com\/site\/wp-content\/uploads\/2016\/04\/HPIM4322.jpg\" ><img src=\"http:\/\/www.epilepsiahoy.com\/site\/wp-content\/uploads\/2016\/04\/HPIM4322-300x224.jpg\"  alt=\"HPIM4322\" width=\"300\" height=\"224\"><\/a><a  href=\"http:\/\/www.epilepsiahoy.com\/site\/wp-content\/uploads\/2016\/04\/HPIM4326.jpg\" ><img src=\"http:\/\/www.epilepsiahoy.com\/site\/wp-content\/uploads\/2016\/04\/HPIM4326-300x224.jpg\"  alt=\"HPIM4326\" width=\"300\" height=\"224\"><\/a><a  href=\"http:\/\/www.epilepsiahoy.com\/site\/wp-content\/uploads\/2016\/04\/HPIM4327.jpg\" ><img src=\"http:\/\/www.epilepsiahoy.com\/site\/wp-content\/uploads\/2016\/04\/HPIM4327-300x224.jpg\"  alt=\"HPIM4327\" width=\"300\" height=\"224\"><\/a><a  href=\"http:\/\/www.epilepsiahoy.com\/site\/wp-content\/uploads\/2016\/04\/HPIM4328.jpg\" ><img src=\"http:\/\/www.epilepsiahoy.com\/site\/wp-content\/uploads\/2016\/04\/HPIM4328-300x224.jpg\"  alt=\"HPIM4328\" width=\"300\" height=\"224\"><\/a><a  href=\"http:\/\/www.epilepsiahoy.com\/site\/wp-content\/uploads\/2016\/04\/HPIM4329.jpg\" ><img src=\"http:\/\/www.epilepsiahoy.com\/site\/wp-content\/uploads\/2016\/04\/HPIM4329-300x224.jpg\"  alt=\"HPIM4329\" width=\"300\" height=\"224\"><\/a><a  href=\"http:\/\/www.epilepsiahoy.com\/site\/wp-content\/uploads\/2016\/04\/HPIM4330.jpg\" ><img src=\"http:\/\/www.epilepsiahoy.com\/site\/wp-content\/uploads\/2016\/04\/HPIM4330-300x224.jpg\"  alt=\"HPIM4330\" width=\"300\" height=\"224\"><\/a><a  href=\"http:\/\/www.epilepsiahoy.com\/site\/wp-content\/uploads\/2016\/04\/HPIM4332.jpg\" ><img src=\"http:\/\/www.epilepsiahoy.com\/site\/wp-content\/uploads\/2016\/04\/HPIM4332-300x224.jpg\"  alt=\"HPIM4332\" width=\"300\" height=\"224\"><\/a><a  href=\"http:\/\/www.epilepsiahoy.com\/site\/wp-content\/uploads\/2016\/04\/HPIM4333.jpg\" ><img src=\"http:\/\/www.epilepsiahoy.com\/site\/wp-content\/uploads\/2016\/04\/HPIM4333-300x224.jpg\"  alt=\"HPIM4333\" width=\"300\" height=\"224\"><\/a><a  href=\"http:\/\/www.epilepsiahoy.com\/site\/wp-content\/uploads\/2016\/04\/HPIM4334.jpg\" ><img src=\"http:\/\/www.epilepsiahoy.com\/site\/wp-content\/uploads\/2016\/04\/HPIM4334-300x224.jpg\"  alt=\"HPIM4334\" width=\"300\" height=\"224\"><\/a><a  href=\"http:\/\/www.epilepsiahoy.com\/site\/wp-content\/uploads\/2016\/04\/HPIM4335.jpg\" ><img src=\"http:\/\/www.epilepsiahoy.com\/site\/wp-content\/uploads\/2016\/04\/HPIM4335-300x224.jpg\"  alt=\"HPIM4335\" width=\"300\" height=\"224\"><\/a><a  href=\"http:\/\/www.epilepsiahoy.com\/site\/wp-content\/uploads\/2016\/04\/HPIM4338.jpg\" ><img src=\"http:\/\/www.epilepsiahoy.com\/site\/wp-content\/uploads\/2016\/04\/HPIM4338-300x224.jpg\"  alt=\"HPIM4338\" width=\"300\" height=\"224\"><\/a><a  href=\"http:\/\/www.epilepsiahoy.com\/site\/wp-content\/uploads\/2016\/04\/HPIM4343.jpg\" ><img src=\"http:\/\/www.epilepsiahoy.com\/site\/wp-content\/uploads\/2016\/04\/HPIM4343-300x224.jpg\"  alt=\"HPIM4343\" width=\"300\" height=\"224\"><\/a><a  href=\"http:\/\/www.epilepsiahoy.com\/site\/wp-content\/uploads\/2016\/04\/HPIM4344.jpg\" ><img src=\"http:\/\/www.epilepsiahoy.com\/site\/wp-content\/uploads\/2016\/04\/HPIM4344-300x224.jpg\"  alt=\"HPIM4344\" width=\"300\" height=\"224\"><\/a><a  href=\"http:\/\/www.epilepsiahoy.com\/site\/wp-content\/uploads\/2016\/04\/HPIM4346.jpg\" ><img src=\"http:\/\/www.epilepsiahoy.com\/site\/wp-content\/uploads\/2016\/04\/HPIM4346-300x224.jpg\"  alt=\"HPIM4346\" width=\"300\" height=\"224\"><\/a><a  href=\"http:\/\/www.epilepsiahoy.com\/site\/wp-content\/uploads\/2016\/04\/HPIM4348.jpg\" ><img src=\"http:\/\/www.epilepsiahoy.com\/site\/wp-content\/uploads\/2016\/04\/HPIM4348-300x224.jpg\"  alt=\"HPIM4348\" width=\"300\" height=\"224\"><\/a><a  href=\"http:\/\/www.epilepsiahoy.com\/site\/wp-content\/uploads\/2016\/04\/HPIM4349.jpg\" ><img src=\"http:\/\/www.epilepsiahoy.com\/site\/wp-content\/uploads\/2016\/04\/HPIM4349-300x224.jpg\"  alt=\"HPIM4349\" width=\"300\" height=\"224\"><\/a><a  href=\"http:\/\/www.epilepsiahoy.com\/site\/wp-content\/uploads\/2016\/04\/HPIM4350.jpg\" ><img src=\"http:\/\/www.epilepsiahoy.com\/site\/wp-content\/uploads\/2016\/04\/HPIM4350-300x224.jpg\"  alt=\"HPIM4350\" width=\"300\" height=\"224\"><\/a><a  href=\"http:\/\/www.epilepsiahoy.com\/site\/wp-content\/uploads\/2016\/04\/HPIM4351.jpg\" ><img src=\"http:\/\/www.epilepsiahoy.com\/site\/wp-content\/uploads\/2016\/04\/HPIM4351-300x224.jpg\"  alt=\"HPIM4351\" width=\"300\" height=\"224\"><\/a><a  href=\"http:\/\/www.epilepsiahoy.com\/site\/wp-content\/uploads\/2016\/04\/HPIM4352.jpg\" ><img src=\"http:\/\/www.epilepsiahoy.com\/site\/wp-content\/uploads\/2016\/04\/HPIM4352-300x224.jpg\"  alt=\"HPIM4352\" width=\"300\" height=\"224\"><\/a><a  href=\"http:\/\/www.epilepsiahoy.com\/site\/wp-content\/uploads\/2016\/04\/HPIM4360.jpg\" ><img src=\"http:\/\/www.epilepsiahoy.com\/site\/wp-content\/uploads\/2016\/04\/HPIM4360-300x224.jpg\"  alt=\"HPIM4360\" width=\"300\" height=\"224\"><\/a><a  href=\"http:\/\/www.epilepsiahoy.com\/site\/wp-content\/uploads\/2016\/04\/HPIM5492.jpg\" ><img src=\"http:\/\/www.epilepsiahoy.com\/site\/wp-content\/uploads\/2016\/04\/HPIM5492-300x224.jpg\"  alt=\"HPIM5492\" width=\"300\" height=\"224\"><\/a><a  href=\"http:\/\/www.epilepsiahoy.com\/site\/wp-content\/uploads\/2016\/04\/HPIM5498.jpg\" ><img src=\"http:\/\/www.epilepsiahoy.com\/site\/wp-content\/uploads\/2016\/04\/HPIM5498-300x224.jpg\"  alt=\"HPIM5498\" width=\"300\" height=\"224\"><\/a><a  href=\"http:\/\/www.epilepsiahoy.com\/site\/wp-content\/uploads\/2016\/04\/HPIM5499.jpg\" ><img src=\"http:\/\/www.epilepsiahoy.com\/site\/wp-content\/uploads\/2016\/04\/HPIM5499-300x224.jpg\"  alt=\"HPIM5499\" width=\"300\" height=\"224\"><\/a><a  href=\"http:\/\/www.epilepsiahoy.com\/site\/wp-content\/uploads\/2016\/04\/HPIM5514.jpg\" ><img src=\"http:\/\/www.epilepsiahoy.com\/site\/wp-content\/uploads\/2016\/04\/HPIM5514-300x224.jpg\"  alt=\"HPIM5514\" width=\"300\" height=\"224\"><\/a><a  href=\"http:\/\/www.epilepsiahoy.com\/site\/wp-content\/uploads\/2016\/04\/HPIM5536.jpg\" ><img src=\"http:\/\/www.epilepsiahoy.com\/site\/wp-content\/uploads\/2016\/04\/HPIM5536-300x224.jpg\"  alt=\"HPIM5536\" width=\"300\" height=\"224\"><\/a><a  href=\"http:\/\/www.epilepsiahoy.com\/site\/wp-content\/uploads\/2016\/04\/HPIM5542.jpg\" ><img src=\"http:\/\/www.epilepsiahoy.com\/site\/wp-content\/uploads\/2016\/04\/HPIM5542-224x300.jpg\"  alt=\"HPIM5542\" width=\"224\" height=\"300\"><\/a><a  href=\"http:\/\/www.epilepsiahoy.com\/site\/wp-content\/uploads\/2016\/04\/HPIM5548.jpg\" ><img src=\"http:\/\/www.epilepsiahoy.com\/site\/wp-content\/uploads\/2016\/04\/HPIM5548-300x224.jpg\"  alt=\"HPIM5548\" width=\"300\" height=\"224\"><\/a><a  href=\"http:\/\/www.epilepsiahoy.com\/site\/wp-content\/uploads\/2016\/04\/HPIM5552.jpg\" ><img src=\"http:\/\/www.epilepsiahoy.com\/site\/wp-content\/uploads\/2016\/04\/HPIM5552-300x224.jpg\"  alt=\"HPIM5552\" width=\"300\" height=\"224\"><\/a><a  href=\"http:\/\/www.epilepsiahoy.com\/site\/wp-content\/uploads\/2016\/04\/HPIM5558.jpg\" ><img src=\"http:\/\/www.epilepsiahoy.com\/site\/wp-content\/uploads\/2016\/04\/HPIM5558-300x224.jpg\"  alt=\"HPIM5558\" width=\"300\" height=\"224\"><\/a><a  href=\"http:\/\/www.epilepsiahoy.com\/site\/wp-content\/uploads\/2016\/04\/HPIM5569.jpg\" ><img src=\"http:\/\/www.epilepsiahoy.com\/site\/wp-content\/uploads\/2016\/04\/HPIM5569-300x224.jpg\"  alt=\"HPIM5569\" width=\"300\" height=\"224\"><\/a><a  href=\"http:\/\/www.epilepsiahoy.com\/site\/wp-content\/uploads\/2016\/04\/HPIM5573.jpg\" ><img src=\"http:\/\/www.epilepsiahoy.com\/site\/wp-content\/uploads\/2016\/04\/HPIM5573-300x224.jpg\"  alt=\"HPIM5573\" width=\"300\" height=\"224\"><\/a><a  href=\"http:\/\/www.epilepsiahoy.com\/site\/wp-content\/uploads\/2016\/04\/HPIM5582.jpg\" ><img src=\"http:\/\/www.epilepsiahoy.com\/site\/wp-content\/uploads\/2016\/04\/HPIM5582-300x224.jpg\"  alt=\"HPIM5582\" width=\"300\" height=\"224\"><\/a><a  href=\"http:\/\/www.epilepsiahoy.com\/site\/wp-content\/uploads\/2016\/04\/HPIM5601.jpg\" ><img src=\"http:\/\/www.epilepsiahoy.com\/site\/wp-content\/uploads\/2016\/04\/HPIM5601-300x224.jpg\"  alt=\"HPIM5601\" width=\"300\" height=\"224\"><\/a><a  href=\"http:\/\/www.epilepsiahoy.com\/site\/wp-content\/uploads\/2016\/04\/HPIM5610.jpg\" ><img src=\"http:\/\/www.epilepsiahoy.com\/site\/wp-content\/uploads\/2016\/04\/HPIM5610-300x224.jpg\"  alt=\"HPIM5610\" width=\"300\" height=\"224\"><\/a><a  href=\"http:\/\/www.epilepsiahoy.com\/site\/wp-content\/uploads\/2016\/04\/HPIM5614.jpg\" ><img src=\"http:\/\/www.epilepsiahoy.com\/site\/wp-content\/uploads\/2016\/04\/HPIM5614-300x224.jpg\"  alt=\"HPIM5614\" width=\"300\" height=\"224\"><\/a><a  href=\"http:\/\/www.epilepsiahoy.com\/site\/wp-content\/uploads\/2016\/04\/HPIM5616.jpg\" ><img src=\"http:\/\/www.epilepsiahoy.com\/site\/wp-content\/uploads\/2016\/04\/HPIM5616-300x224.jpg\"  alt=\"HPIM5616\" width=\"300\" height=\"224\"><\/a><a  href=\"http:\/\/www.epilepsiahoy.com\/site\/wp-content\/uploads\/2016\/04\/HPIM5621.jpg\" ><img src=\"http:\/\/www.epilepsiahoy.com\/site\/wp-content\/uploads\/2016\/04\/HPIM5621-300x224.jpg\"  alt=\"HPIM5621\" width=\"300\" height=\"224\"><\/a><a  href=\"http:\/\/www.epilepsiahoy.com\/site\/wp-content\/uploads\/2016\/04\/HPIM5622.jpg\" ><img src=\"http:\/\/www.epilepsiahoy.com\/site\/wp-content\/uploads\/2016\/04\/HPIM5622-300x224.jpg\"  alt=\"HPIM5622\" width=\"300\" height=\"224\"><\/a><a  href=\"http:\/\/www.epilepsiahoy.com\/site\/wp-content\/uploads\/2016\/04\/HPIM4314.jpg\" ><img src=\"http:\/\/www.epilepsiahoy.com\/site\/wp-content\/uploads\/2016\/04\/HPIM4314-300x224.jpg\"  alt=\"HPIM4314\" width=\"300\" height=\"224\"><\/a><a  href=\"http:\/\/www.epilepsiahoy.com\/site\/wp-content\/uploads\/2016\/04\/HPIM4322-1.jpg\" ><img src=\"http:\/\/www.epilepsiahoy.com\/site\/wp-content\/uploads\/2016\/04\/HPIM4322-1-300x224.jpg\"  alt=\"HPIM4322\" width=\"300\" height=\"224\"><\/a><a  href=\"http:\/\/www.epilepsiahoy.com\/site\/wp-content\/uploads\/2016\/04\/HPIM4396.jpg\" ><img src=\"http:\/\/www.epilepsiahoy.com\/site\/wp-content\/uploads\/2016\/04\/HPIM4396-300x224.jpg\"  alt=\"HPIM4396\" width=\"300\" height=\"224\"><\/a><a  href=\"http:\/\/www.epilepsiahoy.com\/site\/wp-content\/uploads\/2016\/04\/HPIM4397.jpg\" ><img src=\"http:\/\/www.epilepsiahoy.com\/site\/wp-content\/uploads\/2016\/04\/HPIM4397-300x224.jpg\"  alt=\"HPIM4397\" width=\"300\" height=\"224\"><\/a><a  href=\"http:\/\/www.epilepsiahoy.com\/site\/wp-content\/uploads\/2016\/04\/HPIM5607.jpg\" ><img src=\"http:\/\/www.epilepsiahoy.com\/site\/wp-content\/uploads\/2016\/04\/HPIM5607-300x224.jpg\"  alt=\"HPIM5607\" width=\"300\" height=\"224\"><\/a><a  href=\"http:\/\/www.epilepsiahoy.com\/site\/wp-content\/uploads\/2016\/04\/HPIM5609.jpg\" ><img src=\"http:\/\/www.epilepsiahoy.com\/site\/wp-content\/uploads\/2016\/04\/HPIM5609-300x224.jpg\"  alt=\"HPIM5609\" width=\"300\" height=\"224\"><\/a><a  href=\"http:\/\/www.epilepsiahoy.com\/site\/wp-content\/uploads\/2016\/04\/SAM_1114.jpg\" ><img src=\"http:\/\/www.epilepsiahoy.com\/site\/wp-content\/uploads\/2016\/04\/SAM_1114-300x225.jpg\"  alt=\"SAM_1114\" width=\"300\" height=\"225\"><\/a><a  href=\"http:\/\/www.epilepsiahoy.com\/site\/wp-content\/uploads\/2016\/04\/SAM_1115.jpg\" ><img src=\"http:\/\/www.epilepsiahoy.com\/site\/wp-content\/uploads\/2016\/04\/SAM_1115-300x225.jpg\"  alt=\"SAM_1115\" width=\"300\" height=\"225\"><\/a><a  href=\"http:\/\/www.epilepsiahoy.com\/site\/wp-content\/uploads\/2016\/04\/SAM_1117.jpg\" ><img src=\"http:\/\/www.epilepsiahoy.com\/site\/wp-content\/uploads\/2016\/04\/SAM_1117-300x225.jpg\"  alt=\"SAM_1117\" width=\"300\" height=\"225\"><\/a><a  href=\"http:\/\/www.epilepsiahoy.com\/site\/wp-content\/uploads\/2016\/04\/SAM_1118.jpg\" ><img src=\"http:\/\/www.epilepsiahoy.com\/site\/wp-content\/uploads\/2016\/04\/SAM_1118-225x300.jpg\"  alt=\"SAM_1118\" width=\"225\" height=\"300\"><\/a><a  href=\"http:\/\/www.epilepsiahoy.com\/site\/wp-content\/uploads\/2016\/04\/SAM_1120.jpg\" ><img src=\"http:\/\/www.epilepsiahoy.com\/site\/wp-content\/uploads\/2016\/04\/SAM_1120-300x225.jpg\"  alt=\"SAM_1120\" width=\"300\" height=\"225\"><\/a><a  href=\"http:\/\/www.epilepsiahoy.com\/site\/wp-content\/uploads\/2016\/04\/SAM_1124.jpg\" ><img src=\"http:\/\/www.epilepsiahoy.com\/site\/wp-content\/uploads\/2016\/04\/SAM_1124-300x225.jpg\"  alt=\"SAM_1124\" width=\"300\" height=\"225\"><\/a><a  href=\"http:\/\/www.epilepsiahoy.com\/site\/wp-content\/uploads\/2016\/04\/SAM_1132.jpg\" ><img src=\"http:\/\/www.epilepsiahoy.com\/site\/wp-content\/uploads\/2016\/04\/SAM_1132-300x225.jpg\"  alt=\"SAM_1132\" width=\"300\" height=\"225\"><\/a><a  href=\"http:\/\/www.epilepsiahoy.com\/site\/wp-content\/uploads\/2016\/04\/SAM_1134.jpg\" ><img src=\"http:\/\/www.epilepsiahoy.com\/site\/wp-content\/uploads\/2016\/04\/SAM_1134-300x225.jpg\"  alt=\"SAM_1134\" width=\"300\" height=\"225\"><\/a><a  href=\"http:\/\/www.epilepsiahoy.com\/site\/wp-content\/uploads\/2016\/04\/SAM_1136.jpg\" ><img src=\"http:\/\/www.epilepsiahoy.com\/site\/wp-content\/uploads\/2016\/04\/SAM_1136-225x300.jpg\"  alt=\"SAM_1136\" width=\"225\" height=\"300\"><\/a><a  href=\"http:\/\/www.epilepsiahoy.com\/site\/wp-content\/uploads\/2016\/04\/SAM_1139.jpg\" ><img src=\"http:\/\/www.epilepsiahoy.com\/site\/wp-content\/uploads\/2016\/04\/SAM_1139-225x300.jpg\"  alt=\"SAM_1139\" width=\"225\" height=\"300\"><\/a><a  href=\"http:\/\/www.epilepsiahoy.com\/site\/wp-content\/uploads\/2016\/04\/SAM_1147.jpg\" ><img src=\"http:\/\/www.epilepsiahoy.com\/site\/wp-content\/uploads\/2016\/04\/SAM_1147-225x300.jpg\"  alt=\"SAM_1147\" width=\"225\" height=\"300\"><\/a><a  href=\"http:\/\/www.epilepsiahoy.com\/site\/wp-content\/uploads\/2016\/04\/SAM_1156.jpg\" ><img src=\"http:\/\/www.epilepsiahoy.com\/site\/wp-content\/uploads\/2016\/04\/SAM_1156-225x300.jpg\"  alt=\"SAM_1156\" width=\"225\" height=\"300\"><\/a><a  href=\"http:\/\/www.epilepsiahoy.com\/site\/wp-content\/uploads\/2016\/04\/SAM_1164.jpg\" ><img src=\"http:\/\/www.epilepsiahoy.com\/site\/wp-content\/uploads\/2016\/04\/SAM_1164-225x300.jpg\"  alt=\"SAM_1164\" width=\"225\" height=\"300\"><\/a><a  href=\"http:\/\/www.epilepsiahoy.com\/site\/wp-content\/uploads\/2016\/04\/SAM_1177.jpg\" ><img src=\"http:\/\/www.epilepsiahoy.com\/site\/wp-content\/uploads\/2016\/04\/SAM_1177-300x225.jpg\"  alt=\"SAM_1177\" width=\"300\" height=\"225\"><\/a><a  href=\"http:\/\/www.epilepsiahoy.com\/site\/wp-content\/uploads\/2016\/04\/SAM_1180.jpg\" ><img src=\"http:\/\/www.epilepsiahoy.com\/site\/wp-content\/uploads\/2016\/04\/SAM_1180-300x225.jpg\"  alt=\"SAM_1180\" width=\"300\" height=\"225\"><\/a><a  href=\"http:\/\/www.epilepsiahoy.com\/site\/wp-content\/uploads\/2016\/04\/SAM_1211.jpg\" ><img src=\"http:\/\/www.epilepsiahoy.com\/site\/wp-content\/uploads\/2016\/04\/SAM_1211-300x225.jpg\"  alt=\"SAM_1211\" width=\"300\" height=\"225\"><\/a><a  href=\"http:\/\/www.epilepsiahoy.com\/site\/wp-content\/uploads\/2016\/04\/SAM_1669.jpg\" ><img src=\"http:\/\/www.epilepsiahoy.com\/site\/wp-content\/uploads\/2016\/04\/SAM_1669-225x300.jpg\"  alt=\"SAM_1669\" width=\"225\" height=\"300\"><\/a><a  href=\"http:\/\/www.epilepsiahoy.com\/site\/wp-content\/uploads\/2016\/04\/SAM_1697.jpg\" ><img src=\"http:\/\/www.epilepsiahoy.com\/site\/wp-content\/uploads\/2016\/04\/SAM_1697-225x300.jpg\"  alt=\"SAM_1697\" width=\"225\" height=\"300\"><\/a><\/div><div style=\"clear: both;\"><\/div><script>var twoj_slideshow_69f66772aa050 = {}, twoj_slideshow_69f66772aa050_css = \"\",\r\n\t\thead = document.head || document.getElementsByTagName(\"head\")[0],\r\n\t\tstyle = document.createElement(\"style\");\r\n\t\tstyle.type = \"text\/css\";\r\n\t\tif (style.styleSheet) style.styleSheet.cssText = twoj_slideshow_69f66772aa050_css;\r\n\t\t\telse  style.appendChild(document.createTextNode(twoj_slideshow_69f66772aa050_css));\r\n\t\thead.appendChild(style);<\/script>\n","protected":false},"excerpt":{"rendered":"<p>GADEP YUCAT\u00c1N GRUPO CLAVEL &nbsp; Asociaci\u00f3n donataria Reuniones peri\u00f3dicas Capacitaci\u00f3n para el trabajo Difusi\u00f3n en medios de informaci\u00f3n escritos y electr\u00f3nicos Presidenta Profa. Luz Elena Reyes Calder\u00f3n Mail: luzegipto@hotmail.com . \u00a0 Documentos 1 Resiliencia 2 Resiliencia 3 Resiliencia 4 Resiliencia 5 Resiliencia Algunas claves generadoras de resiliencia La resiliencia en la escuela y nuestras vidas &hellip;<\/p>\n<p class=\"read-more\"> <a class=\"\" href=\"http:\/\/www.epilepsiahoy.com\/site\/yucatan\/\"> <span class=\"screen-reader-text\">Yucat\u00e1n<\/span> Leer m\u00e1s &raquo;<\/a><\/p>\n","protected":false},"author":2,"featured_media":0,"parent":0,"menu_order":0,"comment_status":"closed","ping_status":"closed","template":"","meta":[],"_links":{"self":[{"href":"http:\/\/www.epilepsiahoy.com\/site\/wp-json\/wp\/v2\/pages\/261"}],"collection":[{"href":"http:\/\/www.epilepsiahoy.com\/site\/wp-json\/wp\/v2\/pages"}],"about":[{"href":"http:\/\/www.epilepsiahoy.com\/site\/wp-json\/wp\/v2\/types\/page"}],"author":[{"embeddable":true,"href":"http:\/\/www.epilepsiahoy.com\/site\/wp-json\/wp\/v2\/users\/2"}],"replies":[{"embeddable":true,"href":"http:\/\/www.epilepsiahoy.com\/site\/wp-json\/wp\/v2\/comments?post=261"}],"version-history":[{"count":22,"href":"http:\/\/www.epilepsiahoy.com\/site\/wp-json\/wp\/v2\/pages\/261\/revisions"}],"predecessor-version":[{"id":793,"href":"http:\/\/www.epilepsiahoy.com\/site\/wp-json\/wp\/v2\/pages\/261\/revisions\/793"}],"wp:attachment":[{"href":"http:\/\/www.epilepsiahoy.com\/site\/wp-json\/wp\/v2\/media?parent=261"}],"curies":[{"name":"wp","href":"https:\/\/api.w.org\/{rel}","templated":true}]}}