{"id":32,"date":"2016-01-18T23:22:00","date_gmt":"2016-01-18T23:22:00","guid":{"rendered":"http:\/\/www.epilepsiahoy.com\/site\/?page_id=32"},"modified":"2021-05-05T16:54:19","modified_gmt":"2021-05-05T16:54:19","slug":"jovenes-gadep","status":"publish","type":"page","link":"http:\/\/www.epilepsiahoy.com\/site\/jovenes-gadep\/","title":{"rendered":"J\u00f3venes GADEP"},"content":{"rendered":"<h6 align=\"justify\"><span class=\"body\" style=\"color: #000000;\"><span style=\"font-family: Arial;\">Por: Enzo Hern\u00e1ndez<\/span><br \/><\/span><span class=\"body\"><span style=\"color: #000000; font-family: Arial;\">\u00a0\u00a0\u00a0\u00a0\u00a0\u00a0\u00a0Patricia Ferreriz<\/span><br \/><span style=\"color: #000000; font-family: Arial;\">\u00a0\u00a0\u00a0\u00a0\u00a0\u00a0\u00a0Ariathna C\u00e1rdenas<\/span><br \/><span style=\"color: #000000; font-family: Arial;\">\u00a0\u00a0\u00a0\u00a0\u00a0\u00a0\u00a0Jade Rivera<\/span><br \/><span style=\"color: #003366; font-family: Arial;\"><span style=\"color: #000000;\">\u00a0\u00a0\u00a0\u00a0\u00a0\u00a0\u00a0David Guti\u00e9rrez<\/span><br \/><\/span><\/span><span style=\"color: #003366; font-family: Arial; font-size: small;\"><br \/><\/span><\/h6>\n<div align=\"justify\">\u00a0<img loading=\"lazy\" class=\"aligncenter\" src=\"http:\/\/epilepsiahoy.com\/imagenes\/f1.jpg\" alt=\"\" width=\"400\" height=\"144\" \/><\/div>\n<div align=\"justify\"><span style=\"color: #ffffff;\">.<\/span><\/div>\n<div align=\"justify\">\u00a0<\/div>\n<div align=\"justify\">\u00a0<\/div>\n<div style=\"text-align: left;\" align=\"justify\">\n<p><span style=\"color: #000000;\">El pasado mes de agosto se celebr\u00f3 en Alemania el \u00abIntercambio Latinoamericano de J\u00f3venes con Epilepsia 2002\u00bb (LAYE 2002) donde, j\u00f3venes de M\u00e9xico (a trav\u00e9s de GADEP), Chile y Argentina asistieron en representaci\u00f3n de Am\u00e9rica Latina (AL) para interactuar con j\u00f3venes de Alemania, Holanda, Malta, Irlanda y Suecia. Todos, entre 17 y 27 a\u00f1os.<\/span><span style=\"color: #000000;\">El intercambio fue planeado por la organizaci\u00f3n \u00abEpilepsia y Juventud en Europa\u00bb (EYIE), con el apoyo del programa \u00abJuventud\u00bb de la Uni\u00f3n Europea, y el Bur\u00f3 Internacional contra la Epilepsia (IBE). La idea del \u00abLAYE 2002\u00bb era que los participantes:<\/span><\/p>\n<p>\u00a0<\/p>\n<div class=\"body\" align=\"left\">\n<div style=\"text-align: left;\" align=\"justify\">\n<p><span style=\"color: #000000;\"><b>1.<\/b> Conocieran m\u00e1s acerca de temas sociales clave y relevantes para la gente con epilepsia en otros pa\u00edses considerando las diferencias culturales que permitieran una mejor comprensi\u00f3n y tratamiento de tales temas.<b><\/b><\/span><\/p>\n<p>2. Identificaran sus necesidades como j\u00f3venes con la intenci\u00f3n de defender su cumplimiento.<\/p>\n<p><span style=\"color: #000000;\"><b>3.<\/b> Se entrevistaran con otros j\u00f3venes con el fin de influir en los dem\u00e1s acerca de los principales temas sociales y de salud a los que se enfrentan j\u00f3venes con epilepsia en la sociedad actual.<b><\/b><\/span><\/p>\n<p>4. Proveyeran los elementos para producir un libro de trabajo donde se recuperaran las discusiones de los principales temas sociales que enfrentan j\u00f3venes con epilepsia de Europa y AL.<b><\/b><\/p>\n<p>5. Contin\u00faen colaborando, produciendo paginas de Internet para j\u00f3venes con epilepsia en Europa y AL, adem\u00e1s de participar en un sitio web dedicado para cooperaci\u00f3n entre Europa y AL.<\/p>\n<p><span style=\"color: #000000;\"><b>6.<\/b> Sigan desarrollando sus habilidades en la computadora, creando conciencia a trav\u00e9s del Internet como j\u00f3venes activistas en el movimiento de la epilepsia.<b><\/b><\/span><\/p>\n<p>7. Desarrollen una mayor asociaci\u00f3n entre organizaciones de epilepsia en Europa y AL.<\/p>\n<\/div>\n<\/div>\n<div class=\"body\" align=\"left\">\n<div style=\"text-align: left;\" align=\"justify\"><span style=\"color: #000000;\">Ante la oferta de actividades se opt\u00f3 por conformar equipos multiculturales integrados en talleres de c\u00f3mputo, pintura, radio y video. Los resultados obtenidos fueron muchos y variados, por ejemplo, el caso de el taller de video que en s\u00f3lo 52 segundos mostraba una secuencia de im\u00e1genes donde chicos y chicas con epilepsia se desenvolv\u00edan perfectamente en diferentes actividades de convivencia social (cotidianas y de entretenimiento) cerrando con los lemas: \u00abLa vida es para vivirse\u00bb y \u00abEs f\u00e1cil si T\u00da quieres\u00bb . El grupo que particip\u00f3 en esta producci\u00f3n coment\u00f3 que su intenci\u00f3n con la elaboraci\u00f3n del video es motivar a que j\u00f3venes con epilepsia orienten e informen s\u00ed a quienes la han conocido en carne propia, pero m\u00e1s a\u00fan a quienes siguen con la idea (en su mayor\u00eda gente que no la padece) de que la epilepsia es s\u00f3lo un caso cl\u00ednico m\u00e1s, o una justificaci\u00f3n para materializar el miedo hacia uno mismo o hacia los dem\u00e1s.<\/span><\/div>\n<\/div>\n<p><span style=\"color: #000000;\">He aqu\u00ed un comentario de una participante mexicana:<\/span><span style=\"color: #000000;\"><i>\u00abAlemania, Agosto 2002.<\/i><\/span><span style=\"color: #000000;\"><i>Este viaje me hizo comprender muchas cosas importantes.<\/i><\/span><\/p>\n<div class=\"body\" style=\"text-align: left;\" align=\"left\">\n<div align=\"justify\"><span style=\"color: #000000;\"><i>Lo vivido en Bielefield, Alemania fue m\u00e1s que haber conocido este pa\u00eds. Fue haber tenido la oportunidad de tener contacto con tantos j\u00f3venes que como yo tienen epilepsia, aunque con diferentes costumbres, gustos personales, religiones, situaci\u00f3n econ\u00f3mica, etc. todos persiguiendo el mismo fin, que la gente como nosotros tenga las mismas oportunidad en todos los \u00e1mbitos de la vida. As\u00ed como difundir la enfermedad y \u00abRomper con los Muros\u00bb como era el lema de este congreso.<\/i><\/span><\/div>\n<\/div>\n<div class=\"body\" align=\"left\">\n<div style=\"text-align: left;\" align=\"justify\"><span style=\"color: #000000;\"><i>Este viaje me permiti\u00f3 descubrir lo importante que es, en mi caso, ayudar a alguien con una problem\u00e1tica social a causa de nuestra enfermedad.<\/i><\/span><\/div>\n<\/div>\n<div class=\"body\" align=\"left\">\n<div align=\"justify\"><span style=\"color: #000000;\"><i>Me permit\u00ed descubrir y aceptar la falta de preparaci\u00f3n y de informaci\u00f3n que tengo acerca de mi enfermedad.<\/i><\/span><\/div>\n<\/div>\n<div class=\"body\" align=\"left\">\n<div style=\"text-align: left;\" align=\"justify\"><span style=\"color: #000000;\"><i>Me di cuenta de que para m\u00ed no ha sido problema mi enfermedad, como para otros compa\u00f1eros. A partir de este viaje me siento con el deber moral de compartir la ense\u00f1anza adquirida en Alemania con otros compa\u00f1eros, tratando de informar a la gente de nuestra enfermedad, para terminar por fin con todos los prejuicios que se han formado acerca de esta enfermedad por falta de informaci\u00f3n.<\/i><\/span><\/div>\n<\/div>\n<div class=\"body\" style=\"text-align: left;\" align=\"left\">\n<div align=\"justify\"><span style=\"color: #000000;\"><i>Me di cuenta que en el Grupo GADEP la mayor\u00eda tiene problemas en su integraci\u00f3n a la sociedad y quiero compartirles que todos los chicos que estuvimos en este maravilloso congreso (Alemania, Irlanda, Malta, Suecia, Argentina, Chile, M\u00e9xico), llevamos una vida de los m\u00e1s normal, son estudiantes, empleados, hijos, hermanos, novios, amantes y ,lo mas importante, son seres humanos muy valiosos.<\/i><\/span><\/div>\n<\/div>\n<div class=\"body\" align=\"left\">\n<div style=\"text-align: left;\" align=\"justify\"><span style=\"color: #000000;\"><i>Tuvimos varias actividades, las cuales percib\u00ed como una muestra de podemos hacer lo que nos plazca. Desde talleres hasta actividades deportivas. Irnos una noche a un antro a bailar. Y algo que para mi fue muy enriquecedor que nos dieron a cada pa\u00eds la oportunidad de mostrar a todos algo de nuestro pa\u00eds.\u00bb<\/i><\/span><\/div>\n<\/div>\n<p><span style=\"color: #000000;\"><b>Epilepsia: m\u00e1s que un estilo de vida, una forma de superaci\u00f3n.<\/b><\/span><\/p>\n<div class=\"body\" align=\"left\">\n<div style=\"text-align: left;\" align=\"justify\">\n<p><span style=\"color: #000000;\">Otra parte importante del evento fue conocer las instalaciones \u00abBethel\u00bb el complejo de atenci\u00f3n humanitaria m\u00e1s grande de Europa. Para lograrlo, parte de la planeaci\u00f3n consisti\u00f3 en hospedarnos la mayor parte de nuestra estancia en el hotel Lindenholf, en Bielefeld, lugar donde tambi\u00e9n se realizaron la mayor parte de las actividades como talleres, conferencias y encuentros, donde se compart\u00eda con los dem\u00e1s informaci\u00f3n, actividades relacionadas con la cultura, tradiciones y alimentos de cada pa\u00eds.<\/span><\/p>\n<p>\u00a0<\/p>\n<\/div>\n<\/div>\n<div align=\"center\">\n<p><span style=\"color: #000000;\"><img loading=\"lazy\" src=\"http:\/\/epilepsiahoy.com\/imagenes\/f2.jpg\" alt=\"\" width=\"181\" height=\"136\" \/><\/span><\/p>\n<p>\u00a0<\/p>\n<\/div>\n<div align=\"center\">\u00a0<\/div>\n<\/div>\n<div style=\"text-align: left;\" align=\"center\">\n<p><span style=\"color: #000000;\">Lindenholf es parte de un proyecto que otorga formaci\u00f3n profesional exclusivamente a j\u00f3venes con epilepsia.<\/span><\/p>\n<p><span style=\"color: #000000;\">El hotel funciona desde hace dos a\u00f1os ofreciendo 30 puestos de formaci\u00f3n profesional. La mayor\u00eda de los hu\u00e9spedes (p\u00fablico en general) sabe de las condiciones del personal cuando llegan a las instalaciones y, aunque siguen existiendo quienes creen que un buen servicio y la epilepsia parecen no ser compatibles, despu\u00e9s de pasar unos d\u00edas en Lindenholf su punto de vista cambia. La formaci\u00f3n en el hotel logra un reconocimiento muy grande para el objetivo de las personas con epilepsia: el liberarse de su papel de \u00absegregados\u00bb de la sociedad.<\/span><\/p>\n<p><span style=\"color: #000000;\">Otro importante \u00abintegrante\u00bb del complejo \u00abBethel\u00bb es el Centro de Atenci\u00f3n a la Epilepsia (a corta distancia del hotel), que ofrece alternativas de diagn\u00f3stico altamente especializadas y personal calificado, ubic\u00e1ndolo entre los principales centros para tratamiento y rehabilitaci\u00f3n de personas que presentan crisis epil\u00e9pticas.<\/span><\/p>\n<p>\u00a0<\/p>\n<div style=\"text-align: center;\" align=\"justify\">\u00a0<\/div>\n<div style=\"text-align: center;\" align=\"justify\">\u00a0<\/div>\n<div style=\"text-align: center;\" align=\"justify\">\n<p><span style=\"color: #000000;\"><img loading=\"lazy\" src=\"http:\/\/epilepsiahoy.com\/imagenes\/f3.jpg\" alt=\"\" width=\"135\" height=\"180\" \/><\/span><\/p>\n<p>\u00a0<\/p>\n<\/div>\n<div style=\"text-align: center;\" align=\"justify\">\u00a0<\/div>\n<\/div>\n<div style=\"text-align: center;\" align=\"justify\">\n<div class=\"body\" align=\"left\">\n<div style=\"text-align: left;\" align=\"justify\"><span style=\"color: #000000;\">Cuando la gente muestra una larga trayectoria de enfermedad, al llegar a Bethel se le reajusta su medicamento, o se prueban alternativas. Asimismo, la terapia de entrenamiento y los procedimientos psicoterp\u00e9uticos han mostrado ser de mucha ayuda. En casos muy espec\u00edficos y tras intensos ex\u00e1menes preliminares, algunos pacientes pueden optar por la cirug\u00eda. <\/span><\/div>\n<\/div>\n<div class=\"body\" align=\"left\">\n<div style=\"text-align: left;\" align=\"justify\">\n<p><span style=\"color: #000000;\">El Centro tambi\u00e9n provee asistencia con dificultades relacionadas al trabajo y la epilepsia. De hecho, existe un Centro de Entrenamiento Vocacional que es el \u00fanico en su tipo de toda Alemania y se especializa en proveer entrenamiento ocupacional primario para j\u00f3venes con epilepsia. Tambi\u00e9n existe una escuela que provee de apoyo social y educativo al Centro de Entrenamiento Vocacional. Los Servicios Sociales y Servicio Psicol\u00f3gico del Centro de Entrenamiento Vocacional, ofrecen orientaci\u00f3n y ayuda para desarrollar una vida independiente. <\/span><\/p>\n<p><span style=\"color: #000000;\">En s\u00edntesis, Bethel es considerada como una idea donde se promueve la interacci\u00f3n con gente en desventaja social, personas con discapacidades y enfermedades en la sociedad, para crear una comunidad respetuosa. Cuando se requiere, Bethel env\u00eda sus propias ofertas, coopera con otras instituciones de apoyo o asesora y apoya iniciativas en el lugar. Se crean comunidades como ejemplo donde varias personas pueden vivir juntas (p. ej. aquellos que utilizan sus servicios, quienes trabajan en sus instalaciones, y gente que quiere vivir en sus comunidades por varias razones). De esta forma, se permite la participaci\u00f3n de todos los grupos involucrados en un proceso creativo constante.<\/span><\/p>\n<\/div>\n<\/div>\n<\/div>\n<div align=\"center\">\u00a0<\/div>\n<div align=\"center\"><span style=\"color: #ffffff;\">.<\/span><\/div>\n<div align=\"center\"><span style=\"color: #000000;\"><img loading=\"lazy\" src=\"http:\/\/epilepsiahoy.com\/imagenes\/f4.jpg\" alt=\"\" width=\"184\" height=\"126\" \/><\/span><\/div>\n<div align=\"center\">\u00a0<\/div>\n<div align=\"justify\">\u00a0<\/div>\n<div align=\"justify\">\u00a0<\/div>\n\n\n<figure class=\"wp-block-table is-style-stripes\"><table class=\"has-fixed-layout\"><tbody><tr><td class=\"has-text-align-center\" data-align=\"center\"><a href=\"http:\/\/www.epilepsiahoy.com\/site\/actividades-gadep\/\" data-type=\"page\" data-id=\"1006\">ACTIVIDADES GADEP<\/a><\/td><\/tr><\/tbody><\/table><\/figure>\n","protected":false},"excerpt":{"rendered":"<p>Por: Enzo Hern\u00e1ndez\u00a0\u00a0\u00a0\u00a0\u00a0\u00a0\u00a0Patricia Ferreriz\u00a0\u00a0\u00a0\u00a0\u00a0\u00a0\u00a0Ariathna C\u00e1rdenas\u00a0\u00a0\u00a0\u00a0\u00a0\u00a0\u00a0Jade Rivera\u00a0\u00a0\u00a0\u00a0\u00a0\u00a0\u00a0David Guti\u00e9rrez \u00a0 . \u00a0 \u00a0 El pasado mes de agosto se celebr\u00f3 en Alemania el \u00abIntercambio Latinoamericano de J\u00f3venes con Epilepsia 2002\u00bb (LAYE 2002) donde, j\u00f3venes de M\u00e9xico (a trav\u00e9s de GADEP), Chile y Argentina asistieron en representaci\u00f3n de Am\u00e9rica Latina (AL) para interactuar con j\u00f3venes de Alemania, Holanda, &hellip;<\/p>\n<p class=\"read-more\"> <a class=\"\" href=\"http:\/\/www.epilepsiahoy.com\/site\/jovenes-gadep\/\"> <span class=\"screen-reader-text\">J\u00f3venes GADEP<\/span> Leer m\u00e1s &raquo;<\/a><\/p>\n","protected":false},"author":1,"featured_media":0,"parent":0,"menu_order":0,"comment_status":"closed","ping_status":"closed","template":"","meta":[],"_links":{"self":[{"href":"http:\/\/www.epilepsiahoy.com\/site\/wp-json\/wp\/v2\/pages\/32"}],"collection":[{"href":"http:\/\/www.epilepsiahoy.com\/site\/wp-json\/wp\/v2\/pages"}],"about":[{"href":"http:\/\/www.epilepsiahoy.com\/site\/wp-json\/wp\/v2\/types\/page"}],"author":[{"embeddable":true,"href":"http:\/\/www.epilepsiahoy.com\/site\/wp-json\/wp\/v2\/users\/1"}],"replies":[{"embeddable":true,"href":"http:\/\/www.epilepsiahoy.com\/site\/wp-json\/wp\/v2\/comments?post=32"}],"version-history":[{"count":8,"href":"http:\/\/www.epilepsiahoy.com\/site\/wp-json\/wp\/v2\/pages\/32\/revisions"}],"predecessor-version":[{"id":1104,"href":"http:\/\/www.epilepsiahoy.com\/site\/wp-json\/wp\/v2\/pages\/32\/revisions\/1104"}],"wp:attachment":[{"href":"http:\/\/www.epilepsiahoy.com\/site\/wp-json\/wp\/v2\/media?parent=32"}],"curies":[{"name":"wp","href":"https:\/\/api.w.org\/{rel}","templated":true}]}}