{"id":327,"date":"2016-04-01T19:25:04","date_gmt":"2016-04-01T19:25:04","guid":{"rendered":"http:\/\/www.epilepsiahoy.com\/site\/?page_id=327"},"modified":"2021-04-13T18:48:58","modified_gmt":"2021-04-13T18:48:58","slug":"dia-internacional-de-la-epilepsia-2015","status":"publish","type":"page","link":"http:\/\/www.epilepsiahoy.com\/site\/dia-internacional-de-la-epilepsia-2015\/","title":{"rendered":"D\u00eda Internacional de la epilepsia 2015"},"content":{"rendered":"<h4 style=\"text-align: center;\"><img loading=\"lazy\" class=\"aligncenter wp-image-79\" src=\"http:\/\/www.epilepsiahoy.com\/site\/wp-content\/uploads\/2016\/01\/kt_slide_02-1024x394.jpg\" alt=\"kt_slide_02\" width=\"590\" height=\"227\" srcset=\"http:\/\/www.epilepsiahoy.com\/site\/wp-content\/uploads\/2016\/01\/kt_slide_02-1024x394.jpg 1024w, http:\/\/www.epilepsiahoy.com\/site\/wp-content\/uploads\/2016\/01\/kt_slide_02-300x115.jpg 300w, http:\/\/www.epilepsiahoy.com\/site\/wp-content\/uploads\/2016\/01\/kt_slide_02-768x295.jpg 768w, http:\/\/www.epilepsiahoy.com\/site\/wp-content\/uploads\/2016\/01\/kt_slide_02.jpg 1170w\" sizes=\"(max-width: 590px) 100vw, 590px\" \/><\/h4>\n<p>&nbsp;<\/p>\n<p style=\"text-align: center;\">\n<p style=\"text-align: center;\"><a href=\"http:\/\/epilepsiahoy.com\/DiaMundialEpilepsia\/2015\/memorias\/Programa.pdf\" target=\"_blank\" rel=\"noopener\">Programa<\/a><\/p>\n<p style=\"text-align: center;\"><a href=\"http:\/\/epilepsiahoy.com\/DiaMundialEpilepsia\/2015\/memorias\/1EPILEPSIA_UN_PROBLEMA_DE_SALUD_PUBLICA.pdf\" target=\"_blank\" rel=\"noopener\">Epilepsia: un problema de Salud P\u00fablica<\/a><br \/>\nDra. Lilia N\u00fa\u00f1ez Orozco<\/p>\n<p style=\"text-align: center;\"><a href=\"http:\/\/epilepsiahoy.com\/DiaMundialEpilepsia\/2015\/memorias\/2LA%20IMPORTANCIA_DEL_DIAGNOSTICO_OPORTUNO.pdf\" target=\"_blank\" rel=\"noopener\">\u201cLa importancia del diagn\u00f3stico oportuno de la Epilepsia\u201d<\/a><br \/>\nDra. Iris E. Mart\u00ednez Ju\u00e1rez<\/p>\n<p style=\"text-align: center;\"><a href=\"http:\/\/epilepsiahoy.com\/DiaMundialEpilepsia\/2015\/memorias\/3EL_TRATAMIENTO_DE_LA%20_EPILEPSIA.pdf\" target=\"_blank\" rel=\"noopener\">Tratamiento de las personas con Epilepsia<\/a><br \/>\nDra. Gloria de Lourdes Llamosa G. V.<\/p>\n<p style=\"text-align: center;\"><a href=\"http:\/\/epilepsiahoy.com\/DiaMundialEpilepsia\/2015\/memorias\/4EPILEPSIA_DE_DIFICIL_CONTROL.pdf\" target=\"_blank\" rel=\"noopener\">Epilepsia de dif\u00edcil control<\/a><br \/>\nDra. Minerva L\u00f3pez Ruiz<\/p>\n<p style=\"text-align: center;\"><a href=\"http:\/\/epilepsiahoy.com\/DiaMundialEpilepsia\/2015\/memorias\/5COMPLICACIONES_DE_LA_EPILEPSIA.pdf\" target=\"_blank\" rel=\"noopener\">Complicaciones en Epilepsia<\/a><b><br \/>\n<\/b>Dr. En C.M. Roberto Alfonso Su\u00e1stegui Rom\u00e1n<\/p>\n","protected":false},"excerpt":{"rendered":"<p>&nbsp; Programa Epilepsia: un problema de Salud P\u00fablica Dra. Lilia N\u00fa\u00f1ez Orozco \u201cLa importancia del diagn\u00f3stico oportuno de la Epilepsia\u201d Dra. Iris E. Mart\u00ednez Ju\u00e1rez Tratamiento de las personas con Epilepsia Dra. Gloria de Lourdes Llamosa G. V. Epilepsia de dif\u00edcil control Dra. Minerva L\u00f3pez Ruiz Complicaciones en Epilepsia Dr. En C.M. Roberto Alfonso Su\u00e1stegui &hellip;<\/p>\n<p class=\"read-more\"> <a class=\"\" href=\"http:\/\/www.epilepsiahoy.com\/site\/dia-internacional-de-la-epilepsia-2015\/\"> <span class=\"screen-reader-text\">D\u00eda Internacional de la epilepsia 2015<\/span> Leer m\u00e1s &raquo;<\/a><\/p>\n","protected":false},"author":2,"featured_media":0,"parent":0,"menu_order":0,"comment_status":"closed","ping_status":"closed","template":"","meta":[],"_links":{"self":[{"href":"http:\/\/www.epilepsiahoy.com\/site\/wp-json\/wp\/v2\/pages\/327"}],"collection":[{"href":"http:\/\/www.epilepsiahoy.com\/site\/wp-json\/wp\/v2\/pages"}],"about":[{"href":"http:\/\/www.epilepsiahoy.com\/site\/wp-json\/wp\/v2\/types\/page"}],"author":[{"embeddable":true,"href":"http:\/\/www.epilepsiahoy.com\/site\/wp-json\/wp\/v2\/users\/2"}],"replies":[{"embeddable":true,"href":"http:\/\/www.epilepsiahoy.com\/site\/wp-json\/wp\/v2\/comments?post=327"}],"version-history":[{"count":5,"href":"http:\/\/www.epilepsiahoy.com\/site\/wp-json\/wp\/v2\/pages\/327\/revisions"}],"predecessor-version":[{"id":785,"href":"http:\/\/www.epilepsiahoy.com\/site\/wp-json\/wp\/v2\/pages\/327\/revisions\/785"}],"wp:attachment":[{"href":"http:\/\/www.epilepsiahoy.com\/site\/wp-json\/wp\/v2\/media?parent=327"}],"curies":[{"name":"wp","href":"https:\/\/api.w.org\/{rel}","templated":true}]}}