{"id":38,"date":"2016-01-18T23:23:53","date_gmt":"2016-01-18T23:23:53","guid":{"rendered":"http:\/\/www.epilepsiahoy.com\/site\/?page_id=38"},"modified":"2023-08-17T23:47:24","modified_gmt":"2023-08-17T23:47:24","slug":"entrevistas","status":"publish","type":"page","link":"http:\/\/www.epilepsiahoy.com\/site\/entrevistas\/","title":{"rendered":"Entrevistas"},"content":{"rendered":"<p><span style=\"color: #000000;\">La Direcci\u00f3n General de las Secundarias T\u00e9cnicas del DF se comunica con sus planteles a trav\u00e9s de programas transmitidos por Internet en los que tratan diversos temas de inter\u00e9s general, entre los cuales se ha incluido la epilepsia. El \u00faltimo mi\u00e9rcoles de cada mes durante los ciclos escolares, se lleva a cabo una entrevista a la Dra. Lilia N\u00fa\u00f1ez Orozco, Jefe del Servicio de Neurolog\u00eda del CMN 20 de Noviembre, ISSSTE y Presidente del Grupo \u00abAceptaci\u00f3n\u00bb de Epilepsia, Cap\u00edtulo Mexicano del Bur\u00f3 Internacional para la Epilepsia, quien aborda el tema desde el punto de vista m\u00e9dico y psicosocial.\u00a0<\/span><\/p>\n<p><span style=\"color: #000000;\">Las entrevistas permiten la intercomunicaci\u00f3n con la audiencia en tiempo real, se reciben comentarios y se responden las dudas que se plantean.\u00a0<\/span><\/p>\n<p><span style=\"color: #000000;\">Cuando tengan oportunidad de revisarlas, en caso de dudas les agradeceremos enviarlas a trav\u00e9s de la secci\u00f3n Consultorio de esta p\u00e1gina.\u00a0<\/span><\/p>\n<p>\u00a0<\/p>\n<div class=\"kad-youtube-shortcode videofit\"  ><iframe width=\"600\" height=\"400\" src=\"\/\/www.youtube.com\/embed\/gko-TW709Co?autoplay=0&amp;controls=1&amp;fs=1&amp;modestbranding=0&amp;theme=dark&amp;rel=0&amp;loop=0\" frameborder=\"0\" allowfullscreen=\"true\"><\/iframe><\/div>\n<p><span style=\"color: #ffffff;\">.<\/span><\/p>\n<div class=\"kad-youtube-shortcode videofit\"  ><iframe width=\"600\" height=\"400\" src=\"\/\/www.youtube.com\/embed\/CdXNrpwVvN0?autoplay=0&amp;controls=1&amp;fs=1&amp;modestbranding=0&amp;theme=dark&amp;rel=0&amp;loop=0\" frameborder=\"0\" allowfullscreen=\"true\"><\/iframe><\/div>\n<p><span style=\"color: #ffffff;\">.<\/span><\/p>\n<div class=\"kad-youtube-shortcode videofit\"  ><iframe width=\"600\" height=\"400\" src=\"\/\/www.youtube.com\/embed\/_CqOTgIpPOE?autoplay=0&amp;controls=1&amp;fs=1&amp;modestbranding=0&amp;theme=dark&amp;rel=0&amp;loop=0\" frameborder=\"0\" allowfullscreen=\"true\"><\/iframe><\/div>\n<p><span style=\"color: #ffffff;\">.<\/span><\/p>\n<div class=\"kad-youtube-shortcode videofit\"  ><iframe width=\"600\" height=\"400\" src=\"\/\/www.youtube.com\/embed\/-QxGWhj72mw?autoplay=0&amp;controls=1&amp;fs=1&amp;modestbranding=0&amp;theme=dark&amp;rel=0&amp;loop=0\" frameborder=\"0\" allowfullscreen=\"true\"><\/iframe><\/div>\n<p>\u00a0<\/p>\n\n\n<figure class=\"wp-block-embed is-type-video is-provider-youtube wp-block-embed-youtube wp-embed-aspect-16-9 wp-has-aspect-ratio\"><div class=\"wp-block-embed__wrapper\">\n<div class=\"ast-oembed-container\"><iframe loading=\"lazy\" title=\"Testimonio \u00c1ngeles Mastretta - la vida con Epilepsia\" width=\"500\" height=\"281\" src=\"https:\/\/www.youtube.com\/embed\/RXN-5S8792U?feature=oembed\" frameborder=\"0\" allow=\"accelerometer; autoplay; clipboard-write; encrypted-media; gyroscope; picture-in-picture; web-share\" allowfullscreen><\/iframe><\/div>\n<\/div><\/figure>\n","protected":false},"excerpt":{"rendered":"<p>La Direcci\u00f3n General de las Secundarias T\u00e9cnicas del DF se comunica con sus planteles a trav\u00e9s de programas transmitidos por Internet en los que tratan diversos temas de inter\u00e9s general, entre los cuales se ha incluido la epilepsia. El \u00faltimo mi\u00e9rcoles de cada mes durante los ciclos escolares, se lleva a cabo una entrevista a &hellip;<\/p>\n<p class=\"read-more\"> <a class=\"\" href=\"http:\/\/www.epilepsiahoy.com\/site\/entrevistas\/\"> <span class=\"screen-reader-text\">Entrevistas<\/span> Leer m\u00e1s &raquo;<\/a><\/p>\n","protected":false},"author":1,"featured_media":0,"parent":0,"menu_order":0,"comment_status":"closed","ping_status":"closed","template":"","meta":[],"_links":{"self":[{"href":"http:\/\/www.epilepsiahoy.com\/site\/wp-json\/wp\/v2\/pages\/38"}],"collection":[{"href":"http:\/\/www.epilepsiahoy.com\/site\/wp-json\/wp\/v2\/pages"}],"about":[{"href":"http:\/\/www.epilepsiahoy.com\/site\/wp-json\/wp\/v2\/types\/page"}],"author":[{"embeddable":true,"href":"http:\/\/www.epilepsiahoy.com\/site\/wp-json\/wp\/v2\/users\/1"}],"replies":[{"embeddable":true,"href":"http:\/\/www.epilepsiahoy.com\/site\/wp-json\/wp\/v2\/comments?post=38"}],"version-history":[{"count":6,"href":"http:\/\/www.epilepsiahoy.com\/site\/wp-json\/wp\/v2\/pages\/38\/revisions"}],"predecessor-version":[{"id":1552,"href":"http:\/\/www.epilepsiahoy.com\/site\/wp-json\/wp\/v2\/pages\/38\/revisions\/1552"}],"wp:attachment":[{"href":"http:\/\/www.epilepsiahoy.com\/site\/wp-json\/wp\/v2\/media?parent=38"}],"curies":[{"name":"wp","href":"https:\/\/api.w.org\/{rel}","templated":true}]}}