{"id":4,"date":"2016-01-18T23:13:02","date_gmt":"2016-01-18T23:13:02","guid":{"rendered":"http:\/\/www.epilepsiahoy.com\/site\/?page_id=4"},"modified":"2021-04-13T18:49:20","modified_gmt":"2021-04-13T18:49:20","slug":"quienes-somos","status":"publish","type":"page","link":"http:\/\/www.epilepsiahoy.com\/site\/quienes-somos\/","title":{"rendered":"Qui\u00e9nes somos"},"content":{"rendered":"<p class=\"body\" align=\"left\"><strong>Responsable de la p\u00e1gina:<\/strong><\/p>\n<p class=\"body\" align=\"left\"><strong>Dra. Lilia N\u00fa\u00f1ez Orozco<\/strong><\/p>\n<ul>\n<li class=\"body\">Neur\u00f3loga<\/li>\n<li class=\"body\">Jefe del Servicio de Neurolog\u00eda del CMN 20 de Noviembre, ISSSTE. Cd. de M\u00e9xico desde 1991<\/li>\n<li class=\"body\">Profesora Titular del Posgrado de Neurolog\u00eda, UNAM desde 1991<\/li>\n<li class=\"body\">Presidenta de la Academia Mexicana de Neurolog\u00eda 2000-2002<\/li>\n<li class=\"body\">Presidenta del Consejo Mexicano de Neurolog\u00eda 2004-2006<\/li>\n<li class=\"body\">Coordinadora del Grupo \u00abAceptaci\u00f3n\u00bb de Epilepsia (GADEP) desde 1991<\/li>\n<li class=\"body\">Presidenta del Cap\u00edtulo Mexicano del Bur\u00f3 Internacional para la Epilepsia&nbsp;desde 1993<\/li>\n<li class=\"body\">Presidenta del Comit\u00e9 Latinoamericano del Bur\u00f3 Internacional para la Epilepsia 2005-2013<\/li>\n<li class=\"body\"><span style=\"color: #000000;\">Vicepresidenta por Latinoam\u00e9rica en el Comit\u00e9 Ejecutivo Internacional del Bur\u00f3 Internacional para la Epilepsia 2011-2017<\/span><\/li>\n<\/ul>\n<p>&nbsp;<\/p>\n<p><strong>Trayectoria<\/strong><\/p>\n<p>&nbsp;<\/p>\n<p class=\"p1\"><span class=\"s1\">La Dra. Lilia N\u00fa\u00f1ez Orozco estudi\u00f3 Medicina en la Facultad de Medicina de la Universidad Nacional Aut\u00f3noma de M\u00e9xico (UNAM) y se gradu\u00f3 en 1974. Realiz\u00f3 el Internado Rotatorio de Posgrado y un a\u00f1o de Medicina Interna en el Centro M\u00e9dico Nacional \u201c20 de Noviembre\u201d en 1976-77 y &nbsp;la Residencia de Neurolog\u00eda en el Instituto Nacional de Neurolog\u00eda de la Secretar\u00eda de Salud, de 1977 a&nbsp;1980.<\/span><\/p>\n<p>Se incorpor\u00f3 como neur\u00f3loga adscrita al servicio de Neurolog\u00eda del Centro M\u00e9dico Nacional \u201c20 de Noviembre\u201d en 1980 y se convirti\u00f3 en Jefe del Servicio en 1989.<\/p>\n<p>Es Profesora de Neurolog\u00eda en el Centro M\u00e9dico Nacional \u201c20 de Noviembre\u201d, curso avalado por la Divisi\u00f3n de Estudios Superiores de la Facultad de Medicina de la UNAM desde 1991.&nbsp;La Dra. Nu\u00f1ez fue profesora de neurolog\u00eda en la Universidad Panamericana de 2002 a 2011, &nbsp;profesora de Neurolog\u00eda en la Escuela de Medicina de la Universidad Westhill &nbsp;de 2002 a la fecha y de la Escuela Superior de Medicina del Institutto Polit\u00e9cnico Nacional desde 2016. Ha sido profesora titular en m\u00e1s de 50 cursos de Educaci\u00f3n M\u00e9dica Continua sobre diferentes t\u00f3picos neurol\u00f3gicos y profesora invitada en m\u00e1s de 150 cursos y congresos.<\/p>\n<p>Ha publicado m\u00e1s de 20 cap\u00edtulos sobre diferentes temas neurol\u00f3gicos en libros de Medicina Interna, Farmacolog\u00eda y Neurolog\u00eda y m\u00e1s de 100 art\u00edculos cient\u00edficos. Es coautora del libro <em>Diagramas de Decisi\u00f3n M\u00e9dica<\/em> y editora del libro <em>El manejo integral de los pacientes con esclerosis m\u00faltiple<\/em> (2003) y del libro <em>Epilepsia: una perspectiva cl\u00ednica<\/em> (2008), as\u00ed como del libro <em>La&nbsp;Epilepsia al alcance de todos <\/em>(2014). Editora Fundadora y Editora en Jefe de la <em>Revista Mexicana de Neurociencia<\/em>, \u00f3rgano oficial de la Academia Mexicana de Neurolog\u00eda 1999-2010.<\/p>\n<p>Fue Presidenta de la Academia Mexicana de Neurolog\u00eda en el periodo 2000-2002, Tesorera del Consejo Mexicano de Neurolog\u00eda en el periodo 1998-2004, Presidenta del Consejo Mexicano de Neurolog\u00eda 2004-2006; es miembro activo corresponsal de la American Academy of Neurology desde 1996, Presidenta de la Sociedad M\u00e9dica del CMN 20 de Noviembre 2007-2009, Presidenta del Cap\u00edtulo Mexicano del Bur\u00f3 Internacional para la Epilepsia desde 1991 y del Comit\u00e9 Latinaomericano del Bur\u00f3 Internacional para la Epilepsia 2005-2013.<\/p>\n<p>En julio de 2009 recibi\u00f3 el premio Embajadora de la Epilepsia por parte de la Liga Internacional contra la Epilepsia y el Bur\u00f3 Internacional para la Epilepsia. Es Vicepresidenta por Latinoam\u00e9rica en el Comit\u00e9 Ejecutivo Internacional del Bur\u00f3 Internacional para la Epilepsia 2011-2017. Vicepresidenta de Ciencias neurol\u00f3gicas en la Sociedad Mexicana de Neurolog\u00eda y Psiquiatr\u00eda 2015-2017. &nbsp;Maestr\u00eda en Educaci\u00f3n M\u00e9dica por Competencias, Universidad Westhill, 2015.<\/p>\n<p><span style=\"color: #ffffff;\">.<\/span><\/p>\n<p style=\"text-align: center;\"><img loading=\"lazy\" class=\"aligncenter wp-image-88 size-medium\" src=\"http:\/\/www.epilepsiahoy.com\/site\/wp-content\/uploads\/2016\/01\/Dra_Nunez_s1-300x237.jpg\" alt=\"Dra_Nunez_s1\" width=\"300\" height=\"237\" srcset=\"http:\/\/www.epilepsiahoy.com\/site\/wp-content\/uploads\/2016\/01\/Dra_Nunez_s1-300x237.jpg 300w, http:\/\/www.epilepsiahoy.com\/site\/wp-content\/uploads\/2016\/01\/Dra_Nunez_s1.jpg 503w\" sizes=\"(max-width: 300px) 100vw, 300px\" \/><\/p>\n","protected":false},"excerpt":{"rendered":"<p>Responsable de la p\u00e1gina: Dra. Lilia N\u00fa\u00f1ez Orozco Neur\u00f3loga Jefe del Servicio de Neurolog\u00eda del CMN 20 de Noviembre, ISSSTE. Cd. de M\u00e9xico desde 1991 Profesora Titular del Posgrado de Neurolog\u00eda, UNAM desde 1991 Presidenta de la Academia Mexicana de Neurolog\u00eda 2000-2002 Presidenta del Consejo Mexicano de Neurolog\u00eda 2004-2006 Coordinadora del Grupo \u00abAceptaci\u00f3n\u00bb de Epilepsia &hellip;<\/p>\n<p class=\"read-more\"> <a class=\"\" href=\"http:\/\/www.epilepsiahoy.com\/site\/quienes-somos\/\"> <span class=\"screen-reader-text\">Qui\u00e9nes somos<\/span> Leer m\u00e1s &raquo;<\/a><\/p>\n","protected":false},"author":1,"featured_media":0,"parent":0,"menu_order":0,"comment_status":"closed","ping_status":"closed","template":"","meta":[],"_links":{"self":[{"href":"http:\/\/www.epilepsiahoy.com\/site\/wp-json\/wp\/v2\/pages\/4"}],"collection":[{"href":"http:\/\/www.epilepsiahoy.com\/site\/wp-json\/wp\/v2\/pages"}],"about":[{"href":"http:\/\/www.epilepsiahoy.com\/site\/wp-json\/wp\/v2\/types\/page"}],"author":[{"embeddable":true,"href":"http:\/\/www.epilepsiahoy.com\/site\/wp-json\/wp\/v2\/users\/1"}],"replies":[{"embeddable":true,"href":"http:\/\/www.epilepsiahoy.com\/site\/wp-json\/wp\/v2\/comments?post=4"}],"version-history":[{"count":10,"href":"http:\/\/www.epilepsiahoy.com\/site\/wp-json\/wp\/v2\/pages\/4\/revisions"}],"predecessor-version":[{"id":784,"href":"http:\/\/www.epilepsiahoy.com\/site\/wp-json\/wp\/v2\/pages\/4\/revisions\/784"}],"wp:attachment":[{"href":"http:\/\/www.epilepsiahoy.com\/site\/wp-json\/wp\/v2\/media?parent=4"}],"curies":[{"name":"wp","href":"https:\/\/api.w.org\/{rel}","templated":true}]}}