{"id":440,"date":"2016-04-11T16:09:07","date_gmt":"2016-04-11T16:09:07","guid":{"rendered":"http:\/\/www.epilepsiahoy.com\/site\/?page_id=440"},"modified":"2021-04-13T18:48:58","modified_gmt":"2021-04-13T18:48:58","slug":"congresos-latinoamericanos-del-ibe","status":"publish","type":"page","link":"http:\/\/www.epilepsiahoy.com\/site\/congresos-latinoamericanos-del-ibe\/","title":{"rendered":"Congresos Latinoamericanos del IBE"},"content":{"rendered":"<p>Estos congresos internacionales, denominados regionales, empezaron a realizarse a partir de 2002, con la Liga Internacional contra la Epilepsia y el Bur\u00f3 Internacional para la Epilepsia como asociaciones organizadoras.<\/p>\n<p>&nbsp;<\/p>\n<p>La Liga Internacional contra la Epilepsia (ILAE, <em>International League Against Epilepsy<\/em>) fue fundada en 1909 en Budapest, donde 100 a\u00f1os despu\u00e9s se festej\u00f3 el aniversario en la misma ciudad. Esta organizaci\u00f3n agrupa asociaciones de m\u00e9dicos interesados en la epilepsia y se enfoca a los aspectos cient\u00edficos, m\u00e9dicos y de investigaci\u00f3n acerca del problema. En M\u00e9xico existe el Cap\u00edtulo Mexicano de la Liga Internacional contra la Epilepsia, denominado CAMELICE, que realiza un congreso anual dirigido a profesionales de la Salud.<\/p>\n<p>&nbsp;<\/p>\n<p>El Bur\u00f3 Internacional para la Epilepsia (IBE, <em>International Bureau for Epilepsy) <\/em>se fund\u00f3 en 1961 en Roma, donde se celebro el 50\u00ba Aniversario en 2011. Esta organizaci\u00f3n agrupa asociaciones de personas que padecen epilepsia, sus familiares y profesionales que les apoyan, enfoc\u00e1ndose a la atenci\u00f3n de los problemas psicol\u00f3gicos y sociales consecuencia de la epilepsia. En M\u00e9xico existe el Cap\u00edtulo Mexicano del IBE, que es el Grupo \u201cAceptaci\u00f3n\u201d de Epilepsia.<\/p>\n<p>&nbsp;<\/p>\n<p>Ambos organizaciones internacionales han tenido un gran crecimiento, por lo que se han dividido en regiones para una mejor organizaci\u00f3n: Europa, Mediterr\u00e1neo Este, Africa, Norteam\u00e9rica, y Latinoam\u00e9rica, que fue la \u00faltima en constituirse.<\/p>\n<p>&nbsp;<\/p>\n<p>La Comisi\u00f3n Latinoamericana de la ILAE agrupa a los cap\u00edtulos de la ILAE y el Comit\u00e9 Latinoamericano del IBE a los cap\u00edtulos del IBE, siendo GADEP el cap\u00edtulo de M\u00e9xico.<\/p>\n<p>La ILAE y el IBE organizan en los a\u00f1os nones un Congreso Internacional de Epilepsia y cada regi\u00f3n organiza su Congreso Regional en los a\u00f1os pares.<\/p>\n<p>&nbsp;<\/p>\n<p>Los congresos latinoamericanos son:<\/p>\n<p>&nbsp;<\/p>\n<p>I \u00a0 \u00a0 \u00a0 \u00a0 \u00a02000\u00a0\u00a0 Santiago de Chile<\/p>\n<p>II\u00a0\u00a0\u00a0\u00a0\u00a0\u00a0\u00a0\u00a0 2002\u00a0\u00a0 Iguaz\u00fa, Brasil<\/p>\n<p>III\u00a0\u00a0\u00a0\u00a0\u00a0\u00a0\u00a0 2004\u00a0\u00a0 Cd. De M\u00e9xico<\/p>\n<p>IV \u00a0 \u00a0 \u00a0 \u00a02006\u00a0\u00a0 Cd. De Guatemala<\/p>\n<p>V \u00a0 \u00a0 \u00a0 \u00a0 2008\u00a0\u00a0 Montevideo, Uruguay<\/p>\n<p>VI\u00a0\u00a0\u00a0\u00a0\u00a0\u00a0\u00a0 2010\u00a0\u00a0 Cartagena, Colombia<\/p>\n<p>VII\u00a0\u00a0\u00a0\u00a0\u00a0\u00a0 2012\u00a0\u00a0 Quito, Ecuador<\/p>\n<p>VIII\u00a0\u00a0\u00a0\u00a0\u00a0 2014\u00a0\u00a0 Buenos Aires, Argentina<\/p>\n<p>IX \u00a0\u00a0\u00a0\u00a0\u00a0\u00a0 <a href=\"http:\/\/www.epilepsiahoy.com\/site\/congreso-cancun-2016\/\">2016\u00a0\u00a0 Canc\u00fan, M\u00e9xico<\/a><\/p>\n<p>&nbsp;<\/p>\n<p>En esta secci\u00f3n encontrar\u00e1n tambi\u00e9n las memorias de varios de ellos haciendo click en los carteles que los identifican.<\/p>\n<p>Esperemos sigan al pendiente de este sitio para saber las fechas de nuestro siguiente congreso para 2017 y se registren para asistir. Este a\u00f1o 2016 haremos la Jornada del IBE durante el IX Congreso Latinoamericano de Epilepsia, cuyo programa encontrar\u00e1n en esta secci\u00f3n y esperamos se registren con anticipaci\u00f3n y asistan sin costo.<\/p>\n","protected":false},"excerpt":{"rendered":"<p>Estos congresos internacionales, denominados regionales, empezaron a realizarse a partir de 2002, con la Liga Internacional contra la Epilepsia y el Bur\u00f3 Internacional para la Epilepsia como asociaciones organizadoras. &nbsp; La Liga Internacional contra la Epilepsia (ILAE, International League Against Epilepsy) fue fundada en 1909 en Budapest, donde 100 a\u00f1os despu\u00e9s se festej\u00f3 el aniversario &hellip;<\/p>\n<p class=\"read-more\"> <a class=\"\" href=\"http:\/\/www.epilepsiahoy.com\/site\/congresos-latinoamericanos-del-ibe\/\"> <span class=\"screen-reader-text\">Congresos Latinoamericanos del IBE<\/span> Leer m\u00e1s &raquo;<\/a><\/p>\n","protected":false},"author":2,"featured_media":0,"parent":0,"menu_order":0,"comment_status":"closed","ping_status":"closed","template":"","meta":[],"_links":{"self":[{"href":"http:\/\/www.epilepsiahoy.com\/site\/wp-json\/wp\/v2\/pages\/440"}],"collection":[{"href":"http:\/\/www.epilepsiahoy.com\/site\/wp-json\/wp\/v2\/pages"}],"about":[{"href":"http:\/\/www.epilepsiahoy.com\/site\/wp-json\/wp\/v2\/types\/page"}],"author":[{"embeddable":true,"href":"http:\/\/www.epilepsiahoy.com\/site\/wp-json\/wp\/v2\/users\/2"}],"replies":[{"embeddable":true,"href":"http:\/\/www.epilepsiahoy.com\/site\/wp-json\/wp\/v2\/comments?post=440"}],"version-history":[{"count":6,"href":"http:\/\/www.epilepsiahoy.com\/site\/wp-json\/wp\/v2\/pages\/440\/revisions"}],"predecessor-version":[{"id":589,"href":"http:\/\/www.epilepsiahoy.com\/site\/wp-json\/wp\/v2\/pages\/440\/revisions\/589"}],"wp:attachment":[{"href":"http:\/\/www.epilepsiahoy.com\/site\/wp-json\/wp\/v2\/media?parent=440"}],"curies":[{"name":"wp","href":"https:\/\/api.w.org\/{rel}","templated":true}]}}