{"id":607,"date":"2016-12-23T23:34:57","date_gmt":"2016-12-23T23:34:57","guid":{"rendered":"http:\/\/www.epilepsiahoy.com\/site\/?page_id=607"},"modified":"2021-04-13T18:48:58","modified_gmt":"2021-04-13T18:48:58","slug":"dia-internacional-de-la-epilepsia-2019","status":"publish","type":"page","link":"http:\/\/www.epilepsiahoy.com\/site\/dia-internacional-de-la-epilepsia-2019\/","title":{"rendered":"D\u00eda Internacional de la epilepsia 2019"},"content":{"rendered":"<h4 style=\"text-align: center;\"><img loading=\"lazy\" class=\"aligncenter wp-image-79\" src=\"http:\/\/www.epilepsiahoy.com\/site\/wp-content\/uploads\/2016\/01\/kt_slide_02-1024x394.jpg\" alt=\"kt_slide_02\" width=\"590\" height=\"227\" srcset=\"http:\/\/www.epilepsiahoy.com\/site\/wp-content\/uploads\/2016\/01\/kt_slide_02-1024x394.jpg 1024w, http:\/\/www.epilepsiahoy.com\/site\/wp-content\/uploads\/2016\/01\/kt_slide_02-300x115.jpg 300w, http:\/\/www.epilepsiahoy.com\/site\/wp-content\/uploads\/2016\/01\/kt_slide_02-768x295.jpg 768w, http:\/\/www.epilepsiahoy.com\/site\/wp-content\/uploads\/2016\/01\/kt_slide_02.jpg 1170w\" sizes=\"(max-width: 590px) 100vw, 590px\" \/><\/h4>\n<p style=\"text-align: center;\"><strong>S\u00e1bado 2 y Domingo 3 de Febrero de 2019<\/strong><br \/>\n<strong>9-14 hs <\/strong><br \/>\n<strong>Auditorio del Hospital 20 de Noviembre <\/strong><br \/>\n<strong>F\u00e9lix Cuevas esq. Av. Coyoac\u00e1n Col. Del Valle, CDMX <\/strong><br \/>\n<strong>Epilepsia en la vida diaria.<\/strong><br \/>\n<strong>Coord. Dra. Lilia N\u00fa\u00f1ez<\/strong><\/p>\n<p style=\"text-align: left;\">Febrero 2<br \/>\nD\u00eda Internacional de la epilepsia.<br \/>\nCongreso Epilepsia y Educaci\u00f3n.<br \/>\nCoord. Dra. Lilia N\u00fa\u00f1ez<\/p>\n<ul>\n<li style=\"text-align: left;\">8:30 Registro y refrigerio<\/li>\n<li style=\"text-align: left;\">9:00 Introducci\u00f3n Dra. Lilia N\u00fa\u00f1ez Orozco<\/li>\n<li style=\"text-align: left;\">9:30 El derecho a la Educaci\u00f3n Dr. Angel Zaraz\u00faa Mart\u00ednez<\/li>\n<li style=\"text-align: left;\">10:00 La estructura del Sistema Educativo Nacional Profa. Isabel Mart\u00ednez Araiza.<\/li>\n<li style=\"text-align: left;\">10:30 Problemas de aprendizaje en epilepsia Npsic. Alicia G\u00f3mez Morales<\/li>\n<li style=\"text-align: left;\">11:00 Preguntas y respuestas<\/li>\n<li style=\"text-align: left;\">11:30 Aceptaci\u00f3n vs. rechazo en la escuela a ni\u00f1os y j\u00f3venes con epilepsia Lic. Enzo Hern\u00e1ndez<\/li>\n<li style=\"text-align: left;\">12:00 Educaci\u00f3n especial Mtra. Adalgisa Luna<\/li>\n<li style=\"text-align: left;\">12:30 Escuela incluyente Lic. Delfina Alv\u00edzar Salgado<\/li>\n<li style=\"text-align: left;\">13:00 Capacitaci\u00f3n a los docentes Mtra. Luz Elena Reyes<\/li>\n<li style=\"text-align: left;\">13:30 Preguntas y respuestas<\/li>\n<\/ul>\n<p>&nbsp;<\/p>\n<p>Febrero 3.<br \/>\nCongreso<\/p>\n<ul>\n<li>8:30 Registro y refrigerio<\/li>\n<li>9:00 La ense\u00f1anza de la epilepsia en la licenciatura de Medicina Dra. Lilia N\u00fa\u00f1ez Orozco<\/li>\n<li>9:30 Capacitaci\u00f3n a los m\u00e9dicos de primer contacto Dr. Juan Carlos Res\u00e9ndiz Aparicio<\/li>\n<li>10:00 La epilepsia en el posgrado de Medicina Dra. Iris Mart\u00ednez Ju\u00e1rez<\/li>\n<li>10:30 La educaci\u00f3n m\u00e9dica continua en epilepsia Dr. Roberto Su\u00e1stegui Rom\u00e1n<\/li>\n<li>11:00 Preguntas y respuestas<\/li>\n<li>11:30 Educaci\u00f3n al paciente Dra. Gloria Llamosa Garc\u00eda<\/li>\n<li>12:00 Educaci\u00f3n a la familia y cuidadores Psic. F. Javier Alonso<\/li>\n<li>12:30 Educaci\u00f3n a la comunidad Lic. Arminda Cardona<\/li>\n<li>13:00 El compromiso social para atender a las personas con epilepsia Dr. Alejandro Aguilar Ju\u00e1rez<\/li>\n<li>13:30 Preguntas y respuestas<\/li>\n<\/ul>\n<p class=\"p1\" style=\"text-align: center;\"><strong><span class=\"s1\"><a href=\"http:\/\/epilepsiahoy.com\/DiaMundialEpilepsia\/2019\/titular.pdf\" target=\"_blank\" rel=\"noopener\">Notas alusivas al evento<\/a><\/span><\/strong><\/p>\n","protected":false},"excerpt":{"rendered":"<p>S\u00e1bado 2 y Domingo 3 de Febrero de 2019 9-14 hs Auditorio del Hospital 20 de Noviembre F\u00e9lix Cuevas esq. Av. Coyoac\u00e1n Col. Del Valle, CDMX Epilepsia en la vida diaria. Coord. Dra. Lilia N\u00fa\u00f1ez Febrero 2 D\u00eda Internacional de la epilepsia. Congreso Epilepsia y Educaci\u00f3n. Coord. Dra. Lilia N\u00fa\u00f1ez 8:30 Registro y refrigerio 9:00 &hellip;<\/p>\n<p class=\"read-more\"> <a class=\"\" href=\"http:\/\/www.epilepsiahoy.com\/site\/dia-internacional-de-la-epilepsia-2019\/\"> <span class=\"screen-reader-text\">D\u00eda Internacional de la epilepsia 2019<\/span> Leer m\u00e1s &raquo;<\/a><\/p>\n","protected":false},"author":2,"featured_media":0,"parent":0,"menu_order":0,"comment_status":"closed","ping_status":"closed","template":"","meta":[],"_links":{"self":[{"href":"http:\/\/www.epilepsiahoy.com\/site\/wp-json\/wp\/v2\/pages\/607"}],"collection":[{"href":"http:\/\/www.epilepsiahoy.com\/site\/wp-json\/wp\/v2\/pages"}],"about":[{"href":"http:\/\/www.epilepsiahoy.com\/site\/wp-json\/wp\/v2\/types\/page"}],"author":[{"embeddable":true,"href":"http:\/\/www.epilepsiahoy.com\/site\/wp-json\/wp\/v2\/users\/2"}],"replies":[{"embeddable":true,"href":"http:\/\/www.epilepsiahoy.com\/site\/wp-json\/wp\/v2\/comments?post=607"}],"version-history":[{"count":20,"href":"http:\/\/www.epilepsiahoy.com\/site\/wp-json\/wp\/v2\/pages\/607\/revisions"}],"predecessor-version":[{"id":787,"href":"http:\/\/www.epilepsiahoy.com\/site\/wp-json\/wp\/v2\/pages\/607\/revisions\/787"}],"wp:attachment":[{"href":"http:\/\/www.epilepsiahoy.com\/site\/wp-json\/wp\/v2\/media?parent=607"}],"curies":[{"name":"wp","href":"https:\/\/api.w.org\/{rel}","templated":true}]}}