{"id":623,"date":"2017-03-15T00:24:34","date_gmt":"2017-03-15T00:24:34","guid":{"rendered":"http:\/\/www.epilepsiahoy.com\/site\/?page_id=623"},"modified":"2021-04-13T18:48:28","modified_gmt":"2021-04-13T18:48:28","slug":"bolsa-de-trabajo-2","status":"publish","type":"page","link":"http:\/\/www.epilepsiahoy.com\/site\/bolsa-de-trabajo-2\/","title":{"rendered":"Bolsa de Trabajo"},"content":{"rendered":"<p class=\"p1\"><span class=\"s1\">Obtenci\u00f3n de trabajo.\u00a0<\/span><\/p>\n<p class=\"p1\"><span class=\"s1\">Conseguir un empleo se ha vuelto cada vez m\u00e1s dif\u00edcil en todos los \u00e1mbitos y especialmente si se tiene una enfermedad como la epilepsia.\u00a0<\/span><\/p>\n<p class=\"p1\"><span class=\"s1\">Nuestro encargado del Enlace para el Trabajo, el Lic. Carlos Carrera, \u00a0acudi\u00f3 a la Fundaci\u00f3n Manpower, organizaci\u00f3n que le proporcion\u00f3 la informaci\u00f3n de varias vacantes que pueden ser ocupadas por personas con epilepsia. Para ello, es necesario que revisen la informaci\u00f3n que describe las caracter\u00edsticas de las vacantes y\u00a0<\/span><span class=\"s2\">si cumplen con el perfil solicitado, se comuniquen con la Lic. Martha Carreras, al tel\u00e9fono 17-19-40-00 ext. 36153 y 36229.<\/span><\/p>\n<p class=\"p3\"><span class=\"s1\">Al comunicarse, les pedimos que hagan menci\u00f3n de su pertenencia al \u00a0GRUPO GADEP y decir a la Lic. Carreras cu\u00e1l es la vacante en la que est\u00e1n interesados, quien les dar\u00e1 la indicaci\u00f3n para asistir a una entrevista de trabajo.<\/span><\/p>\n<p class=\"p3\"><span class=\"s1\">Agradeceremos que nos informen en la p\u00e1gina si obtienen la vacante.\u00a0<\/span><\/p>\n<p class=\"p3\"><span style=\"color: #ffffff;\">.<\/span><\/p>\n<p class=\"p3\" style=\"text-align: center;\"><span class=\"s1\">DRA. LILIA N\u00da\u00d1EZ OROZCO<br \/>\n<\/span><span class=\"s1\">PRESIDENTA DE GADEP<\/span><\/p>\n<p class=\"p3\" style=\"text-align: center;\"><span style=\"color: #ffffff;\">.<\/span><\/p>\n<p style=\"text-align: center;\">Dar clic para ver\u00a0<a href=\"http:\/\/www.epilepsiahoy.com\/Bolsa_trabajo\/Vacantes_MANPOWER_abril_2017.pdf\" target=\"_blank\" rel=\"noopener\">Vacantes<\/a><\/p>\n","protected":false},"excerpt":{"rendered":"<p>Obtenci\u00f3n de trabajo.\u00a0 Conseguir un empleo se ha vuelto cada vez m\u00e1s dif\u00edcil en todos los \u00e1mbitos y especialmente si se tiene una enfermedad como la epilepsia.\u00a0 Nuestro encargado del Enlace para el Trabajo, el Lic. Carlos Carrera, \u00a0acudi\u00f3 a la Fundaci\u00f3n Manpower, organizaci\u00f3n que le proporcion\u00f3 la informaci\u00f3n de varias vacantes que pueden ser &hellip;<\/p>\n<p class=\"read-more\"> <a class=\"\" href=\"http:\/\/www.epilepsiahoy.com\/site\/bolsa-de-trabajo-2\/\"> <span class=\"screen-reader-text\">Bolsa de Trabajo<\/span> Leer m\u00e1s &raquo;<\/a><\/p>\n","protected":false},"author":2,"featured_media":0,"parent":0,"menu_order":0,"comment_status":"closed","ping_status":"closed","template":"","meta":[],"_links":{"self":[{"href":"http:\/\/www.epilepsiahoy.com\/site\/wp-json\/wp\/v2\/pages\/623"}],"collection":[{"href":"http:\/\/www.epilepsiahoy.com\/site\/wp-json\/wp\/v2\/pages"}],"about":[{"href":"http:\/\/www.epilepsiahoy.com\/site\/wp-json\/wp\/v2\/types\/page"}],"author":[{"embeddable":true,"href":"http:\/\/www.epilepsiahoy.com\/site\/wp-json\/wp\/v2\/users\/2"}],"replies":[{"embeddable":true,"href":"http:\/\/www.epilepsiahoy.com\/site\/wp-json\/wp\/v2\/comments?post=623"}],"version-history":[{"count":6,"href":"http:\/\/www.epilepsiahoy.com\/site\/wp-json\/wp\/v2\/pages\/623\/revisions"}],"predecessor-version":[{"id":769,"href":"http:\/\/www.epilepsiahoy.com\/site\/wp-json\/wp\/v2\/pages\/623\/revisions\/769"}],"wp:attachment":[{"href":"http:\/\/www.epilepsiahoy.com\/site\/wp-json\/wp\/v2\/media?parent=623"}],"curies":[{"name":"wp","href":"https:\/\/api.w.org\/{rel}","templated":true}]}}