{"id":746,"date":"2020-01-08T17:37:11","date_gmt":"2020-01-08T17:37:11","guid":{"rendered":"http:\/\/www.epilepsiahoy.com\/site\/?page_id=746"},"modified":"2021-04-13T18:48:58","modified_gmt":"2021-04-13T18:48:58","slug":"dia-internacional-de-la-epilepsia-2020","status":"publish","type":"page","link":"http:\/\/www.epilepsiahoy.com\/site\/dia-internacional-de-la-epilepsia-2020\/","title":{"rendered":"D\u00eda Internacional de la epilepsia 2020"},"content":{"rendered":"<p><img src=\"http:\/\/www.epilepsiahoy.com\/site\/wp-content\/uploads\/2016\/01\/kt_slide_02-1024x394.jpg\" alt=\"kt_slide_02\" \/><\/p>\n<p>&nbsp;<\/p>\n<p class=\"p1\" style=\"text-align: center;\"><strong>Febrero 1 D\u00eda Internacional de la epilepsia.<\/strong><\/p>\n<p class=\"p1\" style=\"text-align: center;\"><strong>Simposio Complicaciones m\u00e9dicas de la epilepsia.<\/strong><\/p>\n<p class=\"p2\" style=\"text-align: center;\"><strong>Coord. Dra. Lilia N\u00fa\u00f1ez<\/strong><\/p>\n<p class=\"p2\">8:30 Registro y refrigerio<\/p>\n<p class=\"p2\">9:00 Introducci\u00f3n Dra. Lilia N\u00fa\u00f1ez Orozco<\/p>\n<p class=\"p2\">9:30 Embarazo y lactancia Dra. Gloria Llamosa<\/p>\n<p class=\"p2\">10:00 Estado epil\u00e9ptico Dr. Noel I. Plascencia \u00c1lvarez<\/p>\n<p class=\"p2\">10:30 Deterioro cognitivo Mtra. Alicia G\u00f2mez Morales<\/p>\n<p class=\"p2\">11:00 Preguntas y respuestas<\/p>\n<p class=\"p2\">11:30 Riesgos y accidentes Dr. Mario Rojas N\u00fa\u00f1ez<\/p>\n<p class=\"p2\">12:00 Alteraciones emocionales Dr. Hugo Mart\u00ednez Lemus<\/p>\n<p class=\"p2\">12:30 Psicosis Dr. Ricardo Ortega<\/p>\n<p class=\"p2\">13:00 Otras enfermedades asociadas a la epilepsia<\/p>\n<p class=\"p2\">Dr. Alejandro Aguilar Ju\u00e1rez<\/p>\n<p class=\"p2\">13:30 Preguntas y respuestas<\/p>\n<p class=\"p2\">14:30 Clausura<\/p>\n","protected":false},"excerpt":{"rendered":"<p>&nbsp; Febrero 1 D\u00eda Internacional de la epilepsia. Simposio Complicaciones m\u00e9dicas de la epilepsia. Coord. Dra. Lilia N\u00fa\u00f1ez 8:30 Registro y refrigerio 9:00 Introducci\u00f3n Dra. Lilia N\u00fa\u00f1ez Orozco 9:30 Embarazo y lactancia Dra. Gloria Llamosa 10:00 Estado epil\u00e9ptico Dr. Noel I. Plascencia \u00c1lvarez 10:30 Deterioro cognitivo Mtra. Alicia G\u00f2mez Morales 11:00 Preguntas y respuestas 11:30 &hellip;<\/p>\n<p class=\"read-more\"> <a class=\"\" href=\"http:\/\/www.epilepsiahoy.com\/site\/dia-internacional-de-la-epilepsia-2020\/\"> <span class=\"screen-reader-text\">D\u00eda Internacional de la epilepsia 2020<\/span> Leer m\u00e1s &raquo;<\/a><\/p>\n","protected":false},"author":2,"featured_media":0,"parent":0,"menu_order":0,"comment_status":"closed","ping_status":"closed","template":"","meta":[],"_links":{"self":[{"href":"http:\/\/www.epilepsiahoy.com\/site\/wp-json\/wp\/v2\/pages\/746"}],"collection":[{"href":"http:\/\/www.epilepsiahoy.com\/site\/wp-json\/wp\/v2\/pages"}],"about":[{"href":"http:\/\/www.epilepsiahoy.com\/site\/wp-json\/wp\/v2\/types\/page"}],"author":[{"embeddable":true,"href":"http:\/\/www.epilepsiahoy.com\/site\/wp-json\/wp\/v2\/users\/2"}],"replies":[{"embeddable":true,"href":"http:\/\/www.epilepsiahoy.com\/site\/wp-json\/wp\/v2\/comments?post=746"}],"version-history":[{"count":2,"href":"http:\/\/www.epilepsiahoy.com\/site\/wp-json\/wp\/v2\/pages\/746\/revisions"}],"predecessor-version":[{"id":749,"href":"http:\/\/www.epilepsiahoy.com\/site\/wp-json\/wp\/v2\/pages\/746\/revisions\/749"}],"wp:attachment":[{"href":"http:\/\/www.epilepsiahoy.com\/site\/wp-json\/wp\/v2\/media?parent=746"}],"curies":[{"name":"wp","href":"https:\/\/api.w.org\/{rel}","templated":true}]}}